{"id":6807,"date":"2022-07-28T10:42:38","date_gmt":"2022-07-28T10:42:38","guid":{"rendered":"https:\/\/www.loka.si\/pesca-e-caccia\/"},"modified":"2022-09-12T12:33:06","modified_gmt":"2022-09-12T12:33:06","slug":"pesca-e-caccia","status":"publish","type":"page","link":"https:\/\/www.loka.si\/it\/pesca-e-caccia\/","title":{"rendered":"Pesca e caccia"},"content":{"rendered":"\n<div class=\"wp-block-group zanimivosti-page is-layout-flow\" style=\"padding-top:0px;padding-right:0px;padding-bottom:0px;padding-left:0px\">\n<div class=\"wp-block-group container page-media-cards has-primary-color has-text-color is-layout-flow wp-container-7\">\n<div class=\"wp-block-columns are-vertically-aligned-center is-layout-flex wp-container-3\" style=\"padding-top:0px;padding-right:0px;padding-bottom:0px;padding-left:0px\">\n<div class=\"wp-block-column is-vertically-aligned-center text-end is-layout-flow\" style=\"padding-top:0px;padding-right:0px;padding-bottom:0px;padding-left:0px;flex-basis:50%\">\n<figure class=\"wp-block-image size-full\"><img decoding=\"async\" loading=\"lazy\" width=\"600\" height=\"400\" src=\"https:\/\/www.loka.si\/wp-content\/uploads\/2022\/08\/ribarjenje-v-reki-600x400-WEBP.webp\" alt=\"\" class=\"wp-image-4957\" srcset=\"https:\/\/www.loka.si\/wp-content\/uploads\/2022\/08\/ribarjenje-v-reki-600x400-WEBP.webp 600w, https:\/\/www.loka.si\/wp-content\/uploads\/2022\/08\/ribarjenje-v-reki-600x400-WEBP-300x200.webp 300w\" sizes=\"(max-width: 600px) 100vw, 600px\" \/><\/figure>\n<\/div>\n\n\n\n<div class=\"wp-block-column is-vertically-aligned-center is-layout-flow\" style=\"padding-right:80px;padding-left:45px;flex-basis:50%\">\n<h3 class=\"wp-block-heading\">Pesca e caccia<\/h3>\n\n\n\n<p style=\"line-height:1.4\">Nell&#8217;area di \u0160kofja Loka ci sono molte opportunit\u00e0 di caccia e di <a href=\"https:\/\/www.visitskofjaloka.si\/it\/1134\" target=\"_blank\" rel=\"noreferrer noopener\"><strong>pesca<\/strong><\/a>.<\/p>\n\n\n\n<p style=\"line-height:1.4\">I fiumi Poljanska Sora e Sel\u0161ka Sora con i loro affluenti invitano i visitatori ad ammirare la natura. La zona offre anche agli amanti dell&#8217;acqua Lungo i due fiumi c&#8217;\u00e8 anche la possibilit\u00e0 di pescare. <\/p>\n\n\n\n<p style=\"line-height:1.4\">Nei villaggi vicini ai fiumi Poljanska Sora e Sel\u0161ka Sora operano quattro club di pesca. Entrambi i fiumi sono adatti alla pesca. Pu\u00f2 catturare trote fario, trote iridee, temoli, cavedani, barbi e salmerini.  <\/p>\n<\/div>\n<\/div>\n\n\n\n<div class=\"wp-block-columns is-layout-flex wp-container-6\" style=\"padding-top:0px;padding-right:0px;padding-bottom:0px;padding-left:0px\">\n<div class=\"wp-block-column is-vertically-aligned-center text-end is-layout-flow\" style=\"padding-top:0px;padding-right:0px;padding-bottom:0px;padding-left:80px;flex-basis:50%\">\n<pre class=\"wp-block-preformatted text-start\" style=\"line-height:1.4\">\u0160kofja Loka e i suoi dintorni: \nLa pesca \u00e8 possibile dalla localit\u00e0 Log nella valle Poljanska e dalla localit\u00e0 Soteska nella valle Sel\u0161ka fino alla confluenza dei due fiumi Sora. I biglietti sono emessi dalla famiglia di pescatori di \u0160kofja Loka.  \n\nValle di Sel\u0161ka: \nLa pesca \u00e8 possibile dal villaggio di Soteska, guidata dalla famiglia di pescatori \u017delezniki.\n\nValle Poljanska: \nLa famiglia di pescatori Visoko offre la possibilit\u00e0 di pescare nel fiume Poljanska Sora da Log a Hotavlje.\nLa famiglia di pescatori \u017diri offre la pesca nelle acque di caccia da Hotavlje a \u017diri.\n<\/pre>\n<\/div>\n\n\n\n<div class=\"wp-block-column is-layout-flow\" style=\"padding-top:0px;padding-right:0px;padding-bottom:0px;padding-left:0px;flex-basis:50%\">\n<figure class=\"wp-block-image size-full\"><img decoding=\"async\" src=\"https:\/\/www.loka.si\/wp-content\/uploads\/2022\/08\/divji-petelin-lov.jpg\" alt=\"\" class=\"wp-image-4262\"\/><\/figure>\n<\/div>\n<\/div>\n<\/div>\n<\/div>\n","protected":false},"excerpt":{"rendered":"<p>Pesca e caccia Nell&#8217;area di \u0160kofja Loka ci sono molte opportunit\u00e0 di caccia e di pesca. I fiumi Poljanska Sora [&hellip;]<\/p>\n","protected":false},"author":1,"featured_media":0,"parent":0,"menu_order":0,"comment_status":"closed","ping_status":"closed","template":"page-zanimivosti","meta":{"_eb_attr":""},"yoast_head":"<!-- This site is optimized with the Yoast SEO plugin v20.8 - https:\/\/yoast.com\/wordpress\/plugins\/seo\/ -->\n<title>Pesca e caccia - Turizem Loka<\/title>\n<meta name=\"robots\" content=\"index, follow, max-snippet:-1, max-image-preview:large, max-video-preview:-1\" \/>\n<link rel=\"canonical\" href=\"https:\/\/www.loka.si\/it\/pesca-e-caccia\/\" \/>\n<meta property=\"og:locale\" content=\"it_IT\" \/>\n<meta property=\"og:type\" content=\"article\" \/>\n<meta property=\"og:title\" content=\"Pesca e caccia - Turizem Loka\" \/>\n<meta property=\"og:description\" content=\"Pesca e caccia Nell&#8217;area di \u0160kofja Loka ci sono molte opportunit\u00e0 di caccia e di pesca. I fiumi Poljanska Sora [&hellip;]\" \/>\n<meta property=\"og:url\" content=\"https:\/\/www.loka.si\/it\/pesca-e-caccia\/\" \/>\n<meta property=\"og:site_name\" content=\"Turizem Loka\" \/>\n<meta property=\"article:publisher\" content=\"https:\/\/www.facebook.com\/turizemloka\/\" \/>\n<meta property=\"article:modified_time\" content=\"2022-09-12T12:33:06+00:00\" \/>\n<meta property=\"og:image\" content=\"https:\/\/www.loka.si\/wp-content\/uploads\/2022\/08\/ribarjenje-v-reki-600x400-WEBP.webp\" \/>\n<meta name=\"twitter:card\" content=\"summary_large_image\" \/>\n<meta name=\"twitter:label1\" content=\"Tempo di lettura stimato\" \/>\n\t<meta name=\"twitter:data1\" content=\"1 minuto\" \/>\n<script type=\"application\/ld+json\" class=\"yoast-schema-graph\">{\"@context\":\"https:\/\/schema.org\",\"@graph\":[{\"@type\":\"WebPage\",\"@id\":\"https:\/\/www.loka.si\/it\/pesca-e-caccia\/\",\"url\":\"https:\/\/www.loka.si\/it\/pesca-e-caccia\/\",\"name\":\"Pesca e caccia - Turizem Loka\",\"isPartOf\":{\"@id\":\"https:\/\/www.loka.si\/it\/#website\"},\"datePublished\":\"2022-07-28T10:42:38+00:00\",\"dateModified\":\"2022-09-12T12:33:06+00:00\",\"breadcrumb\":{\"@id\":\"https:\/\/www.loka.si\/it\/pesca-e-caccia\/#breadcrumb\"},\"inLanguage\":\"it-IT\",\"potentialAction\":[{\"@type\":\"ReadAction\",\"target\":[\"https:\/\/www.loka.si\/it\/pesca-e-caccia\/\"]}]},{\"@type\":\"BreadcrumbList\",\"@id\":\"https:\/\/www.loka.si\/it\/pesca-e-caccia\/#breadcrumb\",\"itemListElement\":[{\"@type\":\"ListItem\",\"position\":1,\"name\":\"Home\",\"item\":\"https:\/\/www.loka.si\/it\/\"},{\"@type\":\"ListItem\",\"position\":2,\"name\":\"Pesca e caccia\"}]},{\"@type\":\"WebSite\",\"@id\":\"https:\/\/www.loka.si\/it\/#website\",\"url\":\"https:\/\/www.loka.si\/it\/\",\"name\":\"Turizem Loka\",\"description\":\"\",\"publisher\":{\"@id\":\"https:\/\/www.loka.si\/it\/#organization\"},\"potentialAction\":[{\"@type\":\"SearchAction\",\"target\":{\"@type\":\"EntryPoint\",\"urlTemplate\":\"https:\/\/www.loka.si\/it\/?s={search_term_string}\"},\"query-input\":\"required name=search_term_string\"}],\"inLanguage\":\"it-IT\"},{\"@type\":\"Organization\",\"@id\":\"https:\/\/www.loka.si\/it\/#organization\",\"name\":\"Turizem Loka\",\"url\":\"https:\/\/www.loka.si\/it\/\",\"logo\":{\"@type\":\"ImageObject\",\"inLanguage\":\"it-IT\",\"@id\":\"https:\/\/www.loka.si\/it\/#\/schema\/logo\/image\/\",\"url\":\"https:\/\/www.loka.si\/wp-content\/uploads\/2022\/09\/Asset-1-2.webp\",\"contentUrl\":\"https:\/\/www.loka.si\/wp-content\/uploads\/2022\/09\/Asset-1-2.webp\",\"width\":500,\"height\":550,\"caption\":\"Turizem Loka\"},\"image\":{\"@id\":\"https:\/\/www.loka.si\/it\/#\/schema\/logo\/image\/\"},\"sameAs\":[\"https:\/\/www.facebook.com\/turizemloka\/\",\"https:\/\/www.instagram.com\/turizem_loka\/\"]}]}<\/script>\n<!-- \/ Yoast SEO plugin. -->","yoast_head_json":{"title":"Pesca e caccia - Turizem Loka","robots":{"index":"index","follow":"follow","max-snippet":"max-snippet:-1","max-image-preview":"max-image-preview:large","max-video-preview":"max-video-preview:-1"},"canonical":"https:\/\/www.loka.si\/it\/pesca-e-caccia\/","og_locale":"it_IT","og_type":"article","og_title":"Pesca e caccia - Turizem Loka","og_description":"Pesca e caccia Nell&#8217;area di \u0160kofja Loka ci sono molte opportunit\u00e0 di caccia e di pesca. I fiumi Poljanska Sora [&hellip;]","og_url":"https:\/\/www.loka.si\/it\/pesca-e-caccia\/","og_site_name":"Turizem Loka","article_publisher":"https:\/\/www.facebook.com\/turizemloka\/","article_modified_time":"2022-09-12T12:33:06+00:00","og_image":[{"url":"https:\/\/www.loka.si\/wp-content\/uploads\/2022\/08\/ribarjenje-v-reki-600x400-WEBP.webp"}],"twitter_card":"summary_large_image","twitter_misc":{"Tempo di lettura stimato":"1 minuto"},"schema":{"@context":"https:\/\/schema.org","@graph":[{"@type":"WebPage","@id":"https:\/\/www.loka.si\/it\/pesca-e-caccia\/","url":"https:\/\/www.loka.si\/it\/pesca-e-caccia\/","name":"Pesca e caccia - Turizem Loka","isPartOf":{"@id":"https:\/\/www.loka.si\/it\/#website"},"datePublished":"2022-07-28T10:42:38+00:00","dateModified":"2022-09-12T12:33:06+00:00","breadcrumb":{"@id":"https:\/\/www.loka.si\/it\/pesca-e-caccia\/#breadcrumb"},"inLanguage":"it-IT","potentialAction":[{"@type":"ReadAction","target":["https:\/\/www.loka.si\/it\/pesca-e-caccia\/"]}]},{"@type":"BreadcrumbList","@id":"https:\/\/www.loka.si\/it\/pesca-e-caccia\/#breadcrumb","itemListElement":[{"@type":"ListItem","position":1,"name":"Home","item":"https:\/\/www.loka.si\/it\/"},{"@type":"ListItem","position":2,"name":"Pesca e caccia"}]},{"@type":"WebSite","@id":"https:\/\/www.loka.si\/it\/#website","url":"https:\/\/www.loka.si\/it\/","name":"Turizem Loka","description":"","publisher":{"@id":"https:\/\/www.loka.si\/it\/#organization"},"potentialAction":[{"@type":"SearchAction","target":{"@type":"EntryPoint","urlTemplate":"https:\/\/www.loka.si\/it\/?s={search_term_string}"},"query-input":"required name=search_term_string"}],"inLanguage":"it-IT"},{"@type":"Organization","@id":"https:\/\/www.loka.si\/it\/#organization","name":"Turizem Loka","url":"https:\/\/www.loka.si\/it\/","logo":{"@type":"ImageObject","inLanguage":"it-IT","@id":"https:\/\/www.loka.si\/it\/#\/schema\/logo\/image\/","url":"https:\/\/www.loka.si\/wp-content\/uploads\/2022\/09\/Asset-1-2.webp","contentUrl":"https:\/\/www.loka.si\/wp-content\/uploads\/2022\/09\/Asset-1-2.webp","width":500,"height":550,"caption":"Turizem Loka"},"image":{"@id":"https:\/\/www.loka.si\/it\/#\/schema\/logo\/image\/"},"sameAs":["https:\/\/www.facebook.com\/turizemloka\/","https:\/\/www.instagram.com\/turizem_loka\/"]}]}},"_links":{"self":[{"href":"https:\/\/www.loka.si\/it\/wp-json\/wp\/v2\/pages\/6807"}],"collection":[{"href":"https:\/\/www.loka.si\/it\/wp-json\/wp\/v2\/pages"}],"about":[{"href":"https:\/\/www.loka.si\/it\/wp-json\/wp\/v2\/types\/page"}],"author":[{"embeddable":true,"href":"https:\/\/www.loka.si\/it\/wp-json\/wp\/v2\/users\/1"}],"replies":[{"embeddable":true,"href":"https:\/\/www.loka.si\/it\/wp-json\/wp\/v2\/comments?post=6807"}],"version-history":[{"count":2,"href":"https:\/\/www.loka.si\/it\/wp-json\/wp\/v2\/pages\/6807\/revisions"}],"predecessor-version":[{"id":7527,"href":"https:\/\/www.loka.si\/it\/wp-json\/wp\/v2\/pages\/6807\/revisions\/7527"}],"wp:attachment":[{"href":"https:\/\/www.loka.si\/it\/wp-json\/wp\/v2\/media?parent=6807"}],"curies":[{"name":"wp","href":"https:\/\/api.w.org\/{rel}","templated":true}]}}