{"id":7304,"date":"2022-07-27T07:29:15","date_gmt":"2022-07-27T07:29:15","guid":{"rendered":"https:\/\/www.loka.si\/hotel-loka-2\/"},"modified":"2024-03-20T12:14:58","modified_gmt":"2024-03-20T12:14:58","slug":"hotel-loka-2","status":"publish","type":"page","link":"https:\/\/www.loka.si\/hr\/hotel-loka-2\/","title":{"rendered":"Hotel Loka"},"content":{"rendered":"\n<div class=\"wp-block-group agencija is-layout-flow\">\n<div class=\"wp-block-cover\" style=\"min-height:500px\"><span aria-hidden=\"true\" class=\"wp-block-cover__background has-background-dim-20 has-background-dim\"><\/span><img decoding=\"async\" class=\"wp-block-cover__image-background wp-image-10599\" alt=\"\" src=\"https:\/\/www.loka.si\/wp-content\/uploads\/2024\/03\/MG_5262-scaled-e1710936694815.jpg\" style=\"object-position:54% 77%\" data-object-fit=\"cover\" data-object-position=\"54% 77%\"\/><div class=\"wp-block-cover__inner-container\">\n<div class=\"wp-block-group container is-layout-flow\" style=\"padding-top:400px;padding-bottom:0px\">\n<p class=\"has-text-align-left has-white-color has-text-color has-link-color has-tiny-font-size wp-elements-23cb9fc2d5ce600035dcc5e1678271f2\"><a href=\"https:\/\/www.loka.si\/hr\/\" data-type=\"page\" data-id=\"5\">Po\u010detna<\/a> &gt; Hotel Loka<\/p>\n<\/div>\n<\/div><\/div>\n\n\n\n<div style=\"height:50px\" aria-hidden=\"true\" class=\"wp-block-spacer\"><\/div>\n\n\n\n<div class=\"wp-block-group container is-layout-flow\">\n<figure class=\"wp-block-image size-large is-resized\"><img decoding=\"async\" src=\"https:\/\/www.loka.si\/wp-content\/uploads\/2022\/09\/Hotel-Loka-2021-2_logotip_ENG_horizontal_RGB_300dpi_positive_PRESS-1024x348.jpg\" alt=\"\" class=\"wp-image-5999\" width=\"397\" srcset=\"https:\/\/www.loka.si\/wp-content\/uploads\/2022\/09\/Hotel-Loka-2021-2_logotip_ENG_horizontal_RGB_300dpi_positive_PRESS-1024x348.jpg 1024w, https:\/\/www.loka.si\/wp-content\/uploads\/2022\/09\/Hotel-Loka-2021-2_logotip_ENG_horizontal_RGB_300dpi_positive_PRESS-300x102.jpg 300w, https:\/\/www.loka.si\/wp-content\/uploads\/2022\/09\/Hotel-Loka-2021-2_logotip_ENG_horizontal_RGB_300dpi_positive_PRESS-768x261.jpg 768w, https:\/\/www.loka.si\/wp-content\/uploads\/2022\/09\/Hotel-Loka-2021-2_logotip_ENG_horizontal_RGB_300dpi_positive_PRESS-1536x522.jpg 1536w, https:\/\/www.loka.si\/wp-content\/uploads\/2022\/09\/Hotel-Loka-2021-2_logotip_ENG_horizontal_RGB_300dpi_positive_PRESS-2048x696.jpg 2048w\" sizes=\"(max-width: 1024px) 100vw, 1024px\" \/><\/figure>\n\n\n\n<div style=\"height:40px\" aria-hidden=\"true\" class=\"wp-block-spacer\"><\/div>\n\n\n\n<div class=\"wp-block-group alignleft page-header-text is-layout-constrained wp-container-2\" style=\"padding-left:175px\">\n<p style=\"line-height:1.4\">Istra\u017eite srednjovjekovni duh \u0160kofje Loke i prekrasnu prirodu okolnog krajolika, razmazite se u wellnessu i provedite svoj odmor aktivno u Hotelu Loka. Nudimo \u0161irok izbor soba i apartmana te smje\u0161taj za cijelu obitelj. <\/p>\n<\/div>\n<\/div>\n\n\n\n<div style=\"height:100px\" aria-hidden=\"true\" class=\"wp-block-spacer\"><\/div>\n\n\n\n<div class=\"wp-block-group container page-media-cards is-layout-flow wp-container-17\">\n<div class=\"wp-block-columns justify-content-between is-layout-flex wp-container-16\">\n<div class=\"wp-block-column d-flex is-layout-flow\" style=\"flex-basis:50%\">\n<div class=\"wp-block-group m-auto is-vertical is-content-justification-center is-layout-flex wp-container-8\">\n<div class=\"wp-block-group image-wrapper is-layout-flow\" style=\"padding-top:0px;padding-right:0px;padding-bottom:13px;padding-left:0px\">\n<figure class=\"wp-block-image size-large\"><img decoding=\"async\" loading=\"lazy\" width=\"1024\" height=\"768\" src=\"https:\/\/www.loka.si\/wp-content\/uploads\/2024\/03\/IMG_3856-1024x768.jpeg\" alt=\"\" class=\"wp-image-10146\" srcset=\"https:\/\/www.loka.si\/wp-content\/uploads\/2024\/03\/IMG_3856-1024x768.jpeg 1024w, https:\/\/www.loka.si\/wp-content\/uploads\/2024\/03\/IMG_3856-300x225.jpeg 300w, https:\/\/www.loka.si\/wp-content\/uploads\/2024\/03\/IMG_3856-768x576.jpeg 768w, https:\/\/www.loka.si\/wp-content\/uploads\/2024\/03\/IMG_3856-1536x1152.jpeg 1536w, https:\/\/www.loka.si\/wp-content\/uploads\/2024\/03\/IMG_3856-2048x1536.jpeg 2048w\" sizes=\"(max-width: 1024px) 100vw, 1024px\" \/><\/figure>\n<\/div>\n\n\n\n<h3 class=\"wp-block-heading has-text-align-center\">SOBE<\/h3>\n\n\n\n<div class=\"wp-block-group agencija-card-p is-layout-flow\" style=\"padding-right:10px;padding-left:10px\">\n<p class=\"has-text-align-center\">Udobno ure\u0111ene sobe kapaciteta od 1 do 5 osoba.<\/p>\n<\/div>\n\n\n\n<div class=\"wp-block-group button-wrapper mt-auto is-layout-flow\" style=\"padding-top:13px;padding-right:0px;padding-bottom:0px;padding-left:0px\">\n<div class=\"wp-block-buttons is-content-justification-left is-layout-flex wp-container-6\">\n<div class=\"wp-block-button has-custom-font-size is-style-outline has-medium-font-size\"><a class=\"wp-block-button__link wp-element-button\" href=\"https:\/\/www.loka.si\/hr\/hotel-loka-2\/sobe\/\" style=\"border-radius:20px;padding-top:0px;padding-right:30px;padding-bottom:0px;padding-left:30px\"><strong>Vi\u0161e<\/strong><\/a><\/div>\n<\/div>\n<\/div>\n<\/div>\n<\/div>\n\n\n\n<div class=\"wp-block-column d-flex justify-content-end is-layout-flow\" style=\"flex-basis:50%\">\n<div class=\"wp-block-group m-auto is-vertical is-content-justification-center is-layout-flex wp-container-14\">\n<div class=\"wp-block-group image-wrapper is-layout-flow\" style=\"padding-top:0px;padding-right:0px;padding-bottom:13px;padding-left:0px\">\n<figure class=\"wp-block-image size-large\"><img decoding=\"async\" loading=\"lazy\" width=\"1024\" height=\"768\" src=\"https:\/\/www.loka.si\/wp-content\/uploads\/2024\/03\/IMG_3926-1024x768.jpeg\" alt=\"\" class=\"wp-image-10392\" srcset=\"https:\/\/www.loka.si\/wp-content\/uploads\/2024\/03\/IMG_3926-1024x768.jpeg 1024w, https:\/\/www.loka.si\/wp-content\/uploads\/2024\/03\/IMG_3926-300x225.jpeg 300w, https:\/\/www.loka.si\/wp-content\/uploads\/2024\/03\/IMG_3926-768x576.jpeg 768w, https:\/\/www.loka.si\/wp-content\/uploads\/2024\/03\/IMG_3926-1536x1152.jpeg 1536w, https:\/\/www.loka.si\/wp-content\/uploads\/2024\/03\/IMG_3926-2048x1536.jpeg 2048w\" sizes=\"(max-width: 1024px) 100vw, 1024px\" \/><\/figure>\n<\/div>\n\n\n\n<h3 class=\"wp-block-heading has-text-align-center\">APARTMANI<\/h3>\n\n\n\n<div class=\"wp-block-group agencija-card-p is-layout-flow\" style=\"padding-right:10px;padding-left:10px\">\n<p class=\"has-text-align-center\">Apartmani za smje\u0161taj do 6 osoba.<\/p>\n<\/div>\n\n\n\n<div class=\"wp-block-group button-wrapper mt-auto is-layout-flow\" style=\"padding-top:13px;padding-right:0px;padding-bottom:0px;padding-left:0px\">\n<div class=\"wp-block-buttons is-content-justification-left is-layout-flex wp-container-12\">\n<div class=\"wp-block-button has-custom-font-size is-style-outline has-medium-font-size\"><a class=\"wp-block-button__link wp-element-button\" href=\"https:\/\/www.loka.si\/hr\/hotel-loka-2\/apartmani\/\" style=\"border-radius:20px;padding-top:0px;padding-right:30px;padding-bottom:0px;padding-left:30px\"><strong>Vi\u0161e<\/strong><\/a><\/div>\n<\/div>\n<\/div>\n<\/div>\n<\/div>\n<\/div>\n<\/div>\n\n\n\n<div style=\"height:120px\" aria-hidden=\"true\" class=\"wp-block-spacer\"><\/div>\n\n\n\n<div class=\"wp-block-group is-layout-constrained wp-container-21\">\n<div class=\"wp-block-group has-gray-background-color has-background is-layout-constrained wp-container-20\" style=\"padding-top:30px;padding-right:30px;padding-bottom:30px;padding-left:30px\">\n<div class=\"wp-block-columns is-layout-flex wp-container-19\">\n<div class=\"wp-block-column is-layout-flow\">\n<p>Hotel omogu\u010da opu\u0161tanje za cijelu obitelj. U\u017eivajte na prostranoj zajedni\u010dkoj terasi uz zelenilo s vrtom i ro\u0161tiljem, a i va\u0161i najmla\u0111i zabavit \u0107e se uz igrali\u0161te i ku\u0107icu na drvetu. Nudimo besplatan parking.  <\/p>\n<\/div>\n<\/div>\n<\/div>\n<\/div>\n\n\n\n<div style=\"height:140px\" aria-hidden=\"true\" class=\"wp-block-spacer\"><\/div>\n\n\n\n<iframe src=\"https:\/\/www.google.com\/maps\/embed?pb=!1m18!1m12!1m3!1d2762.9696033067335!2d14.3025351!3d46.1712608!2m3!1f0!2f0!3f0!3m2!1i1024!2i768!4f13.1!3m3!1m2!1s0x477ac613dd222ffd%3A0x71f1fd0882f3f01f!2sTurizem%20Loka%20-%20Hotel%20Loka%20%26%20Wellness%20Loka!5e0!3m2!1sen!2ssi!4v1660897926083!5m2!1sen!2ssi\" width=\"100%\" height=\"500\" style=\"border:0;\" allowfullscreen=\"\" loading=\"lazy\" referrerpolicy=\"no-referrer-when-downgrade\"><\/iframe>\n\n\n\n<div style=\"height:80px\" aria-hidden=\"true\" class=\"wp-block-spacer\"><\/div>\n<\/div>\n","protected":false},"excerpt":{"rendered":"<p>Istra\u017eite srednjovjekovni duh \u0160kofje Loke i prekrasnu prirodu okolnog krajolika, razmazite se u wellnessu i provedite svoj odmor aktivno u [&hellip;]<\/p>\n","protected":false},"author":1,"featured_media":0,"parent":0,"menu_order":0,"comment_status":"closed","ping_status":"closed","template":"","meta":{"_eb_attr":""},"yoast_head":"<!-- This site is optimized with the Yoast SEO plugin v20.8 - https:\/\/yoast.com\/wordpress\/plugins\/seo\/ -->\n<title>Hotel Loka - Turizem Loka<\/title>\n<meta name=\"robots\" content=\"index, follow, max-snippet:-1, max-image-preview:large, max-video-preview:-1\" \/>\n<link rel=\"canonical\" href=\"https:\/\/www.loka.si\/hr\/hotel-loka-2\/\" \/>\n<meta property=\"og:locale\" content=\"hr_HR\" \/>\n<meta property=\"og:type\" content=\"article\" \/>\n<meta property=\"og:title\" content=\"Hotel Loka - Turizem Loka\" \/>\n<meta property=\"og:description\" content=\"Istra\u017eite srednjovjekovni duh \u0160kofje Loke i prekrasnu prirodu okolnog krajolika, razmazite se u wellnessu i provedite svoj odmor aktivno u [&hellip;]\" \/>\n<meta property=\"og:url\" content=\"https:\/\/www.loka.si\/hr\/hotel-loka-2\/\" \/>\n<meta property=\"og:site_name\" content=\"Turizem Loka\" \/>\n<meta property=\"article:publisher\" content=\"https:\/\/www.facebook.com\/turizemloka\/\" \/>\n<meta property=\"article:modified_time\" content=\"2024-03-20T12:14:58+00:00\" \/>\n<meta property=\"og:image\" content=\"https:\/\/www.loka.si\/wp-content\/uploads\/2024\/03\/MG_5262-scaled-e1710936694815.jpg\" \/>\n<meta name=\"twitter:card\" content=\"summary_large_image\" \/>\n<meta name=\"twitter:label1\" content=\"Procijenjeno vrijeme \u010ditanja\" \/>\n\t<meta name=\"twitter:data1\" content=\"2 minute\" \/>\n<script type=\"application\/ld+json\" class=\"yoast-schema-graph\">{\"@context\":\"https:\/\/schema.org\",\"@graph\":[{\"@type\":\"WebPage\",\"@id\":\"https:\/\/www.loka.si\/hr\/hotel-loka-2\/\",\"url\":\"https:\/\/www.loka.si\/hr\/hotel-loka-2\/\",\"name\":\"Hotel Loka - Turizem Loka\",\"isPartOf\":{\"@id\":\"https:\/\/www.loka.si\/hr\/#website\"},\"datePublished\":\"2022-07-27T07:29:15+00:00\",\"dateModified\":\"2024-03-20T12:14:58+00:00\",\"breadcrumb\":{\"@id\":\"https:\/\/www.loka.si\/hr\/hotel-loka-2\/#breadcrumb\"},\"inLanguage\":\"hr\",\"potentialAction\":[{\"@type\":\"ReadAction\",\"target\":[\"https:\/\/www.loka.si\/hr\/hotel-loka-2\/\"]}]},{\"@type\":\"BreadcrumbList\",\"@id\":\"https:\/\/www.loka.si\/hr\/hotel-loka-2\/#breadcrumb\",\"itemListElement\":[{\"@type\":\"ListItem\",\"position\":1,\"name\":\"Home\",\"item\":\"https:\/\/www.loka.si\/hr\/\"},{\"@type\":\"ListItem\",\"position\":2,\"name\":\"Hotel Loka\"}]},{\"@type\":\"WebSite\",\"@id\":\"https:\/\/www.loka.si\/hr\/#website\",\"url\":\"https:\/\/www.loka.si\/hr\/\",\"name\":\"Turizem Loka\",\"description\":\"\",\"publisher\":{\"@id\":\"https:\/\/www.loka.si\/hr\/#organization\"},\"potentialAction\":[{\"@type\":\"SearchAction\",\"target\":{\"@type\":\"EntryPoint\",\"urlTemplate\":\"https:\/\/www.loka.si\/hr\/?s={search_term_string}\"},\"query-input\":\"required name=search_term_string\"}],\"inLanguage\":\"hr\"},{\"@type\":\"Organization\",\"@id\":\"https:\/\/www.loka.si\/hr\/#organization\",\"name\":\"Turizem Loka\",\"url\":\"https:\/\/www.loka.si\/hr\/\",\"logo\":{\"@type\":\"ImageObject\",\"inLanguage\":\"hr\",\"@id\":\"https:\/\/www.loka.si\/hr\/#\/schema\/logo\/image\/\",\"url\":\"https:\/\/www.loka.si\/wp-content\/uploads\/2022\/09\/Asset-1-2.webp\",\"contentUrl\":\"https:\/\/www.loka.si\/wp-content\/uploads\/2022\/09\/Asset-1-2.webp\",\"width\":500,\"height\":550,\"caption\":\"Turizem Loka\"},\"image\":{\"@id\":\"https:\/\/www.loka.si\/hr\/#\/schema\/logo\/image\/\"},\"sameAs\":[\"https:\/\/www.facebook.com\/turizemloka\/\",\"https:\/\/www.instagram.com\/turizem_loka\/\"]}]}<\/script>\n<!-- \/ Yoast SEO plugin. -->","yoast_head_json":{"title":"Hotel Loka - Turizem Loka","robots":{"index":"index","follow":"follow","max-snippet":"max-snippet:-1","max-image-preview":"max-image-preview:large","max-video-preview":"max-video-preview:-1"},"canonical":"https:\/\/www.loka.si\/hr\/hotel-loka-2\/","og_locale":"hr_HR","og_type":"article","og_title":"Hotel Loka - Turizem Loka","og_description":"Istra\u017eite srednjovjekovni duh \u0160kofje Loke i prekrasnu prirodu okolnog krajolika, razmazite se u wellnessu i provedite svoj odmor aktivno u [&hellip;]","og_url":"https:\/\/www.loka.si\/hr\/hotel-loka-2\/","og_site_name":"Turizem Loka","article_publisher":"https:\/\/www.facebook.com\/turizemloka\/","article_modified_time":"2024-03-20T12:14:58+00:00","og_image":[{"url":"https:\/\/www.loka.si\/wp-content\/uploads\/2024\/03\/MG_5262-scaled-e1710936694815.jpg"}],"twitter_card":"summary_large_image","twitter_misc":{"Procijenjeno vrijeme \u010ditanja":"2 minute"},"schema":{"@context":"https:\/\/schema.org","@graph":[{"@type":"WebPage","@id":"https:\/\/www.loka.si\/hr\/hotel-loka-2\/","url":"https:\/\/www.loka.si\/hr\/hotel-loka-2\/","name":"Hotel Loka - Turizem Loka","isPartOf":{"@id":"https:\/\/www.loka.si\/hr\/#website"},"datePublished":"2022-07-27T07:29:15+00:00","dateModified":"2024-03-20T12:14:58+00:00","breadcrumb":{"@id":"https:\/\/www.loka.si\/hr\/hotel-loka-2\/#breadcrumb"},"inLanguage":"hr","potentialAction":[{"@type":"ReadAction","target":["https:\/\/www.loka.si\/hr\/hotel-loka-2\/"]}]},{"@type":"BreadcrumbList","@id":"https:\/\/www.loka.si\/hr\/hotel-loka-2\/#breadcrumb","itemListElement":[{"@type":"ListItem","position":1,"name":"Home","item":"https:\/\/www.loka.si\/hr\/"},{"@type":"ListItem","position":2,"name":"Hotel Loka"}]},{"@type":"WebSite","@id":"https:\/\/www.loka.si\/hr\/#website","url":"https:\/\/www.loka.si\/hr\/","name":"Turizem Loka","description":"","publisher":{"@id":"https:\/\/www.loka.si\/hr\/#organization"},"potentialAction":[{"@type":"SearchAction","target":{"@type":"EntryPoint","urlTemplate":"https:\/\/www.loka.si\/hr\/?s={search_term_string}"},"query-input":"required name=search_term_string"}],"inLanguage":"hr"},{"@type":"Organization","@id":"https:\/\/www.loka.si\/hr\/#organization","name":"Turizem Loka","url":"https:\/\/www.loka.si\/hr\/","logo":{"@type":"ImageObject","inLanguage":"hr","@id":"https:\/\/www.loka.si\/hr\/#\/schema\/logo\/image\/","url":"https:\/\/www.loka.si\/wp-content\/uploads\/2022\/09\/Asset-1-2.webp","contentUrl":"https:\/\/www.loka.si\/wp-content\/uploads\/2022\/09\/Asset-1-2.webp","width":500,"height":550,"caption":"Turizem Loka"},"image":{"@id":"https:\/\/www.loka.si\/hr\/#\/schema\/logo\/image\/"},"sameAs":["https:\/\/www.facebook.com\/turizemloka\/","https:\/\/www.instagram.com\/turizem_loka\/"]}]}},"_links":{"self":[{"href":"https:\/\/www.loka.si\/hr\/wp-json\/wp\/v2\/pages\/7304"}],"collection":[{"href":"https:\/\/www.loka.si\/hr\/wp-json\/wp\/v2\/pages"}],"about":[{"href":"https:\/\/www.loka.si\/hr\/wp-json\/wp\/v2\/types\/page"}],"author":[{"embeddable":true,"href":"https:\/\/www.loka.si\/hr\/wp-json\/wp\/v2\/users\/1"}],"replies":[{"embeddable":true,"href":"https:\/\/www.loka.si\/hr\/wp-json\/wp\/v2\/comments?post=7304"}],"version-history":[{"count":5,"href":"https:\/\/www.loka.si\/hr\/wp-json\/wp\/v2\/pages\/7304\/revisions"}],"predecessor-version":[{"id":10679,"href":"https:\/\/www.loka.si\/hr\/wp-json\/wp\/v2\/pages\/7304\/revisions\/10679"}],"wp:attachment":[{"href":"https:\/\/www.loka.si\/hr\/wp-json\/wp\/v2\/media?parent=7304"}],"curies":[{"name":"wp","href":"https:\/\/api.w.org\/{rel}","templated":true}]}}