{"id":9149,"date":"2023-07-10T08:30:42","date_gmt":"2023-07-10T08:30:42","guid":{"rendered":"https:\/\/www.loka.si\/hotel-vila-loka-chambre-double-chambre-4\/"},"modified":"2023-07-10T12:25:29","modified_gmt":"2023-07-10T12:25:29","slug":"hotel-vila-loka-chambre-double-chambre-4","status":"publish","type":"page","link":"https:\/\/www.loka.si\/fr\/hotel-vila-loka-chambre-double-chambre-4\/","title":{"rendered":"Hotel Vila Loka &#8211; chambre double (chambre 4)"},"content":{"rendered":"\n<div class=\"wp-block-group zanimivosti-page is-layout-flow\" style=\"padding-top:0px;padding-right:0px;padding-bottom:0px;padding-left:0px\">\n<div class=\"wp-block-group container page-media-cards is-layout-flow wp-container-19\">\n<div style=\"height:10px\" aria-hidden=\"true\" class=\"wp-block-spacer\"><\/div>\n\n\n\n<div class=\"wp-block-columns are-vertically-aligned-top is-layout-flex wp-container-18\" style=\"padding-top:0px;padding-right:0px;padding-bottom:0px;padding-left:0px\">\n<div class=\"wp-block-column is-vertically-aligned-top text-end images-rooms is-layout-flow\" style=\"padding-top:0px;padding-right:0px;padding-bottom:0px;padding-left:0px;flex-basis:50%\">\n<div style=\"height:25px\" aria-hidden=\"true\" class=\"wp-block-spacer\"><\/div>\n\n\n\n<figure class=\"wp-block-image size-full\"><img decoding=\"async\" loading=\"lazy\" width=\"1024\" height=\"683\" src=\"https:\/\/www.loka.si\/wp-content\/uploads\/2023\/07\/Z_I_4067-HDR.webp\" alt=\"\" class=\"wp-image-8753\" srcset=\"https:\/\/www.loka.si\/wp-content\/uploads\/2023\/07\/Z_I_4067-HDR.webp 1024w, https:\/\/www.loka.si\/wp-content\/uploads\/2023\/07\/Z_I_4067-HDR-300x200.webp 300w, https:\/\/www.loka.si\/wp-content\/uploads\/2023\/07\/Z_I_4067-HDR-768x512.webp 768w\" sizes=\"(max-width: 1024px) 100vw, 1024px\" \/><\/figure>\n\n\n\n<div class=\"wp-block-columns is-layout-flex wp-container-4\">\n<div class=\"wp-block-column is-layout-flow\">\n<figure class=\"wp-block-image size-full image-sm\"><img decoding=\"async\" loading=\"lazy\" width=\"1024\" height=\"683\" src=\"https:\/\/www.loka.si\/wp-content\/uploads\/2023\/07\/Z_I_4067-HDR.webp\" alt=\"\" class=\"wp-image-8753\" srcset=\"https:\/\/www.loka.si\/wp-content\/uploads\/2023\/07\/Z_I_4067-HDR.webp 1024w, https:\/\/www.loka.si\/wp-content\/uploads\/2023\/07\/Z_I_4067-HDR-300x200.webp 300w, https:\/\/www.loka.si\/wp-content\/uploads\/2023\/07\/Z_I_4067-HDR-768x512.webp 768w\" sizes=\"(max-width: 1024px) 100vw, 1024px\" \/><\/figure>\n<\/div>\n\n\n\n<div class=\"wp-block-column is-layout-flow\">\n<figure class=\"wp-block-image size-full image-sm\"><img decoding=\"async\" loading=\"lazy\" width=\"1024\" height=\"683\" src=\"https:\/\/www.loka.si\/wp-content\/uploads\/2023\/07\/Z_I_4087-HDR.webp\" alt=\"\" class=\"wp-image-8760\" srcset=\"https:\/\/www.loka.si\/wp-content\/uploads\/2023\/07\/Z_I_4087-HDR.webp 1024w, https:\/\/www.loka.si\/wp-content\/uploads\/2023\/07\/Z_I_4087-HDR-300x200.webp 300w, https:\/\/www.loka.si\/wp-content\/uploads\/2023\/07\/Z_I_4087-HDR-768x512.webp 768w\" sizes=\"(max-width: 1024px) 100vw, 1024px\" \/><\/figure>\n<\/div>\n\n\n\n<div class=\"wp-block-column is-layout-flow\">\n<figure class=\"wp-block-image size-full image-sm\"><img decoding=\"async\" loading=\"lazy\" width=\"1024\" height=\"683\" src=\"https:\/\/www.loka.si\/wp-content\/uploads\/2023\/07\/Z_I_4077-HDR.webp\" alt=\"\" class=\"wp-image-8767\" srcset=\"https:\/\/www.loka.si\/wp-content\/uploads\/2023\/07\/Z_I_4077-HDR.webp 1024w, https:\/\/www.loka.si\/wp-content\/uploads\/2023\/07\/Z_I_4077-HDR-300x200.webp 300w, https:\/\/www.loka.si\/wp-content\/uploads\/2023\/07\/Z_I_4077-HDR-768x512.webp 768w\" sizes=\"(max-width: 1024px) 100vw, 1024px\" \/><\/figure>\n<\/div>\n<\/div>\n\n\n\n<div class=\"wp-block-columns is-layout-flex wp-container-8\">\n<div class=\"wp-block-column is-layout-flow\">\n<figure class=\"wp-block-image size-full image-sm\"><img decoding=\"async\" loading=\"lazy\" width=\"1024\" height=\"683\" src=\"https:\/\/www.loka.si\/wp-content\/uploads\/2023\/07\/Z_I_4145.webp\" alt=\"\" class=\"wp-image-8774\" srcset=\"https:\/\/www.loka.si\/wp-content\/uploads\/2023\/07\/Z_I_4145.webp 1024w, https:\/\/www.loka.si\/wp-content\/uploads\/2023\/07\/Z_I_4145-300x200.webp 300w, https:\/\/www.loka.si\/wp-content\/uploads\/2023\/07\/Z_I_4145-768x512.webp 768w\" sizes=\"(max-width: 1024px) 100vw, 1024px\" \/><\/figure>\n<\/div>\n\n\n\n<div class=\"wp-block-column is-layout-flow\">\n<figure class=\"wp-block-image size-full image-sm\"><img decoding=\"async\" loading=\"lazy\" width=\"1024\" height=\"683\" src=\"https:\/\/www.loka.si\/wp-content\/uploads\/2023\/07\/Z_I_4072-HDR.webp\" alt=\"\" class=\"wp-image-8781\" srcset=\"https:\/\/www.loka.si\/wp-content\/uploads\/2023\/07\/Z_I_4072-HDR.webp 1024w, https:\/\/www.loka.si\/wp-content\/uploads\/2023\/07\/Z_I_4072-HDR-300x200.webp 300w, https:\/\/www.loka.si\/wp-content\/uploads\/2023\/07\/Z_I_4072-HDR-768x512.webp 768w\" sizes=\"(max-width: 1024px) 100vw, 1024px\" \/><\/figure>\n<\/div>\n\n\n\n<div class=\"wp-block-column is-layout-flow\">\n<figure class=\"wp-block-image size-full image-sm\"><img decoding=\"async\" loading=\"lazy\" width=\"1024\" height=\"683\" src=\"https:\/\/www.loka.si\/wp-content\/uploads\/2023\/07\/Z_I_4111.webp\" alt=\"\" class=\"wp-image-8788\" srcset=\"https:\/\/www.loka.si\/wp-content\/uploads\/2023\/07\/Z_I_4111.webp 1024w, https:\/\/www.loka.si\/wp-content\/uploads\/2023\/07\/Z_I_4111-300x200.webp 300w, https:\/\/www.loka.si\/wp-content\/uploads\/2023\/07\/Z_I_4111-768x512.webp 768w\" sizes=\"(max-width: 1024px) 100vw, 1024px\" \/><\/figure>\n<\/div>\n<\/div>\n\n\n\n<h3 class=\"wp-block-heading has-text-align-left\">Chambre double (chambre 4)<\/h3>\n\n\n\n<p class=\"has-text-align-left\" style=\"line-height:1.4\">La chambre est situ\u00e9e au rez-de-chauss\u00e9e.<\/p>\n\n\n\n<div class=\"wp-block-group justify-content-around align-items-start is-content-justification-left is-nowrap is-layout-flex wp-container-15\" style=\"padding-top:15px\">\n<div class=\"wp-block-group is-layout-flow wp-container-10\">\n<div class=\"wp-block-group is-layout-flow\" style=\"padding-bottom:10px\">\n<figure class=\"wp-block-image aligncenter size-full\"><img decoding=\"async\" loading=\"lazy\" width=\"51\" height=\"51\" src=\"https:\/\/www.loka.si\/wp-content\/uploads\/2022\/08\/Asset-1.png\" alt=\"\" class=\"wp-image-1990\"\/><\/figure>\n<\/div>\n\n\n\n<p class=\"has-text-align-center\" style=\"font-style:normal;font-weight:600\">Capacit\u00e9<\/p>\n\n\n\n<p class=\"has-text-align-center\" style=\"font-style:normal;font-weight:300\">2<\/p>\n<\/div>\n\n\n\n<div class=\"wp-block-group is-layout-flow wp-container-12\">\n<div class=\"wp-block-group is-layout-flow\" style=\"padding-bottom:10px\">\n<figure class=\"wp-block-image aligncenter size-full\"><img decoding=\"async\" loading=\"lazy\" width=\"51\" height=\"51\" src=\"https:\/\/www.loka.si\/wp-content\/uploads\/2022\/08\/Asset-4.png\" alt=\"\" class=\"wp-image-1983\"\/><\/figure>\n<\/div>\n\n\n\n<p class=\"has-text-align-center\" style=\"font-style:normal;font-weight:600\">Dimension<\/p>\n\n\n\n<p class=\"kvadratura text-center\">20m<sup>2<\/sup><\/p>\n<\/div>\n\n\n\n<div class=\"wp-block-group is-layout-flow wp-container-14\">\n<div class=\"wp-block-group is-layout-flow\" style=\"padding-bottom:10px\">\n<figure class=\"wp-block-image aligncenter size-full\"><img decoding=\"async\" loading=\"lazy\" width=\"51\" height=\"51\" src=\"https:\/\/www.loka.si\/wp-content\/uploads\/2022\/08\/Asset-3.png\" alt=\"\" class=\"wp-image-1997\"\/><\/figure>\n<\/div>\n\n\n\n<p class=\"has-text-align-center\" style=\"font-style:normal;font-weight:600\">Lit<\/p>\n\n\n\n<p class=\"has-text-align-center\" style=\"font-style:normal;font-weight:300\">180 x 200 cm ou 90 x 200 cm, 2x<\/p>\n<\/div>\n<\/div>\n<\/div>\n\n\n\n<div class=\"wp-block-column is-vertically-aligned-top text-column is-layout-constrained wp-container-17\" style=\"padding-top:25px;padding-right:80px;padding-left:30px;flex-basis:50%\">\n<script src=\"\/\/www.bentral.com\/service\/embed\/booking.js?id=5f7a517a4e775f4d&#038;unit=5f4451304d775f4f&#038;width=full&#038;header-bg=ffffff&#038;header-color=00245d&#038;header2-bg=ffffff&#038;header2-color=00245d&#038;table-bg=fcfcfc&#038;table-color=00245d&#038;btn-bg=ffffff&#038;btn-color=00245d&#038;border-color=dddddd&#038;border-width=0&#038;key=43bf308ac5328ea6b0c06d977adf8806\"><\/script>\n<\/div>\n<\/div>\n\n\n\n<div style=\"height:40px\" aria-hidden=\"true\" class=\"wp-block-spacer\"><\/div>\n\n\n\n<script src=\"\/\/www.bentral.com\/service\/embed\/calendar.js?uid=5f4451304d775f4f&#038;unit=5f4451304e775f4f&#038;last=true&#038;width=full&#038;header-bg=ffffff&#038;header-color=00245d&#038;header2-bg=ffffff&#038;header2-color=00245d&#038;table-bg=fcfcfc&#038;table-color=00245d&#038;border-color=dddddd&#038;border-width=0&#038;key=43bf308ac5328ea6b0c06d977adf8806\"><\/script>\n\n\n\n<div style=\"height:10px\" aria-hidden=\"true\" class=\"wp-block-spacer\"><\/div>\n\n\n\n<div style=\"height:10px\" aria-hidden=\"true\" class=\"wp-block-spacer\"><\/div>\n\n\n\n<div style=\"height:10px\" aria-hidden=\"true\" class=\"wp-block-spacer\"><\/div>\n<\/div>\n<\/div>\n","protected":false},"excerpt":{"rendered":"<p>Chambre double (chambre 4) La chambre est situ\u00e9e au rez-de-chauss\u00e9e. Capacit\u00e9 2 Dimension 20m2 Lit 180 x 200 cm ou [&hellip;]<\/p>\n","protected":false},"author":3,"featured_media":0,"parent":0,"menu_order":0,"comment_status":"closed","ping_status":"closed","template":"","meta":{"_eb_attr":""},"yoast_head":"<!-- This site is optimized with the Yoast SEO plugin v20.8 - https:\/\/yoast.com\/wordpress\/plugins\/seo\/ -->\n<title>Hotel Vila Loka - chambre double (chambre 4) - Turizem Loka<\/title>\n<meta name=\"robots\" content=\"index, follow, max-snippet:-1, max-image-preview:large, max-video-preview:-1\" \/>\n<link rel=\"canonical\" href=\"https:\/\/www.loka.si\/fr\/hotel-vila-loka-chambre-double-chambre-4\/\" \/>\n<meta property=\"og:locale\" content=\"fr_FR\" \/>\n<meta property=\"og:type\" content=\"article\" \/>\n<meta property=\"og:title\" content=\"Hotel Vila Loka - chambre double (chambre 4) - Turizem Loka\" \/>\n<meta property=\"og:description\" content=\"Chambre double (chambre 4) La chambre est situ\u00e9e au rez-de-chauss\u00e9e. Capacit\u00e9 2 Dimension 20m2 Lit 180 x 200 cm ou [&hellip;]\" \/>\n<meta property=\"og:url\" content=\"https:\/\/www.loka.si\/fr\/hotel-vila-loka-chambre-double-chambre-4\/\" \/>\n<meta property=\"og:site_name\" content=\"Turizem Loka\" \/>\n<meta property=\"article:publisher\" content=\"https:\/\/www.facebook.com\/turizemloka\/\" \/>\n<meta property=\"article:modified_time\" content=\"2023-07-10T12:25:29+00:00\" \/>\n<meta property=\"og:image\" content=\"https:\/\/www.loka.si\/wp-content\/uploads\/2023\/07\/Z_I_4067-HDR.webp\" \/>\n<meta name=\"twitter:card\" content=\"summary_large_image\" \/>\n<meta name=\"twitter:label1\" content=\"Dur\u00e9e de lecture estim\u00e9e\" \/>\n\t<meta name=\"twitter:data1\" content=\"3 minutes\" \/>\n<script type=\"application\/ld+json\" class=\"yoast-schema-graph\">{\"@context\":\"https:\/\/schema.org\",\"@graph\":[{\"@type\":\"WebPage\",\"@id\":\"https:\/\/www.loka.si\/fr\/hotel-vila-loka-chambre-double-chambre-4\/\",\"url\":\"https:\/\/www.loka.si\/fr\/hotel-vila-loka-chambre-double-chambre-4\/\",\"name\":\"Hotel Vila Loka - chambre double (chambre 4) - Turizem Loka\",\"isPartOf\":{\"@id\":\"https:\/\/www.loka.si\/fr\/#website\"},\"datePublished\":\"2023-07-10T08:30:42+00:00\",\"dateModified\":\"2023-07-10T12:25:29+00:00\",\"breadcrumb\":{\"@id\":\"https:\/\/www.loka.si\/fr\/hotel-vila-loka-chambre-double-chambre-4\/#breadcrumb\"},\"inLanguage\":\"fr-FR\",\"potentialAction\":[{\"@type\":\"ReadAction\",\"target\":[\"https:\/\/www.loka.si\/fr\/hotel-vila-loka-chambre-double-chambre-4\/\"]}]},{\"@type\":\"BreadcrumbList\",\"@id\":\"https:\/\/www.loka.si\/fr\/hotel-vila-loka-chambre-double-chambre-4\/#breadcrumb\",\"itemListElement\":[{\"@type\":\"ListItem\",\"position\":1,\"name\":\"Home\",\"item\":\"https:\/\/www.loka.si\/fr\/\"},{\"@type\":\"ListItem\",\"position\":2,\"name\":\"Hotel Vila Loka &#8211; chambre double (chambre 4)\"}]},{\"@type\":\"WebSite\",\"@id\":\"https:\/\/www.loka.si\/fr\/#website\",\"url\":\"https:\/\/www.loka.si\/fr\/\",\"name\":\"Turizem Loka\",\"description\":\"\",\"publisher\":{\"@id\":\"https:\/\/www.loka.si\/fr\/#organization\"},\"potentialAction\":[{\"@type\":\"SearchAction\",\"target\":{\"@type\":\"EntryPoint\",\"urlTemplate\":\"https:\/\/www.loka.si\/fr\/?s={search_term_string}\"},\"query-input\":\"required name=search_term_string\"}],\"inLanguage\":\"fr-FR\"},{\"@type\":\"Organization\",\"@id\":\"https:\/\/www.loka.si\/fr\/#organization\",\"name\":\"Turizem Loka\",\"url\":\"https:\/\/www.loka.si\/fr\/\",\"logo\":{\"@type\":\"ImageObject\",\"inLanguage\":\"fr-FR\",\"@id\":\"https:\/\/www.loka.si\/fr\/#\/schema\/logo\/image\/\",\"url\":\"https:\/\/www.loka.si\/wp-content\/uploads\/2022\/09\/Asset-1-2.webp\",\"contentUrl\":\"https:\/\/www.loka.si\/wp-content\/uploads\/2022\/09\/Asset-1-2.webp\",\"width\":500,\"height\":550,\"caption\":\"Turizem Loka\"},\"image\":{\"@id\":\"https:\/\/www.loka.si\/fr\/#\/schema\/logo\/image\/\"},\"sameAs\":[\"https:\/\/www.facebook.com\/turizemloka\/\",\"https:\/\/www.instagram.com\/turizem_loka\/\"]}]}<\/script>\n<!-- \/ Yoast SEO plugin. -->","yoast_head_json":{"title":"Hotel Vila Loka - chambre double (chambre 4) - Turizem Loka","robots":{"index":"index","follow":"follow","max-snippet":"max-snippet:-1","max-image-preview":"max-image-preview:large","max-video-preview":"max-video-preview:-1"},"canonical":"https:\/\/www.loka.si\/fr\/hotel-vila-loka-chambre-double-chambre-4\/","og_locale":"fr_FR","og_type":"article","og_title":"Hotel Vila Loka - chambre double (chambre 4) - Turizem Loka","og_description":"Chambre double (chambre 4) La chambre est situ\u00e9e au rez-de-chauss\u00e9e. Capacit\u00e9 2 Dimension 20m2 Lit 180 x 200 cm ou [&hellip;]","og_url":"https:\/\/www.loka.si\/fr\/hotel-vila-loka-chambre-double-chambre-4\/","og_site_name":"Turizem Loka","article_publisher":"https:\/\/www.facebook.com\/turizemloka\/","article_modified_time":"2023-07-10T12:25:29+00:00","og_image":[{"url":"https:\/\/www.loka.si\/wp-content\/uploads\/2023\/07\/Z_I_4067-HDR.webp"}],"twitter_card":"summary_large_image","twitter_misc":{"Dur\u00e9e de lecture estim\u00e9e":"3 minutes"},"schema":{"@context":"https:\/\/schema.org","@graph":[{"@type":"WebPage","@id":"https:\/\/www.loka.si\/fr\/hotel-vila-loka-chambre-double-chambre-4\/","url":"https:\/\/www.loka.si\/fr\/hotel-vila-loka-chambre-double-chambre-4\/","name":"Hotel Vila Loka - chambre double (chambre 4) - Turizem Loka","isPartOf":{"@id":"https:\/\/www.loka.si\/fr\/#website"},"datePublished":"2023-07-10T08:30:42+00:00","dateModified":"2023-07-10T12:25:29+00:00","breadcrumb":{"@id":"https:\/\/www.loka.si\/fr\/hotel-vila-loka-chambre-double-chambre-4\/#breadcrumb"},"inLanguage":"fr-FR","potentialAction":[{"@type":"ReadAction","target":["https:\/\/www.loka.si\/fr\/hotel-vila-loka-chambre-double-chambre-4\/"]}]},{"@type":"BreadcrumbList","@id":"https:\/\/www.loka.si\/fr\/hotel-vila-loka-chambre-double-chambre-4\/#breadcrumb","itemListElement":[{"@type":"ListItem","position":1,"name":"Home","item":"https:\/\/www.loka.si\/fr\/"},{"@type":"ListItem","position":2,"name":"Hotel Vila Loka &#8211; chambre double (chambre 4)"}]},{"@type":"WebSite","@id":"https:\/\/www.loka.si\/fr\/#website","url":"https:\/\/www.loka.si\/fr\/","name":"Turizem Loka","description":"","publisher":{"@id":"https:\/\/www.loka.si\/fr\/#organization"},"potentialAction":[{"@type":"SearchAction","target":{"@type":"EntryPoint","urlTemplate":"https:\/\/www.loka.si\/fr\/?s={search_term_string}"},"query-input":"required name=search_term_string"}],"inLanguage":"fr-FR"},{"@type":"Organization","@id":"https:\/\/www.loka.si\/fr\/#organization","name":"Turizem Loka","url":"https:\/\/www.loka.si\/fr\/","logo":{"@type":"ImageObject","inLanguage":"fr-FR","@id":"https:\/\/www.loka.si\/fr\/#\/schema\/logo\/image\/","url":"https:\/\/www.loka.si\/wp-content\/uploads\/2022\/09\/Asset-1-2.webp","contentUrl":"https:\/\/www.loka.si\/wp-content\/uploads\/2022\/09\/Asset-1-2.webp","width":500,"height":550,"caption":"Turizem Loka"},"image":{"@id":"https:\/\/www.loka.si\/fr\/#\/schema\/logo\/image\/"},"sameAs":["https:\/\/www.facebook.com\/turizemloka\/","https:\/\/www.instagram.com\/turizem_loka\/"]}]}},"_links":{"self":[{"href":"https:\/\/www.loka.si\/fr\/wp-json\/wp\/v2\/pages\/9149"}],"collection":[{"href":"https:\/\/www.loka.si\/fr\/wp-json\/wp\/v2\/pages"}],"about":[{"href":"https:\/\/www.loka.si\/fr\/wp-json\/wp\/v2\/types\/page"}],"author":[{"embeddable":true,"href":"https:\/\/www.loka.si\/fr\/wp-json\/wp\/v2\/users\/3"}],"replies":[{"embeddable":true,"href":"https:\/\/www.loka.si\/fr\/wp-json\/wp\/v2\/comments?post=9149"}],"version-history":[{"count":2,"href":"https:\/\/www.loka.si\/fr\/wp-json\/wp\/v2\/pages\/9149\/revisions"}],"predecessor-version":[{"id":9235,"href":"https:\/\/www.loka.si\/fr\/wp-json\/wp\/v2\/pages\/9149\/revisions\/9235"}],"wp:attachment":[{"href":"https:\/\/www.loka.si\/fr\/wp-json\/wp\/v2\/media?parent=9149"}],"curies":[{"name":"wp","href":"https:\/\/api.w.org\/{rel}","templated":true}]}}