{"id":6646,"date":"2022-08-18T11:16:11","date_gmt":"2022-08-18T11:16:11","guid":{"rendered":"https:\/\/www.loka.si\/appartement-a-deux-chambres\/"},"modified":"2024-03-20T11:12:01","modified_gmt":"2024-03-20T11:12:01","slug":"appartement-a-deux-chambres","status":"publish","type":"page","link":"https:\/\/www.loka.si\/fr\/appartement-a-deux-chambres\/","title":{"rendered":"Hotel Loka &#8211; Appartement \u00e0 deux chambres"},"content":{"rendered":"\n<div class=\"wp-block-group container page-media-cards is-layout-flow wp-container-19\">\n<div style=\"height:10px\" aria-hidden=\"true\" class=\"wp-block-spacer\"><\/div>\n\n\n\n<div class=\"wp-block-columns are-vertically-aligned-top is-layout-flex wp-container-18\" style=\"padding-top:0px;padding-right:0px;padding-bottom:0px;padding-left:0px\">\n<div class=\"wp-block-column is-vertically-aligned-top text-end images-rooms is-layout-flow\" style=\"padding-top:0px;padding-right:0px;padding-bottom:0px;padding-left:0px;flex-basis:50%\">\n<div style=\"height:25px\" aria-hidden=\"true\" class=\"wp-block-spacer\"><\/div>\n\n\n\n<figure class=\"wp-block-image size-large\"><img decoding=\"async\" loading=\"lazy\" width=\"1024\" height=\"768\" src=\"https:\/\/www.loka.si\/wp-content\/uploads\/2024\/03\/IMG_3883-1024x768.jpeg\" alt=\"\" class=\"wp-image-10211\" srcset=\"https:\/\/www.loka.si\/wp-content\/uploads\/2024\/03\/IMG_3883-1024x768.jpeg 1024w, https:\/\/www.loka.si\/wp-content\/uploads\/2024\/03\/IMG_3883-300x225.jpeg 300w, https:\/\/www.loka.si\/wp-content\/uploads\/2024\/03\/IMG_3883-768x576.jpeg 768w, https:\/\/www.loka.si\/wp-content\/uploads\/2024\/03\/IMG_3883-1536x1152.jpeg 1536w, https:\/\/www.loka.si\/wp-content\/uploads\/2024\/03\/IMG_3883-2048x1536.jpeg 2048w\" sizes=\"(max-width: 1024px) 100vw, 1024px\" \/><\/figure>\n\n\n\n<div class=\"wp-block-columns is-layout-flex wp-container-4\">\n<div class=\"wp-block-column is-layout-flow\">\n<figure class=\"wp-block-image size-large image-sm\"><img decoding=\"async\" loading=\"lazy\" width=\"1024\" height=\"768\" src=\"https:\/\/www.loka.si\/wp-content\/uploads\/2024\/03\/IMG_3903-1024x768.jpeg\" alt=\"\" class=\"wp-image-10246\" srcset=\"https:\/\/www.loka.si\/wp-content\/uploads\/2024\/03\/IMG_3903-1024x768.jpeg 1024w, https:\/\/www.loka.si\/wp-content\/uploads\/2024\/03\/IMG_3903-300x225.jpeg 300w, https:\/\/www.loka.si\/wp-content\/uploads\/2024\/03\/IMG_3903-768x576.jpeg 768w, https:\/\/www.loka.si\/wp-content\/uploads\/2024\/03\/IMG_3903-1536x1152.jpeg 1536w, https:\/\/www.loka.si\/wp-content\/uploads\/2024\/03\/IMG_3903-2048x1536.jpeg 2048w\" sizes=\"(max-width: 1024px) 100vw, 1024px\" \/><\/figure>\n<\/div>\n\n\n\n<div class=\"wp-block-column is-layout-flow\">\n<figure class=\"wp-block-image size-large image-sm\"><img decoding=\"async\" loading=\"lazy\" width=\"1024\" height=\"768\" src=\"https:\/\/www.loka.si\/wp-content\/uploads\/2024\/03\/IMG_3913-1024x768.jpeg\" alt=\"\" class=\"wp-image-10253\" srcset=\"https:\/\/www.loka.si\/wp-content\/uploads\/2024\/03\/IMG_3913-1024x768.jpeg 1024w, https:\/\/www.loka.si\/wp-content\/uploads\/2024\/03\/IMG_3913-300x225.jpeg 300w, https:\/\/www.loka.si\/wp-content\/uploads\/2024\/03\/IMG_3913-768x576.jpeg 768w, https:\/\/www.loka.si\/wp-content\/uploads\/2024\/03\/IMG_3913-1536x1152.jpeg 1536w, https:\/\/www.loka.si\/wp-content\/uploads\/2024\/03\/IMG_3913-2048x1536.jpeg 2048w\" sizes=\"(max-width: 1024px) 100vw, 1024px\" \/><\/figure>\n<\/div>\n\n\n\n<div class=\"wp-block-column is-layout-flow\">\n<figure class=\"wp-block-image size-large image-sm\"><img decoding=\"async\" loading=\"lazy\" width=\"1024\" height=\"768\" src=\"https:\/\/www.loka.si\/wp-content\/uploads\/2024\/03\/IMG_3898-1024x768.jpeg\" alt=\"\" class=\"wp-image-10232\" srcset=\"https:\/\/www.loka.si\/wp-content\/uploads\/2024\/03\/IMG_3898-1024x768.jpeg 1024w, https:\/\/www.loka.si\/wp-content\/uploads\/2024\/03\/IMG_3898-300x225.jpeg 300w, https:\/\/www.loka.si\/wp-content\/uploads\/2024\/03\/IMG_3898-768x576.jpeg 768w, https:\/\/www.loka.si\/wp-content\/uploads\/2024\/03\/IMG_3898-1536x1152.jpeg 1536w, https:\/\/www.loka.si\/wp-content\/uploads\/2024\/03\/IMG_3898-2048x1536.jpeg 2048w\" sizes=\"(max-width: 1024px) 100vw, 1024px\" \/><\/figure>\n<\/div>\n<\/div>\n\n\n\n<div class=\"wp-block-columns is-layout-flex wp-container-8\">\n<div class=\"wp-block-column is-layout-flow\">\n<figure class=\"wp-block-image size-large image-sm\"><img decoding=\"async\" loading=\"lazy\" width=\"1024\" height=\"768\" src=\"https:\/\/www.loka.si\/wp-content\/uploads\/2024\/03\/IMG_3900-1024x768.jpeg\" alt=\"\" class=\"wp-image-10239\" srcset=\"https:\/\/www.loka.si\/wp-content\/uploads\/2024\/03\/IMG_3900-1024x768.jpeg 1024w, https:\/\/www.loka.si\/wp-content\/uploads\/2024\/03\/IMG_3900-300x225.jpeg 300w, https:\/\/www.loka.si\/wp-content\/uploads\/2024\/03\/IMG_3900-768x576.jpeg 768w, https:\/\/www.loka.si\/wp-content\/uploads\/2024\/03\/IMG_3900-1536x1152.jpeg 1536w, https:\/\/www.loka.si\/wp-content\/uploads\/2024\/03\/IMG_3900-2048x1536.jpeg 2048w\" sizes=\"(max-width: 1024px) 100vw, 1024px\" \/><\/figure>\n<\/div>\n\n\n\n<div class=\"wp-block-column is-layout-flow\">\n<figure class=\"wp-block-image size-large image-sm\"><img decoding=\"async\" loading=\"lazy\" width=\"1024\" height=\"768\" src=\"https:\/\/www.loka.si\/wp-content\/uploads\/2024\/03\/IMG_3889-1024x768.jpeg\" alt=\"\" class=\"wp-image-10225\" srcset=\"https:\/\/www.loka.si\/wp-content\/uploads\/2024\/03\/IMG_3889-1024x768.jpeg 1024w, https:\/\/www.loka.si\/wp-content\/uploads\/2024\/03\/IMG_3889-300x225.jpeg 300w, https:\/\/www.loka.si\/wp-content\/uploads\/2024\/03\/IMG_3889-768x576.jpeg 768w, https:\/\/www.loka.si\/wp-content\/uploads\/2024\/03\/IMG_3889-1536x1152.jpeg 1536w, https:\/\/www.loka.si\/wp-content\/uploads\/2024\/03\/IMG_3889-2048x1536.jpeg 2048w\" sizes=\"(max-width: 1024px) 100vw, 1024px\" \/><\/figure>\n<\/div>\n\n\n\n<div class=\"wp-block-column is-layout-flow\">\n<figure class=\"wp-block-image size-large image-sm\"><img decoding=\"async\" loading=\"lazy\" width=\"1024\" height=\"768\" src=\"https:\/\/www.loka.si\/wp-content\/uploads\/2024\/03\/IMG_3888-1024x768.jpeg\" alt=\"\" class=\"wp-image-10218\" srcset=\"https:\/\/www.loka.si\/wp-content\/uploads\/2024\/03\/IMG_3888-1024x768.jpeg 1024w, https:\/\/www.loka.si\/wp-content\/uploads\/2024\/03\/IMG_3888-300x225.jpeg 300w, https:\/\/www.loka.si\/wp-content\/uploads\/2024\/03\/IMG_3888-768x576.jpeg 768w, https:\/\/www.loka.si\/wp-content\/uploads\/2024\/03\/IMG_3888-1536x1152.jpeg 1536w, https:\/\/www.loka.si\/wp-content\/uploads\/2024\/03\/IMG_3888-2048x1536.jpeg 2048w\" sizes=\"(max-width: 1024px) 100vw, 1024px\" \/><\/figure>\n<\/div>\n<\/div>\n\n\n\n<h3 class=\"wp-block-heading has-text-align-left\">Appartement \u00e0 deux chambres<\/h3>\n\n\n\n<p class=\"has-text-align-left\" style=\"line-height:1.4\">L&rsquo;appartement est situ\u00e9 au premier \u00e9tage. L&rsquo;\u00e9tage sup\u00e9rieur est accessible uniquement par des escaliers. <\/p>\n\n\n\n<div class=\"wp-block-group justify-content-around align-items-start is-content-justification-left is-nowrap is-layout-flex wp-container-15\" style=\"padding-top:15px\">\n<div class=\"wp-block-group is-layout-flow wp-container-10\">\n<div class=\"wp-block-group is-layout-flow\" style=\"padding-bottom:10px\">\n<figure class=\"wp-block-image aligncenter size-full\"><img decoding=\"async\" loading=\"lazy\" width=\"51\" height=\"51\" src=\"https:\/\/www.loka.si\/wp-content\/uploads\/2022\/08\/Asset-1.png\" alt=\"\" class=\"wp-image-1990\"\/><\/figure>\n<\/div>\n\n\n\n<p class=\"has-text-align-center\" style=\"font-style:normal;font-weight:600\">Capacit\u00e9<\/p>\n\n\n\n<p class=\"has-text-align-center\" style=\"font-style:normal;font-weight:300\">1-6<\/p>\n<\/div>\n\n\n\n<div class=\"wp-block-group is-layout-flow wp-container-12\">\n<div class=\"wp-block-group is-layout-flow\" style=\"padding-bottom:10px\">\n<figure class=\"wp-block-image aligncenter size-full\"><img decoding=\"async\" loading=\"lazy\" width=\"51\" height=\"51\" src=\"https:\/\/www.loka.si\/wp-content\/uploads\/2022\/08\/Asset-4.png\" alt=\"\" class=\"wp-image-1983\"\/><\/figure>\n<\/div>\n\n\n\n<p class=\"has-text-align-center\" style=\"font-style:normal;font-weight:600\">Dimension<\/p>\n\n\n\n<p class=\"kvadratura text-center\">60 m<sup>2<\/sup><\/p>\n<\/div>\n\n\n\n<div class=\"wp-block-group is-layout-flow wp-container-14\">\n<div class=\"wp-block-group is-layout-flow\" style=\"padding-bottom:10px\">\n<figure class=\"wp-block-image aligncenter size-full\"><img decoding=\"async\" loading=\"lazy\" width=\"51\" height=\"51\" src=\"https:\/\/www.loka.si\/wp-content\/uploads\/2022\/08\/Asset-3.png\" alt=\"\" class=\"wp-image-1997\"\/><\/figure>\n<\/div>\n\n\n\n<p class=\"has-text-align-center\" style=\"font-style:normal;font-weight:600\">Lit<\/p>\n\n\n\n<p class=\"has-text-align-center\" style=\"font-style:normal;font-weight:300\">160 x 200 cm, <\/p>\n\n\n\n<p class=\"has-text-align-center\" style=\"font-style:normal;font-weight:300\">90 x 200 cm, 2x,<br>Canap\u00e9-Lit <\/p>\n\n\n\n<p class=\"has-text-align-center\" style=\"font-style:normal;font-weight:300\">160 x 200 cm<\/p>\n<\/div>\n<\/div>\n<\/div>\n\n\n\n<div class=\"wp-block-column is-vertically-aligned-top text-column is-layout-constrained wp-container-17\" style=\"padding-top:25px;padding-right:80px;padding-left:30px;flex-basis:50%\">\n[bentral-widget type=\"reservation\"]<br>ERROR: NO POST ID\n<\/div>\n<\/div>\n\n\n\n<div style=\"height:40px\" aria-hidden=\"true\" class=\"wp-block-spacer\"><\/div>\n\n\n\n<script src=\"\/\/www.bentral.com\/service\/embed\/calendar.js?uid=5f7a59314e515f4e&amp;last=true&amp;width=full&amp;header-color=001b4c&amp;header2-color=001b4c&amp;table-color=001b4c&amp;lang=en&amp;key=43bf308ac5328ea6b0c06d977adf8806\"><\/script>\n\n\n\n<div style=\"height:10px\" aria-hidden=\"true\" class=\"wp-block-spacer\"><\/div>\n\n\n\n<div style=\"height:10px\" aria-hidden=\"true\" class=\"wp-block-spacer\"><\/div>\n\n\n\n<div style=\"height:10px\" aria-hidden=\"true\" class=\"wp-block-spacer\"><\/div>\n<\/div>\n","protected":false},"excerpt":{"rendered":"<p>Appartement \u00e0 deux chambres L&rsquo;appartement est situ\u00e9 au premier \u00e9tage. L&rsquo;\u00e9tage sup\u00e9rieur est accessible uniquement par des escaliers. Capacit\u00e9 1-6 [&hellip;]<\/p>\n","protected":false},"author":1,"featured_media":0,"parent":0,"menu_order":0,"comment_status":"closed","ping_status":"closed","template":"","meta":{"_eb_attr":""},"yoast_head":"<!-- This site is optimized with the Yoast SEO plugin v20.8 - https:\/\/yoast.com\/wordpress\/plugins\/seo\/ -->\n<title>Hotel Loka - Appartement \u00e0 deux chambres - Turizem Loka<\/title>\n<meta name=\"robots\" content=\"index, follow, max-snippet:-1, max-image-preview:large, max-video-preview:-1\" \/>\n<link rel=\"canonical\" href=\"https:\/\/www.loka.si\/fr\/appartement-a-deux-chambres\/\" \/>\n<meta property=\"og:locale\" content=\"fr_FR\" \/>\n<meta property=\"og:type\" content=\"article\" \/>\n<meta property=\"og:title\" content=\"Hotel Loka - Appartement \u00e0 deux chambres - Turizem Loka\" \/>\n<meta property=\"og:description\" content=\"Appartement \u00e0 deux chambres L&rsquo;appartement est situ\u00e9 au premier \u00e9tage. L&rsquo;\u00e9tage sup\u00e9rieur est accessible uniquement par des escaliers. Capacit\u00e9 1-6 [&hellip;]\" \/>\n<meta property=\"og:url\" content=\"https:\/\/www.loka.si\/fr\/appartement-a-deux-chambres\/\" \/>\n<meta property=\"og:site_name\" content=\"Turizem Loka\" \/>\n<meta property=\"article:publisher\" content=\"https:\/\/www.facebook.com\/turizemloka\/\" \/>\n<meta property=\"article:modified_time\" content=\"2024-03-20T11:12:01+00:00\" \/>\n<meta property=\"og:image\" content=\"https:\/\/www.loka.si\/wp-content\/uploads\/2024\/03\/IMG_3883-1024x768.jpeg\" \/>\n<meta name=\"twitter:card\" content=\"summary_large_image\" \/>\n<meta name=\"twitter:label1\" content=\"Dur\u00e9e de lecture estim\u00e9e\" \/>\n\t<meta name=\"twitter:data1\" content=\"3 minutes\" \/>\n<script type=\"application\/ld+json\" class=\"yoast-schema-graph\">{\"@context\":\"https:\/\/schema.org\",\"@graph\":[{\"@type\":\"WebPage\",\"@id\":\"https:\/\/www.loka.si\/fr\/appartement-a-deux-chambres\/\",\"url\":\"https:\/\/www.loka.si\/fr\/appartement-a-deux-chambres\/\",\"name\":\"Hotel Loka - Appartement \u00e0 deux chambres - Turizem Loka\",\"isPartOf\":{\"@id\":\"https:\/\/www.loka.si\/fr\/#website\"},\"datePublished\":\"2022-08-18T11:16:11+00:00\",\"dateModified\":\"2024-03-20T11:12:01+00:00\",\"breadcrumb\":{\"@id\":\"https:\/\/www.loka.si\/fr\/appartement-a-deux-chambres\/#breadcrumb\"},\"inLanguage\":\"fr-FR\",\"potentialAction\":[{\"@type\":\"ReadAction\",\"target\":[\"https:\/\/www.loka.si\/fr\/appartement-a-deux-chambres\/\"]}]},{\"@type\":\"BreadcrumbList\",\"@id\":\"https:\/\/www.loka.si\/fr\/appartement-a-deux-chambres\/#breadcrumb\",\"itemListElement\":[{\"@type\":\"ListItem\",\"position\":1,\"name\":\"Home\",\"item\":\"https:\/\/www.loka.si\/fr\/\"},{\"@type\":\"ListItem\",\"position\":2,\"name\":\"Hotel Loka &#8211; Appartement \u00e0 deux chambres\"}]},{\"@type\":\"WebSite\",\"@id\":\"https:\/\/www.loka.si\/fr\/#website\",\"url\":\"https:\/\/www.loka.si\/fr\/\",\"name\":\"Turizem Loka\",\"description\":\"\",\"publisher\":{\"@id\":\"https:\/\/www.loka.si\/fr\/#organization\"},\"potentialAction\":[{\"@type\":\"SearchAction\",\"target\":{\"@type\":\"EntryPoint\",\"urlTemplate\":\"https:\/\/www.loka.si\/fr\/?s={search_term_string}\"},\"query-input\":\"required name=search_term_string\"}],\"inLanguage\":\"fr-FR\"},{\"@type\":\"Organization\",\"@id\":\"https:\/\/www.loka.si\/fr\/#organization\",\"name\":\"Turizem Loka\",\"url\":\"https:\/\/www.loka.si\/fr\/\",\"logo\":{\"@type\":\"ImageObject\",\"inLanguage\":\"fr-FR\",\"@id\":\"https:\/\/www.loka.si\/fr\/#\/schema\/logo\/image\/\",\"url\":\"https:\/\/www.loka.si\/wp-content\/uploads\/2022\/09\/Asset-1-2.webp\",\"contentUrl\":\"https:\/\/www.loka.si\/wp-content\/uploads\/2022\/09\/Asset-1-2.webp\",\"width\":500,\"height\":550,\"caption\":\"Turizem Loka\"},\"image\":{\"@id\":\"https:\/\/www.loka.si\/fr\/#\/schema\/logo\/image\/\"},\"sameAs\":[\"https:\/\/www.facebook.com\/turizemloka\/\",\"https:\/\/www.instagram.com\/turizem_loka\/\"]}]}<\/script>\n<!-- \/ Yoast SEO plugin. -->","yoast_head_json":{"title":"Hotel Loka - Appartement \u00e0 deux chambres - Turizem Loka","robots":{"index":"index","follow":"follow","max-snippet":"max-snippet:-1","max-image-preview":"max-image-preview:large","max-video-preview":"max-video-preview:-1"},"canonical":"https:\/\/www.loka.si\/fr\/appartement-a-deux-chambres\/","og_locale":"fr_FR","og_type":"article","og_title":"Hotel Loka - Appartement \u00e0 deux chambres - Turizem Loka","og_description":"Appartement \u00e0 deux chambres L&rsquo;appartement est situ\u00e9 au premier \u00e9tage. L&rsquo;\u00e9tage sup\u00e9rieur est accessible uniquement par des escaliers. Capacit\u00e9 1-6 [&hellip;]","og_url":"https:\/\/www.loka.si\/fr\/appartement-a-deux-chambres\/","og_site_name":"Turizem Loka","article_publisher":"https:\/\/www.facebook.com\/turizemloka\/","article_modified_time":"2024-03-20T11:12:01+00:00","og_image":[{"url":"https:\/\/www.loka.si\/wp-content\/uploads\/2024\/03\/IMG_3883-1024x768.jpeg"}],"twitter_card":"summary_large_image","twitter_misc":{"Dur\u00e9e de lecture estim\u00e9e":"3 minutes"},"schema":{"@context":"https:\/\/schema.org","@graph":[{"@type":"WebPage","@id":"https:\/\/www.loka.si\/fr\/appartement-a-deux-chambres\/","url":"https:\/\/www.loka.si\/fr\/appartement-a-deux-chambres\/","name":"Hotel Loka - Appartement \u00e0 deux chambres - Turizem Loka","isPartOf":{"@id":"https:\/\/www.loka.si\/fr\/#website"},"datePublished":"2022-08-18T11:16:11+00:00","dateModified":"2024-03-20T11:12:01+00:00","breadcrumb":{"@id":"https:\/\/www.loka.si\/fr\/appartement-a-deux-chambres\/#breadcrumb"},"inLanguage":"fr-FR","potentialAction":[{"@type":"ReadAction","target":["https:\/\/www.loka.si\/fr\/appartement-a-deux-chambres\/"]}]},{"@type":"BreadcrumbList","@id":"https:\/\/www.loka.si\/fr\/appartement-a-deux-chambres\/#breadcrumb","itemListElement":[{"@type":"ListItem","position":1,"name":"Home","item":"https:\/\/www.loka.si\/fr\/"},{"@type":"ListItem","position":2,"name":"Hotel Loka &#8211; Appartement \u00e0 deux chambres"}]},{"@type":"WebSite","@id":"https:\/\/www.loka.si\/fr\/#website","url":"https:\/\/www.loka.si\/fr\/","name":"Turizem Loka","description":"","publisher":{"@id":"https:\/\/www.loka.si\/fr\/#organization"},"potentialAction":[{"@type":"SearchAction","target":{"@type":"EntryPoint","urlTemplate":"https:\/\/www.loka.si\/fr\/?s={search_term_string}"},"query-input":"required name=search_term_string"}],"inLanguage":"fr-FR"},{"@type":"Organization","@id":"https:\/\/www.loka.si\/fr\/#organization","name":"Turizem Loka","url":"https:\/\/www.loka.si\/fr\/","logo":{"@type":"ImageObject","inLanguage":"fr-FR","@id":"https:\/\/www.loka.si\/fr\/#\/schema\/logo\/image\/","url":"https:\/\/www.loka.si\/wp-content\/uploads\/2022\/09\/Asset-1-2.webp","contentUrl":"https:\/\/www.loka.si\/wp-content\/uploads\/2022\/09\/Asset-1-2.webp","width":500,"height":550,"caption":"Turizem Loka"},"image":{"@id":"https:\/\/www.loka.si\/fr\/#\/schema\/logo\/image\/"},"sameAs":["https:\/\/www.facebook.com\/turizemloka\/","https:\/\/www.instagram.com\/turizem_loka\/"]}]}},"_links":{"self":[{"href":"https:\/\/www.loka.si\/fr\/wp-json\/wp\/v2\/pages\/6646"}],"collection":[{"href":"https:\/\/www.loka.si\/fr\/wp-json\/wp\/v2\/pages"}],"about":[{"href":"https:\/\/www.loka.si\/fr\/wp-json\/wp\/v2\/types\/page"}],"author":[{"embeddable":true,"href":"https:\/\/www.loka.si\/fr\/wp-json\/wp\/v2\/users\/1"}],"replies":[{"embeddable":true,"href":"https:\/\/www.loka.si\/fr\/wp-json\/wp\/v2\/comments?post=6646"}],"version-history":[{"count":8,"href":"https:\/\/www.loka.si\/fr\/wp-json\/wp\/v2\/pages\/6646\/revisions"}],"predecessor-version":[{"id":10618,"href":"https:\/\/www.loka.si\/fr\/wp-json\/wp\/v2\/pages\/6646\/revisions\/10618"}],"wp:attachment":[{"href":"https:\/\/www.loka.si\/fr\/wp-json\/wp\/v2\/media?parent=6646"}],"curies":[{"name":"wp","href":"https:\/\/api.w.org\/{rel}","templated":true}]}}