{"id":6631,"date":"2022-07-28T10:43:21","date_gmt":"2022-07-28T10:43:21","guid":{"rendered":"https:\/\/www.loka.si\/attraits\/"},"modified":"2022-09-12T13:21:07","modified_gmt":"2022-09-12T13:21:07","slug":"attraits","status":"publish","type":"page","link":"https:\/\/www.loka.si\/fr\/attraits\/","title":{"rendered":"Attraits"},"content":{"rendered":"\n<div class=\"wp-block-group zanimivosti-page is-layout-flow\" style=\"padding-top:0px;padding-right:0px;padding-bottom:0px;padding-left:0px\">\n<div class=\"wp-block-group container page-media-cards is-layout-flow wp-container-7\">\n<div class=\"wp-block-columns are-vertically-aligned-center is-layout-flex wp-container-3\" style=\"padding-top:0px;padding-right:0px;padding-bottom:0px;padding-left:0px\">\n<div class=\"wp-block-column is-vertically-aligned-center text-end is-layout-flow\" style=\"padding-top:0px;padding-right:0px;padding-bottom:0px;padding-left:0px;flex-basis:50%\">\n<figure class=\"wp-block-image size-full\"><img decoding=\"async\" loading=\"lazy\" width=\"960\" height=\"600\" src=\"https:\/\/www.loka.si\/wp-content\/uploads\/2022\/09\/Skofja-loka-WEBP-edited.webp\" alt=\"\" class=\"wp-image-5724\" srcset=\"https:\/\/www.loka.si\/wp-content\/uploads\/2022\/09\/Skofja-loka-WEBP-edited.webp 960w, https:\/\/www.loka.si\/wp-content\/uploads\/2022\/09\/Skofja-loka-WEBP-edited-300x188.webp 300w, https:\/\/www.loka.si\/wp-content\/uploads\/2022\/09\/Skofja-loka-WEBP-edited-768x480.webp 768w\" sizes=\"(max-width: 960px) 100vw, 960px\" \/><\/figure>\n<\/div>\n\n\n\n<div class=\"wp-block-column is-vertically-aligned-center is-layout-flow\" style=\"padding-top:0px;padding-right:80px;padding-left:45px;flex-basis:50%\">\n<h3 class=\"has-primary-color has-text-color wp-block-heading\">Attraits<\/h3>\n\n\n\n<pre class=\"wp-block-preformatted has-primary-color has-text-color\" style=\"line-height:1.4\">Sites:\n<a rel=\"noreferrer noopener\" href=\"https:\/\/www.visitskofjaloka.si\/fr\/\" target=\"_blank\">- \u0160kofja Loka <\/a>\n<a rel=\"noreferrer noopener\" href=\"https:\/\/www.poljanskadolina.com\/en\/\" target=\"_blank\">- Vall\u00e9e Poljanska dolina<\/a> \n<a rel=\"noreferrer noopener\" href=\"https:\/\/www.jzr.si\/\" target=\"_blank\">- Vall\u00e9e Sel\u0161ka dolina<\/a> \n<a href=\"https:\/\/www.visitkranj.com\/en\" target=\"_blank\" rel=\"noreferrer noopener\">- Kranj <\/a>\n<a href=\"https:\/\/www.visitkamnik.com\/fr\" target=\"_blank\" rel=\"noreferrer noopener\">- Kamnik <\/a>\n-<a href=\"https:\/\/www.visitljubljana.com\/fr\/visiteurs\/\" target=\"_blank\" rel=\"noreferrer noopener\"> Ljubljana <\/a> \n<a href=\"https:\/\/www.bled.si\/fr\" target=\"_blank\" rel=\"noreferrer noopener\">- Bled<\/a> \n<a href=\"https:\/\/www.bohinj.si\/en\/\" target=\"_blank\" rel=\"noreferrer noopener\">- Bohinj <\/a>\n<a href=\"https:\/\/kranjska-gora.si\/en\/\" target=\"_blank\" rel=\"noreferrer noopener\">- Kranjska Gora <\/a>\n<a href=\"https:\/\/www.postojnska-jama.eu\/fr\/\" target=\"_blank\" rel=\"noreferrer noopener\">- La grotte Postojnska jama <\/a>\n<a href=\"https:\/\/www.park-skocjanske-jame.si\/fr\" target=\"_blank\" rel=\"noreferrer noopener\">- Parc des Grottes de \u0160kocjan<\/a><\/pre>\n<\/div>\n<\/div>\n\n\n\n<div class=\"wp-block-columns is-layout-flex wp-container-6\" style=\"padding-top:0px;padding-right:0px;padding-bottom:0px;padding-left:0px\">\n<div class=\"wp-block-column text-end is-layout-flow\" style=\"padding-top:0px;padding-right:0px;padding-bottom:0px;padding-left:0px;flex-basis:50%\">\n<figure class=\"wp-block-image size-full\"><img decoding=\"async\" loading=\"lazy\" width=\"640\" height=\"580\" src=\"https:\/\/www.loka.si\/wp-content\/uploads\/2022\/08\/izlet-bled-WEBP.webp\" alt=\"\" class=\"wp-image-4502\" srcset=\"https:\/\/www.loka.si\/wp-content\/uploads\/2022\/08\/izlet-bled-WEBP.webp 640w, https:\/\/www.loka.si\/wp-content\/uploads\/2022\/08\/izlet-bled-WEBP-300x272.webp 300w\" sizes=\"(max-width: 640px) 100vw, 640px\" \/><\/figure>\n<\/div>\n\n\n\n<div class=\"wp-block-column is-layout-flow\" style=\"padding-top:0px;padding-right:0px;padding-bottom:0px;padding-left:0px;flex-basis:50%\">\n<figure class=\"wp-block-image size-full\"><img decoding=\"async\" loading=\"lazy\" width=\"640\" height=\"580\" src=\"https:\/\/www.loka.si\/wp-content\/uploads\/2022\/08\/izlet-ljubljana-WEBP.webp\" alt=\"\" class=\"wp-image-4517\" srcset=\"https:\/\/www.loka.si\/wp-content\/uploads\/2022\/08\/izlet-ljubljana-WEBP.webp 640w, https:\/\/www.loka.si\/wp-content\/uploads\/2022\/08\/izlet-ljubljana-WEBP-300x272.webp 300w\" sizes=\"(max-width: 640px) 100vw, 640px\" \/><\/figure>\n<\/div>\n<\/div>\n<\/div>\n<\/div>\n","protected":false},"excerpt":{"rendered":"<p>Attraits Sites: &#8211; \u0160kofja Loka &#8211; Vall\u00e9e Poljanska dolina &#8211; Vall\u00e9e Sel\u0161ka dolina &#8211; Kranj &#8211; Kamnik &#8211; Ljubljana &#8211; [&hellip;]<\/p>\n","protected":false},"author":1,"featured_media":0,"parent":0,"menu_order":0,"comment_status":"closed","ping_status":"closed","template":"page-zanimivosti","meta":{"_eb_attr":""},"yoast_head":"<!-- This site is optimized with the Yoast SEO plugin v20.8 - https:\/\/yoast.com\/wordpress\/plugins\/seo\/ -->\n<title>Attraits - Turizem Loka<\/title>\n<meta name=\"robots\" content=\"index, follow, max-snippet:-1, max-image-preview:large, max-video-preview:-1\" \/>\n<link rel=\"canonical\" href=\"https:\/\/www.loka.si\/fr\/attraits\/\" \/>\n<meta property=\"og:locale\" content=\"fr_FR\" \/>\n<meta property=\"og:type\" content=\"article\" \/>\n<meta property=\"og:title\" content=\"Attraits - Turizem Loka\" \/>\n<meta property=\"og:description\" content=\"Attraits Sites: - \u0160kofja Loka - Vall\u00e9e Poljanska dolina - Vall\u00e9e Sel\u0161ka dolina - Kranj - Kamnik - Ljubljana - [&hellip;]\" \/>\n<meta property=\"og:url\" content=\"https:\/\/www.loka.si\/fr\/attraits\/\" \/>\n<meta property=\"og:site_name\" content=\"Turizem Loka\" \/>\n<meta property=\"article:publisher\" content=\"https:\/\/www.facebook.com\/turizemloka\/\" \/>\n<meta property=\"article:modified_time\" content=\"2022-09-12T13:21:07+00:00\" \/>\n<meta property=\"og:image\" content=\"https:\/\/www.loka.si\/wp-content\/uploads\/2022\/09\/Skofja-loka-WEBP-edited.webp\" \/>\n<meta name=\"twitter:card\" content=\"summary_large_image\" \/>\n<script type=\"application\/ld+json\" class=\"yoast-schema-graph\">{\"@context\":\"https:\/\/schema.org\",\"@graph\":[{\"@type\":\"WebPage\",\"@id\":\"https:\/\/www.loka.si\/fr\/attraits\/\",\"url\":\"https:\/\/www.loka.si\/fr\/attraits\/\",\"name\":\"Attraits - Turizem Loka\",\"isPartOf\":{\"@id\":\"https:\/\/www.loka.si\/fr\/#website\"},\"datePublished\":\"2022-07-28T10:43:21+00:00\",\"dateModified\":\"2022-09-12T13:21:07+00:00\",\"breadcrumb\":{\"@id\":\"https:\/\/www.loka.si\/fr\/attraits\/#breadcrumb\"},\"inLanguage\":\"fr-FR\",\"potentialAction\":[{\"@type\":\"ReadAction\",\"target\":[\"https:\/\/www.loka.si\/fr\/attraits\/\"]}]},{\"@type\":\"BreadcrumbList\",\"@id\":\"https:\/\/www.loka.si\/fr\/attraits\/#breadcrumb\",\"itemListElement\":[{\"@type\":\"ListItem\",\"position\":1,\"name\":\"Home\",\"item\":\"https:\/\/www.loka.si\/fr\/\"},{\"@type\":\"ListItem\",\"position\":2,\"name\":\"Attraits\"}]},{\"@type\":\"WebSite\",\"@id\":\"https:\/\/www.loka.si\/fr\/#website\",\"url\":\"https:\/\/www.loka.si\/fr\/\",\"name\":\"Turizem Loka\",\"description\":\"\",\"publisher\":{\"@id\":\"https:\/\/www.loka.si\/fr\/#organization\"},\"potentialAction\":[{\"@type\":\"SearchAction\",\"target\":{\"@type\":\"EntryPoint\",\"urlTemplate\":\"https:\/\/www.loka.si\/fr\/?s={search_term_string}\"},\"query-input\":\"required name=search_term_string\"}],\"inLanguage\":\"fr-FR\"},{\"@type\":\"Organization\",\"@id\":\"https:\/\/www.loka.si\/fr\/#organization\",\"name\":\"Turizem Loka\",\"url\":\"https:\/\/www.loka.si\/fr\/\",\"logo\":{\"@type\":\"ImageObject\",\"inLanguage\":\"fr-FR\",\"@id\":\"https:\/\/www.loka.si\/fr\/#\/schema\/logo\/image\/\",\"url\":\"https:\/\/www.loka.si\/wp-content\/uploads\/2022\/09\/Asset-1-2.webp\",\"contentUrl\":\"https:\/\/www.loka.si\/wp-content\/uploads\/2022\/09\/Asset-1-2.webp\",\"width\":500,\"height\":550,\"caption\":\"Turizem Loka\"},\"image\":{\"@id\":\"https:\/\/www.loka.si\/fr\/#\/schema\/logo\/image\/\"},\"sameAs\":[\"https:\/\/www.facebook.com\/turizemloka\/\",\"https:\/\/www.instagram.com\/turizem_loka\/\"]}]}<\/script>\n<!-- \/ Yoast SEO plugin. -->","yoast_head_json":{"title":"Attraits - Turizem Loka","robots":{"index":"index","follow":"follow","max-snippet":"max-snippet:-1","max-image-preview":"max-image-preview:large","max-video-preview":"max-video-preview:-1"},"canonical":"https:\/\/www.loka.si\/fr\/attraits\/","og_locale":"fr_FR","og_type":"article","og_title":"Attraits - Turizem Loka","og_description":"Attraits Sites: - \u0160kofja Loka - Vall\u00e9e Poljanska dolina - Vall\u00e9e Sel\u0161ka dolina - Kranj - Kamnik - Ljubljana - [&hellip;]","og_url":"https:\/\/www.loka.si\/fr\/attraits\/","og_site_name":"Turizem Loka","article_publisher":"https:\/\/www.facebook.com\/turizemloka\/","article_modified_time":"2022-09-12T13:21:07+00:00","og_image":[{"url":"https:\/\/www.loka.si\/wp-content\/uploads\/2022\/09\/Skofja-loka-WEBP-edited.webp"}],"twitter_card":"summary_large_image","schema":{"@context":"https:\/\/schema.org","@graph":[{"@type":"WebPage","@id":"https:\/\/www.loka.si\/fr\/attraits\/","url":"https:\/\/www.loka.si\/fr\/attraits\/","name":"Attraits - Turizem Loka","isPartOf":{"@id":"https:\/\/www.loka.si\/fr\/#website"},"datePublished":"2022-07-28T10:43:21+00:00","dateModified":"2022-09-12T13:21:07+00:00","breadcrumb":{"@id":"https:\/\/www.loka.si\/fr\/attraits\/#breadcrumb"},"inLanguage":"fr-FR","potentialAction":[{"@type":"ReadAction","target":["https:\/\/www.loka.si\/fr\/attraits\/"]}]},{"@type":"BreadcrumbList","@id":"https:\/\/www.loka.si\/fr\/attraits\/#breadcrumb","itemListElement":[{"@type":"ListItem","position":1,"name":"Home","item":"https:\/\/www.loka.si\/fr\/"},{"@type":"ListItem","position":2,"name":"Attraits"}]},{"@type":"WebSite","@id":"https:\/\/www.loka.si\/fr\/#website","url":"https:\/\/www.loka.si\/fr\/","name":"Turizem Loka","description":"","publisher":{"@id":"https:\/\/www.loka.si\/fr\/#organization"},"potentialAction":[{"@type":"SearchAction","target":{"@type":"EntryPoint","urlTemplate":"https:\/\/www.loka.si\/fr\/?s={search_term_string}"},"query-input":"required name=search_term_string"}],"inLanguage":"fr-FR"},{"@type":"Organization","@id":"https:\/\/www.loka.si\/fr\/#organization","name":"Turizem Loka","url":"https:\/\/www.loka.si\/fr\/","logo":{"@type":"ImageObject","inLanguage":"fr-FR","@id":"https:\/\/www.loka.si\/fr\/#\/schema\/logo\/image\/","url":"https:\/\/www.loka.si\/wp-content\/uploads\/2022\/09\/Asset-1-2.webp","contentUrl":"https:\/\/www.loka.si\/wp-content\/uploads\/2022\/09\/Asset-1-2.webp","width":500,"height":550,"caption":"Turizem Loka"},"image":{"@id":"https:\/\/www.loka.si\/fr\/#\/schema\/logo\/image\/"},"sameAs":["https:\/\/www.facebook.com\/turizemloka\/","https:\/\/www.instagram.com\/turizem_loka\/"]}]}},"_links":{"self":[{"href":"https:\/\/www.loka.si\/fr\/wp-json\/wp\/v2\/pages\/6631"}],"collection":[{"href":"https:\/\/www.loka.si\/fr\/wp-json\/wp\/v2\/pages"}],"about":[{"href":"https:\/\/www.loka.si\/fr\/wp-json\/wp\/v2\/types\/page"}],"author":[{"embeddable":true,"href":"https:\/\/www.loka.si\/fr\/wp-json\/wp\/v2\/users\/1"}],"replies":[{"embeddable":true,"href":"https:\/\/www.loka.si\/fr\/wp-json\/wp\/v2\/comments?post=6631"}],"version-history":[{"count":6,"href":"https:\/\/www.loka.si\/fr\/wp-json\/wp\/v2\/pages\/6631\/revisions"}],"predecessor-version":[{"id":7565,"href":"https:\/\/www.loka.si\/fr\/wp-json\/wp\/v2\/pages\/6631\/revisions\/7565"}],"wp:attachment":[{"href":"https:\/\/www.loka.si\/fr\/wp-json\/wp\/v2\/media?parent=6631"}],"curies":[{"name":"wp","href":"https:\/\/api.w.org\/{rel}","templated":true}]}}