{"id":6628,"date":"2022-07-28T10:41:26","date_gmt":"2022-07-28T10:41:26","guid":{"rendered":"https:\/\/www.loka.si\/cyclisme\/"},"modified":"2023-11-21T05:18:42","modified_gmt":"2023-11-21T05:18:42","slug":"cyclisme","status":"publish","type":"page","link":"https:\/\/www.loka.si\/fr\/cyclisme\/","title":{"rendered":"Cyclisme"},"content":{"rendered":"\n<div class=\"wp-block-group zanimivosti-page is-layout-flow\" style=\"padding-top:0px;padding-right:0px;padding-bottom:0px;padding-left:0px\">\n<div class=\"wp-block-group container page-media-cards has-primary-color has-text-color is-layout-flow wp-container-4\">\n<div class=\"wp-block-columns is-layout-flex wp-container-3\" style=\"padding-top:0px;padding-right:0px;padding-bottom:0px;padding-left:0px\">\n<div class=\"wp-block-column text-end is-layout-flow\" style=\"padding-top:0px;padding-right:0px;padding-bottom:0px;padding-left:0px;flex-basis:50%\">\n<figure class=\"wp-block-image size-full\"><img decoding=\"async\" src=\"https:\/\/www.loka.si\/wp-content\/uploads\/2022\/08\/kolesarjenje-1.jpg\" alt=\"\" class=\"wp-image-4253\"\/><\/figure>\n<\/div>\n\n\n\n<div class=\"wp-block-column is-layout-flow\" style=\"padding-top:45px;padding-right:50px;padding-left:45px;flex-basis:50%\">\n<h3 class=\"wp-block-heading\">Cyclisme<\/h3>\n\n\n\n<p style=\"line-height:1.4\"><a href=\"https:\/\/www.visitskofjaloka.si\/fr\/experiences\/vacances-actives\/cycling\" target=\"_blank\" rel=\"noreferrer noopener\"><strong>La piste cyclable<\/strong><\/a> de Loka<\/p>\n\n\n\n<p>Notre prestataire local <strong><a href=\"https:\/\/greenhills.si\/\" target=\"_blank\" rel=\"noreferrer noopener\">Greenhills Bike Tours Slovenia<\/a><\/strong> est \u00e0 votre disposition pour des balades \u00e0 v\u00e9lo ou des locations de v\u00e9los.<\/p>\n\n\n\n<figure class=\"wp-block-image size-full is-resized\"><a href=\"https:\/\/greenhills.si\/\" target=\"_blank\" rel=\"noreferrer noopener\"><img decoding=\"async\" loading=\"lazy\" src=\"https:\/\/www.loka.si\/wp-content\/uploads\/2023\/11\/image-4.png\" alt=\"\" class=\"wp-image-9956\" width=\"141\" height=\"79\" srcset=\"https:\/\/www.loka.si\/wp-content\/uploads\/2023\/11\/image-4.png 931w, https:\/\/www.loka.si\/wp-content\/uploads\/2023\/11\/image-4-300x170.png 300w, https:\/\/www.loka.si\/wp-content\/uploads\/2023\/11\/image-4-768x436.png 768w\" sizes=\"(max-width: 141px) 100vw, 141px\" \/><\/a><\/figure>\n<\/div>\n<\/div>\n<\/div>\n<\/div>\n","protected":false},"excerpt":{"rendered":"<p>Cyclisme La piste cyclable de Loka Notre prestataire local Greenhills Bike Tours Slovenia est \u00e0 votre disposition pour des balades [&hellip;]<\/p>\n","protected":false},"author":1,"featured_media":0,"parent":0,"menu_order":0,"comment_status":"closed","ping_status":"closed","template":"page-zanimivosti","meta":{"_eb_attr":""},"yoast_head":"<!-- This site is optimized with the Yoast SEO plugin v20.8 - https:\/\/yoast.com\/wordpress\/plugins\/seo\/ -->\n<title>Cyclisme - Turizem Loka<\/title>\n<meta name=\"robots\" content=\"index, follow, max-snippet:-1, max-image-preview:large, max-video-preview:-1\" \/>\n<link rel=\"canonical\" href=\"https:\/\/www.loka.si\/fr\/cyclisme\/\" \/>\n<meta property=\"og:locale\" content=\"fr_FR\" \/>\n<meta property=\"og:type\" content=\"article\" \/>\n<meta property=\"og:title\" content=\"Cyclisme - Turizem Loka\" \/>\n<meta property=\"og:description\" content=\"Cyclisme La piste cyclable de Loka Notre prestataire local Greenhills Bike Tours Slovenia est \u00e0 votre disposition pour des balades [&hellip;]\" \/>\n<meta property=\"og:url\" content=\"https:\/\/www.loka.si\/fr\/cyclisme\/\" \/>\n<meta property=\"og:site_name\" content=\"Turizem Loka\" \/>\n<meta property=\"article:publisher\" content=\"https:\/\/www.facebook.com\/turizemloka\/\" \/>\n<meta property=\"article:modified_time\" content=\"2023-11-21T05:18:42+00:00\" \/>\n<meta property=\"og:image\" content=\"https:\/\/www.loka.si\/wp-content\/uploads\/2022\/08\/kolesarjenje-1.jpg\" \/>\n<meta name=\"twitter:card\" content=\"summary_large_image\" \/>\n<meta name=\"twitter:label1\" content=\"Dur\u00e9e de lecture estim\u00e9e\" \/>\n\t<meta name=\"twitter:data1\" content=\"1 minute\" \/>\n<script type=\"application\/ld+json\" class=\"yoast-schema-graph\">{\"@context\":\"https:\/\/schema.org\",\"@graph\":[{\"@type\":\"WebPage\",\"@id\":\"https:\/\/www.loka.si\/fr\/cyclisme\/\",\"url\":\"https:\/\/www.loka.si\/fr\/cyclisme\/\",\"name\":\"Cyclisme - Turizem Loka\",\"isPartOf\":{\"@id\":\"https:\/\/www.loka.si\/fr\/#website\"},\"datePublished\":\"2022-07-28T10:41:26+00:00\",\"dateModified\":\"2023-11-21T05:18:42+00:00\",\"breadcrumb\":{\"@id\":\"https:\/\/www.loka.si\/fr\/cyclisme\/#breadcrumb\"},\"inLanguage\":\"fr-FR\",\"potentialAction\":[{\"@type\":\"ReadAction\",\"target\":[\"https:\/\/www.loka.si\/fr\/cyclisme\/\"]}]},{\"@type\":\"BreadcrumbList\",\"@id\":\"https:\/\/www.loka.si\/fr\/cyclisme\/#breadcrumb\",\"itemListElement\":[{\"@type\":\"ListItem\",\"position\":1,\"name\":\"Home\",\"item\":\"https:\/\/www.loka.si\/fr\/\"},{\"@type\":\"ListItem\",\"position\":2,\"name\":\"Cyclisme\"}]},{\"@type\":\"WebSite\",\"@id\":\"https:\/\/www.loka.si\/fr\/#website\",\"url\":\"https:\/\/www.loka.si\/fr\/\",\"name\":\"Turizem Loka\",\"description\":\"\",\"publisher\":{\"@id\":\"https:\/\/www.loka.si\/fr\/#organization\"},\"potentialAction\":[{\"@type\":\"SearchAction\",\"target\":{\"@type\":\"EntryPoint\",\"urlTemplate\":\"https:\/\/www.loka.si\/fr\/?s={search_term_string}\"},\"query-input\":\"required name=search_term_string\"}],\"inLanguage\":\"fr-FR\"},{\"@type\":\"Organization\",\"@id\":\"https:\/\/www.loka.si\/fr\/#organization\",\"name\":\"Turizem Loka\",\"url\":\"https:\/\/www.loka.si\/fr\/\",\"logo\":{\"@type\":\"ImageObject\",\"inLanguage\":\"fr-FR\",\"@id\":\"https:\/\/www.loka.si\/fr\/#\/schema\/logo\/image\/\",\"url\":\"https:\/\/www.loka.si\/wp-content\/uploads\/2022\/09\/Asset-1-2.webp\",\"contentUrl\":\"https:\/\/www.loka.si\/wp-content\/uploads\/2022\/09\/Asset-1-2.webp\",\"width\":500,\"height\":550,\"caption\":\"Turizem Loka\"},\"image\":{\"@id\":\"https:\/\/www.loka.si\/fr\/#\/schema\/logo\/image\/\"},\"sameAs\":[\"https:\/\/www.facebook.com\/turizemloka\/\",\"https:\/\/www.instagram.com\/turizem_loka\/\"]}]}<\/script>\n<!-- \/ Yoast SEO plugin. -->","yoast_head_json":{"title":"Cyclisme - Turizem Loka","robots":{"index":"index","follow":"follow","max-snippet":"max-snippet:-1","max-image-preview":"max-image-preview:large","max-video-preview":"max-video-preview:-1"},"canonical":"https:\/\/www.loka.si\/fr\/cyclisme\/","og_locale":"fr_FR","og_type":"article","og_title":"Cyclisme - Turizem Loka","og_description":"Cyclisme La piste cyclable de Loka Notre prestataire local Greenhills Bike Tours Slovenia est \u00e0 votre disposition pour des balades [&hellip;]","og_url":"https:\/\/www.loka.si\/fr\/cyclisme\/","og_site_name":"Turizem Loka","article_publisher":"https:\/\/www.facebook.com\/turizemloka\/","article_modified_time":"2023-11-21T05:18:42+00:00","og_image":[{"url":"https:\/\/www.loka.si\/wp-content\/uploads\/2022\/08\/kolesarjenje-1.jpg"}],"twitter_card":"summary_large_image","twitter_misc":{"Dur\u00e9e de lecture estim\u00e9e":"1 minute"},"schema":{"@context":"https:\/\/schema.org","@graph":[{"@type":"WebPage","@id":"https:\/\/www.loka.si\/fr\/cyclisme\/","url":"https:\/\/www.loka.si\/fr\/cyclisme\/","name":"Cyclisme - Turizem Loka","isPartOf":{"@id":"https:\/\/www.loka.si\/fr\/#website"},"datePublished":"2022-07-28T10:41:26+00:00","dateModified":"2023-11-21T05:18:42+00:00","breadcrumb":{"@id":"https:\/\/www.loka.si\/fr\/cyclisme\/#breadcrumb"},"inLanguage":"fr-FR","potentialAction":[{"@type":"ReadAction","target":["https:\/\/www.loka.si\/fr\/cyclisme\/"]}]},{"@type":"BreadcrumbList","@id":"https:\/\/www.loka.si\/fr\/cyclisme\/#breadcrumb","itemListElement":[{"@type":"ListItem","position":1,"name":"Home","item":"https:\/\/www.loka.si\/fr\/"},{"@type":"ListItem","position":2,"name":"Cyclisme"}]},{"@type":"WebSite","@id":"https:\/\/www.loka.si\/fr\/#website","url":"https:\/\/www.loka.si\/fr\/","name":"Turizem Loka","description":"","publisher":{"@id":"https:\/\/www.loka.si\/fr\/#organization"},"potentialAction":[{"@type":"SearchAction","target":{"@type":"EntryPoint","urlTemplate":"https:\/\/www.loka.si\/fr\/?s={search_term_string}"},"query-input":"required name=search_term_string"}],"inLanguage":"fr-FR"},{"@type":"Organization","@id":"https:\/\/www.loka.si\/fr\/#organization","name":"Turizem Loka","url":"https:\/\/www.loka.si\/fr\/","logo":{"@type":"ImageObject","inLanguage":"fr-FR","@id":"https:\/\/www.loka.si\/fr\/#\/schema\/logo\/image\/","url":"https:\/\/www.loka.si\/wp-content\/uploads\/2022\/09\/Asset-1-2.webp","contentUrl":"https:\/\/www.loka.si\/wp-content\/uploads\/2022\/09\/Asset-1-2.webp","width":500,"height":550,"caption":"Turizem Loka"},"image":{"@id":"https:\/\/www.loka.si\/fr\/#\/schema\/logo\/image\/"},"sameAs":["https:\/\/www.facebook.com\/turizemloka\/","https:\/\/www.instagram.com\/turizem_loka\/"]}]}},"_links":{"self":[{"href":"https:\/\/www.loka.si\/fr\/wp-json\/wp\/v2\/pages\/6628"}],"collection":[{"href":"https:\/\/www.loka.si\/fr\/wp-json\/wp\/v2\/pages"}],"about":[{"href":"https:\/\/www.loka.si\/fr\/wp-json\/wp\/v2\/types\/page"}],"author":[{"embeddable":true,"href":"https:\/\/www.loka.si\/fr\/wp-json\/wp\/v2\/users\/1"}],"replies":[{"embeddable":true,"href":"https:\/\/www.loka.si\/fr\/wp-json\/wp\/v2\/comments?post=6628"}],"version-history":[{"count":5,"href":"https:\/\/www.loka.si\/fr\/wp-json\/wp\/v2\/pages\/6628\/revisions"}],"predecessor-version":[{"id":9964,"href":"https:\/\/www.loka.si\/fr\/wp-json\/wp\/v2\/pages\/6628\/revisions\/9964"}],"wp:attachment":[{"href":"https:\/\/www.loka.si\/fr\/wp-json\/wp\/v2\/media?parent=6628"}],"curies":[{"name":"wp","href":"https:\/\/api.w.org\/{rel}","templated":true}]}}