{"id":6626,"date":"2022-07-28T10:42:15","date_gmt":"2022-07-28T10:42:15","guid":{"rendered":"https:\/\/www.loka.si\/les-sports-dhiver\/"},"modified":"2022-09-12T13:15:50","modified_gmt":"2022-09-12T13:15:50","slug":"les-sports-dhiver","status":"publish","type":"page","link":"https:\/\/www.loka.si\/fr\/les-sports-dhiver\/","title":{"rendered":"Les sports d\u00b4hiver"},"content":{"rendered":"\n<div class=\"wp-block-group zanimivosti-page is-layout-flow\" style=\"padding-top:0px;padding-right:0px;padding-bottom:0px;padding-left:0px\">\n<div class=\"wp-block-group container page-media-cards is-layout-flow wp-container-4\">\n<div class=\"wp-block-columns are-vertically-aligned-center is-layout-flex wp-container-3\" style=\"padding-top:0px;padding-right:0px;padding-bottom:0px;padding-left:0px\">\n<div class=\"wp-block-column is-vertically-aligned-center text-end is-layout-flow\" style=\"padding-top:0px;padding-right:0px;padding-bottom:0px;padding-left:0px;flex-basis:50%\">\n<figure class=\"wp-block-image size-full\"><img decoding=\"async\" loading=\"lazy\" width=\"600\" height=\"400\" src=\"https:\/\/www.loka.si\/wp-content\/uploads\/2022\/08\/Smucanje-na-starem-vrhu-600x400-WEBP.webp\" alt=\"\" class=\"wp-image-4950\" srcset=\"https:\/\/www.loka.si\/wp-content\/uploads\/2022\/08\/Smucanje-na-starem-vrhu-600x400-WEBP.webp 600w, https:\/\/www.loka.si\/wp-content\/uploads\/2022\/08\/Smucanje-na-starem-vrhu-600x400-WEBP-300x200.webp 300w\" sizes=\"(max-width: 600px) 100vw, 600px\" \/><\/figure>\n<\/div>\n\n\n\n<div class=\"wp-block-column is-vertically-aligned-center is-layout-flow\" style=\"padding-right:80px;padding-left:45px;flex-basis:50%\">\n<h3 class=\"has-primary-color has-text-color wp-block-heading\">Les sports d\u00b4hiver<\/h3>\n\n\n\n<p class=\"has-primary-color has-text-color\" style=\"line-height:1.4\">Pr\u00e8s de \u0160kofja Loka, il y a des dizaines de centres de ski bien entretenus avec des remont\u00e9es m\u00e9caniques, pour les skieurs exp\u00e9riment\u00e9s ainsi que pour les d\u00e9butants et les familles avec les enfants.<\/p>\n\n\n\n<pre class=\"wp-block-preformatted\" style=\"line-height:1.4\">- <a rel=\"noreferrer noopener\" href=\"https:\/\/starivrh.si\/\" target=\"_blank\"><strong>Le centre de ski Stari vrh<\/strong><\/a> (\u00e0 12 km de \u0160kofja Loka) est situ\u00e9 sur les collines entre les vall\u00e9es Poljanska et Sel\u0161ka dolina.\n- <strong><a rel=\"noreferrer noopener\" href=\"https:\/\/www.rtc-krvavec.si\/\" target=\"_blank\">Station de ski Krvavec<\/a><\/strong> (28 km de \u0160kofja Loka)\n- <strong><a href=\"https:\/\/www.ski-cerkno.com\/en\/index.html\" target=\"_blank\" rel=\"noreferrer noopener\">Le centre de ski Cerkno<\/a><\/strong> (\u00e0 35 km de \u0160kofja Loka) est la station de ski familiale la plus moderne de Slov\u00e9nie.\n- <strong><a rel=\"noreferrer noopener\" href=\"https:\/\/soriska-planina.si\/\" target=\"_blank\">Le centre de ski Sori\u0161ka planina<\/a><\/strong> (\u00e0 35 km de \u0160kofja Loka) est situ\u00e9 dans la partie sup\u00e9rieure de la vall\u00e9e de Sel\u0161ka, au-dessus du village de Sorica.\n- <strong><a rel=\"noreferrer noopener\" href=\"https:\/\/www.sc-rudno.si\/\" target=\"_blank\">Station de ski Rudno<\/a><\/strong> (\u00e0 17 km de \u0160kofja Loka).<\/pre>\n<\/div>\n<\/div>\n<\/div>\n<\/div>\n","protected":false},"excerpt":{"rendered":"<p>Les sports d\u00b4hiver Pr\u00e8s de \u0160kofja Loka, il y a des dizaines de centres de ski bien entretenus avec des [&hellip;]<\/p>\n","protected":false},"author":1,"featured_media":0,"parent":0,"menu_order":0,"comment_status":"closed","ping_status":"closed","template":"page-zanimivosti","meta":{"_eb_attr":""},"yoast_head":"<!-- This site is optimized with the Yoast SEO plugin v20.8 - https:\/\/yoast.com\/wordpress\/plugins\/seo\/ -->\n<title>Les sports d\u00b4hiver - Turizem Loka<\/title>\n<meta name=\"robots\" content=\"index, follow, max-snippet:-1, max-image-preview:large, max-video-preview:-1\" \/>\n<link rel=\"canonical\" href=\"https:\/\/www.loka.si\/fr\/les-sports-dhiver\/\" \/>\n<meta property=\"og:locale\" content=\"fr_FR\" \/>\n<meta property=\"og:type\" content=\"article\" \/>\n<meta property=\"og:title\" content=\"Les sports d\u00b4hiver - Turizem Loka\" \/>\n<meta property=\"og:description\" content=\"Les sports d\u00b4hiver Pr\u00e8s de \u0160kofja Loka, il y a des dizaines de centres de ski bien entretenus avec des [&hellip;]\" \/>\n<meta property=\"og:url\" content=\"https:\/\/www.loka.si\/fr\/les-sports-dhiver\/\" \/>\n<meta property=\"og:site_name\" content=\"Turizem Loka\" \/>\n<meta property=\"article:publisher\" content=\"https:\/\/www.facebook.com\/turizemloka\/\" \/>\n<meta property=\"article:modified_time\" content=\"2022-09-12T13:15:50+00:00\" \/>\n<meta property=\"og:image\" content=\"https:\/\/www.loka.si\/wp-content\/uploads\/2022\/08\/Smucanje-na-starem-vrhu-600x400-WEBP.webp\" \/>\n<meta name=\"twitter:card\" content=\"summary_large_image\" \/>\n<meta name=\"twitter:label1\" content=\"Dur\u00e9e de lecture estim\u00e9e\" \/>\n\t<meta name=\"twitter:data1\" content=\"1 minute\" \/>\n<script type=\"application\/ld+json\" class=\"yoast-schema-graph\">{\"@context\":\"https:\/\/schema.org\",\"@graph\":[{\"@type\":\"WebPage\",\"@id\":\"https:\/\/www.loka.si\/fr\/les-sports-dhiver\/\",\"url\":\"https:\/\/www.loka.si\/fr\/les-sports-dhiver\/\",\"name\":\"Les sports d\u00b4hiver - Turizem Loka\",\"isPartOf\":{\"@id\":\"https:\/\/www.loka.si\/fr\/#website\"},\"datePublished\":\"2022-07-28T10:42:15+00:00\",\"dateModified\":\"2022-09-12T13:15:50+00:00\",\"breadcrumb\":{\"@id\":\"https:\/\/www.loka.si\/fr\/les-sports-dhiver\/#breadcrumb\"},\"inLanguage\":\"fr-FR\",\"potentialAction\":[{\"@type\":\"ReadAction\",\"target\":[\"https:\/\/www.loka.si\/fr\/les-sports-dhiver\/\"]}]},{\"@type\":\"BreadcrumbList\",\"@id\":\"https:\/\/www.loka.si\/fr\/les-sports-dhiver\/#breadcrumb\",\"itemListElement\":[{\"@type\":\"ListItem\",\"position\":1,\"name\":\"Home\",\"item\":\"https:\/\/www.loka.si\/fr\/\"},{\"@type\":\"ListItem\",\"position\":2,\"name\":\"Les sports d\u00b4hiver\"}]},{\"@type\":\"WebSite\",\"@id\":\"https:\/\/www.loka.si\/fr\/#website\",\"url\":\"https:\/\/www.loka.si\/fr\/\",\"name\":\"Turizem Loka\",\"description\":\"\",\"publisher\":{\"@id\":\"https:\/\/www.loka.si\/fr\/#organization\"},\"potentialAction\":[{\"@type\":\"SearchAction\",\"target\":{\"@type\":\"EntryPoint\",\"urlTemplate\":\"https:\/\/www.loka.si\/fr\/?s={search_term_string}\"},\"query-input\":\"required name=search_term_string\"}],\"inLanguage\":\"fr-FR\"},{\"@type\":\"Organization\",\"@id\":\"https:\/\/www.loka.si\/fr\/#organization\",\"name\":\"Turizem Loka\",\"url\":\"https:\/\/www.loka.si\/fr\/\",\"logo\":{\"@type\":\"ImageObject\",\"inLanguage\":\"fr-FR\",\"@id\":\"https:\/\/www.loka.si\/fr\/#\/schema\/logo\/image\/\",\"url\":\"https:\/\/www.loka.si\/wp-content\/uploads\/2022\/09\/Asset-1-2.webp\",\"contentUrl\":\"https:\/\/www.loka.si\/wp-content\/uploads\/2022\/09\/Asset-1-2.webp\",\"width\":500,\"height\":550,\"caption\":\"Turizem Loka\"},\"image\":{\"@id\":\"https:\/\/www.loka.si\/fr\/#\/schema\/logo\/image\/\"},\"sameAs\":[\"https:\/\/www.facebook.com\/turizemloka\/\",\"https:\/\/www.instagram.com\/turizem_loka\/\"]}]}<\/script>\n<!-- \/ Yoast SEO plugin. -->","yoast_head_json":{"title":"Les sports d\u00b4hiver - Turizem Loka","robots":{"index":"index","follow":"follow","max-snippet":"max-snippet:-1","max-image-preview":"max-image-preview:large","max-video-preview":"max-video-preview:-1"},"canonical":"https:\/\/www.loka.si\/fr\/les-sports-dhiver\/","og_locale":"fr_FR","og_type":"article","og_title":"Les sports d\u00b4hiver - Turizem Loka","og_description":"Les sports d\u00b4hiver Pr\u00e8s de \u0160kofja Loka, il y a des dizaines de centres de ski bien entretenus avec des [&hellip;]","og_url":"https:\/\/www.loka.si\/fr\/les-sports-dhiver\/","og_site_name":"Turizem Loka","article_publisher":"https:\/\/www.facebook.com\/turizemloka\/","article_modified_time":"2022-09-12T13:15:50+00:00","og_image":[{"url":"https:\/\/www.loka.si\/wp-content\/uploads\/2022\/08\/Smucanje-na-starem-vrhu-600x400-WEBP.webp"}],"twitter_card":"summary_large_image","twitter_misc":{"Dur\u00e9e de lecture estim\u00e9e":"1 minute"},"schema":{"@context":"https:\/\/schema.org","@graph":[{"@type":"WebPage","@id":"https:\/\/www.loka.si\/fr\/les-sports-dhiver\/","url":"https:\/\/www.loka.si\/fr\/les-sports-dhiver\/","name":"Les sports d\u00b4hiver - Turizem Loka","isPartOf":{"@id":"https:\/\/www.loka.si\/fr\/#website"},"datePublished":"2022-07-28T10:42:15+00:00","dateModified":"2022-09-12T13:15:50+00:00","breadcrumb":{"@id":"https:\/\/www.loka.si\/fr\/les-sports-dhiver\/#breadcrumb"},"inLanguage":"fr-FR","potentialAction":[{"@type":"ReadAction","target":["https:\/\/www.loka.si\/fr\/les-sports-dhiver\/"]}]},{"@type":"BreadcrumbList","@id":"https:\/\/www.loka.si\/fr\/les-sports-dhiver\/#breadcrumb","itemListElement":[{"@type":"ListItem","position":1,"name":"Home","item":"https:\/\/www.loka.si\/fr\/"},{"@type":"ListItem","position":2,"name":"Les sports d\u00b4hiver"}]},{"@type":"WebSite","@id":"https:\/\/www.loka.si\/fr\/#website","url":"https:\/\/www.loka.si\/fr\/","name":"Turizem Loka","description":"","publisher":{"@id":"https:\/\/www.loka.si\/fr\/#organization"},"potentialAction":[{"@type":"SearchAction","target":{"@type":"EntryPoint","urlTemplate":"https:\/\/www.loka.si\/fr\/?s={search_term_string}"},"query-input":"required name=search_term_string"}],"inLanguage":"fr-FR"},{"@type":"Organization","@id":"https:\/\/www.loka.si\/fr\/#organization","name":"Turizem Loka","url":"https:\/\/www.loka.si\/fr\/","logo":{"@type":"ImageObject","inLanguage":"fr-FR","@id":"https:\/\/www.loka.si\/fr\/#\/schema\/logo\/image\/","url":"https:\/\/www.loka.si\/wp-content\/uploads\/2022\/09\/Asset-1-2.webp","contentUrl":"https:\/\/www.loka.si\/wp-content\/uploads\/2022\/09\/Asset-1-2.webp","width":500,"height":550,"caption":"Turizem Loka"},"image":{"@id":"https:\/\/www.loka.si\/fr\/#\/schema\/logo\/image\/"},"sameAs":["https:\/\/www.facebook.com\/turizemloka\/","https:\/\/www.instagram.com\/turizem_loka\/"]}]}},"_links":{"self":[{"href":"https:\/\/www.loka.si\/fr\/wp-json\/wp\/v2\/pages\/6626"}],"collection":[{"href":"https:\/\/www.loka.si\/fr\/wp-json\/wp\/v2\/pages"}],"about":[{"href":"https:\/\/www.loka.si\/fr\/wp-json\/wp\/v2\/types\/page"}],"author":[{"embeddable":true,"href":"https:\/\/www.loka.si\/fr\/wp-json\/wp\/v2\/users\/1"}],"replies":[{"embeddable":true,"href":"https:\/\/www.loka.si\/fr\/wp-json\/wp\/v2\/comments?post=6626"}],"version-history":[{"count":2,"href":"https:\/\/www.loka.si\/fr\/wp-json\/wp\/v2\/pages\/6626\/revisions"}],"predecessor-version":[{"id":7558,"href":"https:\/\/www.loka.si\/fr\/wp-json\/wp\/v2\/pages\/6626\/revisions\/7558"}],"wp:attachment":[{"href":"https:\/\/www.loka.si\/fr\/wp-json\/wp\/v2\/media?parent=6626"}],"curies":[{"name":"wp","href":"https:\/\/api.w.org\/{rel}","templated":true}]}}