{"id":6607,"date":"2022-07-27T07:30:38","date_gmt":"2022-07-27T07:30:38","guid":{"rendered":"https:\/\/www.loka.si\/a-propos-de-nous\/"},"modified":"2024-03-30T17:04:39","modified_gmt":"2024-03-30T17:04:39","slug":"a-propos-de-nous","status":"publish","type":"page","link":"https:\/\/www.loka.si\/fr\/a-propos-de-nous\/","title":{"rendered":"\u00c0 propos de nous"},"content":{"rendered":"\n<div class=\"wp-block-group o-nas has-primary-color has-text-color is-layout-flow\">\n<div class=\"wp-block-cover is-light\" style=\"min-height:500px\"><span aria-hidden=\"true\" class=\"wp-block-cover__background has-background-dim-20 has-background-dim\"><\/span><img decoding=\"async\" loading=\"lazy\" width=\"2560\" height=\"667\" class=\"wp-block-cover__image-background wp-image-5324\" alt=\"\" src=\"https:\/\/www.loka.si\/wp-content\/uploads\/2022\/08\/Banner-WEBP-scaled.webp\" style=\"object-position:36% 82%\" data-object-fit=\"cover\" data-object-position=\"36% 82%\" srcset=\"https:\/\/www.loka.si\/wp-content\/uploads\/2022\/08\/Banner-WEBP-scaled.webp 2560w, https:\/\/www.loka.si\/wp-content\/uploads\/2022\/08\/Banner-WEBP-300x78.webp 300w, https:\/\/www.loka.si\/wp-content\/uploads\/2022\/08\/Banner-WEBP-1024x267.webp 1024w, https:\/\/www.loka.si\/wp-content\/uploads\/2022\/08\/Banner-WEBP-768x200.webp 768w, https:\/\/www.loka.si\/wp-content\/uploads\/2022\/08\/Banner-WEBP-1536x400.webp 1536w, https:\/\/www.loka.si\/wp-content\/uploads\/2022\/08\/Banner-WEBP-2048x533.webp 2048w\" sizes=\"(max-width: 2560px) 100vw, 2560px\" \/><div class=\"wp-block-cover__inner-container\">\n<div class=\"wp-block-group container is-layout-flow\" style=\"padding-top:400px;padding-bottom:0px\">\n<p class=\"has-text-align-left has-white-color has-text-color has-link-color has-tiny-font-size wp-elements-47f96bf5b9e569073a5ff68c40250557\"><a href=\"https:\/\/www.loka.si\/fr\/\" data-type=\"page\" data-id=\"5\">Accueil<\/a> &gt; \u00c0 propos de nous<\/p>\n<\/div>\n<\/div><\/div>\n\n\n\n<div style=\"height:30px\" aria-hidden=\"true\" class=\"wp-block-spacer\"><\/div>\n\n\n\n<div class=\"wp-block-group o-nas-background is-layout-flow\">\n<div class=\"wp-block-cover is-light\"><span aria-hidden=\"true\" class=\"wp-block-cover__background has-white-background-color has-background-dim-70 has-background-dim\"><\/span><img decoding=\"async\" loading=\"lazy\" width=\"1011\" height=\"749\" class=\"wp-block-cover__image-background wp-image-4166\" alt=\"\" src=\"https:\/\/www.loka.si\/wp-content\/uploads\/2022\/08\/srcek-ikona-web.png\" data-object-fit=\"cover\" srcset=\"https:\/\/www.loka.si\/wp-content\/uploads\/2022\/08\/srcek-ikona-web.png 1011w, https:\/\/www.loka.si\/wp-content\/uploads\/2022\/08\/srcek-ikona-web-300x222.png 300w, https:\/\/www.loka.si\/wp-content\/uploads\/2022\/08\/srcek-ikona-web-768x569.png 768w\" sizes=\"(max-width: 1011px) 100vw, 1011px\" \/><div class=\"wp-block-cover__inner-container\">\n<div class=\"wp-block-group container is-layout-flow\">\n<figure class=\"wp-block-image size-large is-resized\"><img decoding=\"async\" src=\"https:\/\/www.loka.si\/wp-content\/uploads\/2022\/09\/Turizem-Loka-2021-2_logotip_ENG_horizontal_RGB_300dpi_positive_PRESS-1024x317.jpg\" alt=\"\" class=\"wp-image-6049\" width=\"430\" srcset=\"https:\/\/www.loka.si\/wp-content\/uploads\/2022\/09\/Turizem-Loka-2021-2_logotip_ENG_horizontal_RGB_300dpi_positive_PRESS-1024x317.jpg 1024w, https:\/\/www.loka.si\/wp-content\/uploads\/2022\/09\/Turizem-Loka-2021-2_logotip_ENG_horizontal_RGB_300dpi_positive_PRESS-300x93.jpg 300w, https:\/\/www.loka.si\/wp-content\/uploads\/2022\/09\/Turizem-Loka-2021-2_logotip_ENG_horizontal_RGB_300dpi_positive_PRESS-768x238.jpg 768w, https:\/\/www.loka.si\/wp-content\/uploads\/2022\/09\/Turizem-Loka-2021-2_logotip_ENG_horizontal_RGB_300dpi_positive_PRESS-1536x475.jpg 1536w, https:\/\/www.loka.si\/wp-content\/uploads\/2022\/09\/Turizem-Loka-2021-2_logotip_ENG_horizontal_RGB_300dpi_positive_PRESS-2048x634.jpg 2048w\" sizes=\"(max-width: 1024px) 100vw, 1024px\" \/><\/figure>\n\n\n\n<div style=\"height:30px\" aria-hidden=\"true\" class=\"wp-block-spacer\"><\/div>\n\n\n\n<div class=\"wp-block-group alignleft page-header-text is-layout-constrained wp-container-2\" style=\"padding-left:175px\">\n<h2 class=\"wp-block-heading has-primary-color has-text-color\">\u00c0 PROPOS DE NOUS<\/h2>\n\n\n\n<p class=\"has-primary-color has-text-color\" style=\"line-height:1.4\">L\u2019agence de Tourisme Lokapeut se vanter d\u2019une position exceptionnelle pr\u00e8s du c\u0153ur de la vieille ville m\u00e9di\u00e9vale de \u0160kofja Loka et \u00e0 l\u2019entr\u00e9e de la vall\u00e9e de Sel\u0161ka. Les environs offrent de nombreuses possibilit\u00e9s pour visiter le patrimoine culturel et historique riche. Vous y trouverez \u00e9galement de nombreux loisirs actifs gr\u00e2ce aux visites th\u00e9matiques, aux sentiers p\u00e9destres et cyclables, \u00e0 la p\u00eache, au ski dans les stations de ski et d\u2019autres nombreuses activit\u00e9s. D\u00b4ailleurs, l\u2019emplacement de notre b\u00e2tisse est tr\u00e8s bien situ\u00e9 pour visiter d\u2019autres endroits en Slov\u00e9nie.  <\/p>\n\n\n\n<p class=\"has-primary-color has-text-color\" style=\"line-height:1.4\">Aupr\u00e8s de l\u2019h\u00e9bergement dans des chambres et appartements \u00e9l\u00e9gamment meubl\u00e9s, nous vous offrons \u00e9galement la d\u00e9tente dans notre centre de bien-\u00eatre. Nous organisons \u00e9galement des voyages en Slov\u00e9nie et \u00e0 l\u2019\u00e9tranger d\u2019une journ\u00e9e \u00e0 plusieurs jours. <\/p>\n<\/div>\n<\/div>\n\n\n\n<div style=\"height:100px\" aria-hidden=\"true\" class=\"wp-block-spacer\"><\/div>\n\n\n\n<div class=\"wp-block-group container page-media-cards is-layout-flow wp-container-7\">\n<div class=\"wp-block-columns are-vertically-aligned-center is-layout-flex wp-container-6\" style=\"padding-top:0px;padding-right:0px;padding-bottom:0px;padding-left:0px\">\n<div class=\"wp-block-column is-vertically-aligned-center text-center is-layout-constrained wp-container-4\" style=\"padding-top:0px;padding-right:0px;padding-bottom:0px;padding-left:0px;flex-basis:50%\">\n<figure class=\"wp-block-image size-large\"><img decoding=\"async\" loading=\"lazy\" width=\"1024\" height=\"768\" src=\"https:\/\/www.loka.si\/wp-content\/uploads\/2024\/03\/20221026_091451-1024x768.jpg\" alt=\"\" class=\"wp-image-10791\" srcset=\"https:\/\/www.loka.si\/wp-content\/uploads\/2024\/03\/20221026_091451-1024x768.jpg 1024w, https:\/\/www.loka.si\/wp-content\/uploads\/2024\/03\/20221026_091451-300x225.jpg 300w, https:\/\/www.loka.si\/wp-content\/uploads\/2024\/03\/20221026_091451-768x576.jpg 768w, https:\/\/www.loka.si\/wp-content\/uploads\/2024\/03\/20221026_091451-1536x1152.jpg 1536w, https:\/\/www.loka.si\/wp-content\/uploads\/2024\/03\/20221026_091451-2048x1536.jpg 2048w\" sizes=\"(max-width: 1024px) 100vw, 1024px\" \/><\/figure>\n<\/div>\n\n\n\n<div class=\"wp-block-column is-vertically-aligned-center is-layout-flow\" style=\"padding-top:0px;padding-right:80px;padding-left:45px;flex-basis:50%\">\n<h3 class=\"wp-block-heading has-primary-color has-text-color\">Offre <\/h3>\n\n\n\n<pre class=\"wp-block-preformatted has-primary-color has-text-color\" style=\"line-height:1.4\">- h\u00e9bergement et petit-d\u00e9jeuner servi dans les chambres\n- h\u00e9bergement en appartement\n- chambres pour handicap\u00e9s\n- salle de r\u00e9union\n- centre de bien-\u00eatre\n- organisation d\u2019excursions\n- transport\n- magasin de produits domestiques\n- parking gratuit\n- acc\u00e8s internet WIFI gratuit<\/pre>\n<\/div>\n<\/div>\n\n\n\n<div class=\"wp-block-essential-blocks-slider\"><div class=\"eb-parent-wrapper eb-parent-eb-slider-mh7jbg8 \"><div class=\"eb-slider-wrapper eb-slider-mh7jbg8\" data-settings=\"{&quot;arrows&quot;:true,&quot;adaptiveHeight&quot;:false,&quot;autoplay&quot;:false,&quot;autoplaySpeed&quot;:3000,&quot;dots&quot;:true,&quot;fade&quot;:false,&quot;infinite&quot;:false,&quot;pauseOnHover&quot;:true,&quot;slidesToShow&quot;:2,&quot;speed&quot;:500,&quot;initialSlide&quot;:0,&quot;vertical&quot;:false,&quot;responsive&quot;:[{&quot;breakpoint&quot;:1025,&quot;settings&quot;:{&quot;slidesToShow&quot;:1}},{&quot;breakpoint&quot;:767,&quot;settings&quot;:{&quot;slidesToShow&quot;:1}}]}\" data-images=\"[{&quot;url&quot;:&quot;https:\/\/www.loka.si\/wp-content\/uploads\/2024\/03\/MG_5262-scaled-e1710936694815.jpg&quot;,&quot;alt&quot;:&quot;&quot;,&quot;id&quot;:0,&quot;imageId&quot;:10601,&quot;caption&quot;:&quot;&quot;,&quot;title&quot;:&quot;Slider 1&quot;,&quot;subtitle&quot;:&quot;Essential Blocks Slider Subtitle&quot;,&quot;showButton&quot;:true,&quot;buttonText&quot;:&quot;See More&quot;,&quot;buttonUrl&quot;:&quot;&quot;,&quot;openNewTab&quot;:false,&quot;isValidUrl&quot;:true},{&quot;url&quot;:&quot;https:\/\/www.loka.si\/wp-content\/uploads\/2023\/07\/20230704_144536_75.webp&quot;,&quot;alt&quot;:&quot;&quot;,&quot;id&quot;:1,&quot;imageId&quot;:9718,&quot;caption&quot;:&quot;&quot;,&quot;title&quot;:&quot;Slider 2&quot;,&quot;subtitle&quot;:&quot;Essential Blocks Slider Subtitle&quot;,&quot;showButton&quot;:true,&quot;buttonText&quot;:&quot;See More&quot;,&quot;buttonUrl&quot;:&quot;&quot;,&quot;openNewTab&quot;:false,&quot;isValidUrl&quot;:true},{&quot;url&quot;:&quot;https:\/\/www.loka.si\/wp-content\/uploads\/2024\/03\/20240308_065512-scaled-e1711811693891.jpg&quot;,&quot;alt&quot;:&quot;&quot;,&quot;id&quot;:2,&quot;imageId&quot;:10775,&quot;caption&quot;:&quot;&quot;,&quot;title&quot;:&quot;Slider 3&quot;,&quot;subtitle&quot;:&quot;Essential Blocks Slider Subtitle&quot;,&quot;showButton&quot;:true,&quot;buttonText&quot;:&quot;See More&quot;,&quot;buttonUrl&quot;:&quot;&quot;,&quot;openNewTab&quot;:false,&quot;isValidUrl&quot;:true},{&quot;url&quot;:&quot;https:\/\/www.loka.si\/wp-content\/uploads\/2022\/08\/Turizem-Loka-children-playground-WEBP.webp&quot;,&quot;alt&quot;:&quot;Turizem Loka, otrosko igrisce&quot;,&quot;id&quot;:3,&quot;imageId&quot;:5342,&quot;caption&quot;:&quot;&quot;,&quot;title&quot;:&quot;Slider 4&quot;,&quot;subtitle&quot;:&quot;Essential Blocks Slider Subtitle&quot;,&quot;showButton&quot;:true,&quot;buttonText&quot;:&quot;See More&quot;,&quot;buttonUrl&quot;:&quot;&quot;,&quot;openNewTab&quot;:false,&quot;isValidUrl&quot;:true}]\" data-slidercontenttype=\"content-1\" data-slidertype=\"image\" data-textalign=\"left\"><div class=\"image\"><div class=\"eb-slider-item content-1\"><img decoding=\"async\" class=\"eb-slider-image\" src=\"https:\/\/www.loka.si\/wp-content\/uploads\/2024\/03\/MG_5262-scaled-e1710936694815.jpg\"\/><\/div><div class=\"eb-slider-item content-1\"><img decoding=\"async\" class=\"eb-slider-image\" src=\"https:\/\/www.loka.si\/wp-content\/uploads\/2023\/07\/20230704_144536_75.webp\"\/><\/div><div class=\"eb-slider-item content-1\"><img decoding=\"async\" class=\"eb-slider-image\" src=\"https:\/\/www.loka.si\/wp-content\/uploads\/2024\/03\/20240308_065512-scaled-e1711811693891.jpg\"\/><\/div><div class=\"eb-slider-item content-1\"><img decoding=\"async\" class=\"eb-slider-image\" src=\"https:\/\/www.loka.si\/wp-content\/uploads\/2022\/08\/Turizem-Loka-children-playground-WEBP.webp\"\/><\/div><\/div><\/div><\/div><\/div>\n<\/div>\n<\/div><\/div>\n<\/div>\n\n\n\n<div style=\"height:120px\" aria-hidden=\"true\" class=\"wp-block-spacer\"><\/div>\n\n\n\n<div class=\"wp-block-group container is-layout-flow wp-container-9\" style=\"padding-top:0px;padding-right:0px;padding-bottom:0px;padding-left:0px\">\n<figure class=\"wp-block-image aligncenter size-large\"><img decoding=\"async\" loading=\"lazy\" width=\"1024\" height=\"671\" src=\"https:\/\/www.loka.si\/wp-content\/uploads\/2022\/08\/mapa-slovenije-1024x671.png\" alt=\"\" class=\"wp-image-2309\" srcset=\"https:\/\/www.loka.si\/wp-content\/uploads\/2022\/08\/mapa-slovenije-1024x671.png 1024w, https:\/\/www.loka.si\/wp-content\/uploads\/2022\/08\/mapa-slovenije-300x197.png 300w, https:\/\/www.loka.si\/wp-content\/uploads\/2022\/08\/mapa-slovenije-768x503.png 768w, https:\/\/www.loka.si\/wp-content\/uploads\/2022\/08\/mapa-slovenije-1536x1006.png 1536w, https:\/\/www.loka.si\/wp-content\/uploads\/2022\/08\/mapa-slovenije-2048x1342.png 2048w\" sizes=\"(max-width: 1024px) 100vw, 1024px\" \/><\/figure>\n<\/div>\n<\/div>\n\n\n\n<div style=\"height:100px\" aria-hidden=\"true\" class=\"wp-block-spacer\"><\/div>\n\n\n\n<div class=\"wp-block-group container has-primary-color has-text-color is-layout-flow\">\n<div class=\"wp-block-columns is-layout-flex wp-container-12\">\n<div class=\"wp-block-column is-layout-flow\">\n<p><strong>COMMENT NOUS TROUVER?<\/strong><\/p>\n\n\n\n<p>En avion:<br>A\u00e9roport international Jo\u017ee Pu\u010dnik \u00e0 Ljubljana (Brnik) \u2013 Kranj \u2013 \u0160kofja Loka \u2013 Stara Loka: 21 km<\/p>\n\n\n\n<p>En voiture:<br>Direction Ljubljana \u2013 \u0160kofja Loka \u2013 Stara Loka: 23 km<br>Direction Karavanke \u2013 Jesenice \u2013 \u0160kofja Loka \u2013 Stara Loka: 50 km<\/p>\n\n\n\n<p>En train:<br>De Ljubljana ou de Kranj prendre la sortie \u0160kofja Loka, puis en bus jusqu&rsquo;au centre-ville et de la gare routi\u00e8re de \u0160kofja Loka, \u00e0 pied environ 10 min (500 m).<\/p>\n\n\n\n<div style=\"height:150px\" aria-hidden=\"true\" class=\"wp-block-spacer\"><\/div>\n<\/div>\n<\/div>\n<\/div>\n","protected":false},"excerpt":{"rendered":"<p>COMMENT NOUS TROUVER? En avion:A\u00e9roport international Jo\u017ee Pu\u010dnik \u00e0 Ljubljana (Brnik) \u2013 Kranj \u2013 \u0160kofja Loka \u2013 Stara Loka: 21 [&hellip;]<\/p>\n","protected":false},"author":1,"featured_media":0,"parent":0,"menu_order":0,"comment_status":"closed","ping_status":"closed","template":"","meta":{"_eb_attr":""},"yoast_head":"<!-- This site is optimized with the Yoast SEO plugin v20.8 - https:\/\/yoast.com\/wordpress\/plugins\/seo\/ -->\n<title>\u00c0 propos de nous - Turizem Loka<\/title>\n<meta name=\"robots\" content=\"index, follow, max-snippet:-1, max-image-preview:large, max-video-preview:-1\" \/>\n<link rel=\"canonical\" href=\"https:\/\/www.loka.si\/fr\/a-propos-de-nous\/\" \/>\n<meta property=\"og:locale\" content=\"fr_FR\" \/>\n<meta property=\"og:type\" content=\"article\" \/>\n<meta property=\"og:title\" content=\"\u00c0 propos de nous - Turizem Loka\" \/>\n<meta property=\"og:description\" content=\"COMMENT NOUS TROUVER? En avion:A\u00e9roport international Jo\u017ee Pu\u010dnik \u00e0 Ljubljana (Brnik) \u2013 Kranj \u2013 \u0160kofja Loka \u2013 Stara Loka: 21 [&hellip;]\" \/>\n<meta property=\"og:url\" content=\"https:\/\/www.loka.si\/fr\/a-propos-de-nous\/\" \/>\n<meta property=\"og:site_name\" content=\"Turizem Loka\" \/>\n<meta property=\"article:publisher\" content=\"https:\/\/www.facebook.com\/turizemloka\/\" \/>\n<meta property=\"article:modified_time\" content=\"2024-03-30T17:04:39+00:00\" \/>\n<meta property=\"og:image\" content=\"https:\/\/www.loka.si\/wp-content\/uploads\/2022\/08\/Banner-WEBP-scaled.webp\" \/>\n<meta name=\"twitter:card\" content=\"summary_large_image\" \/>\n<meta name=\"twitter:label1\" content=\"Dur\u00e9e de lecture estim\u00e9e\" \/>\n\t<meta name=\"twitter:data1\" content=\"4 minutes\" \/>\n<script type=\"application\/ld+json\" class=\"yoast-schema-graph\">{\"@context\":\"https:\/\/schema.org\",\"@graph\":[{\"@type\":\"WebPage\",\"@id\":\"https:\/\/www.loka.si\/fr\/a-propos-de-nous\/\",\"url\":\"https:\/\/www.loka.si\/fr\/a-propos-de-nous\/\",\"name\":\"\u00c0 propos de nous - Turizem Loka\",\"isPartOf\":{\"@id\":\"https:\/\/www.loka.si\/fr\/#website\"},\"datePublished\":\"2022-07-27T07:30:38+00:00\",\"dateModified\":\"2024-03-30T17:04:39+00:00\",\"breadcrumb\":{\"@id\":\"https:\/\/www.loka.si\/fr\/a-propos-de-nous\/#breadcrumb\"},\"inLanguage\":\"fr-FR\",\"potentialAction\":[{\"@type\":\"ReadAction\",\"target\":[\"https:\/\/www.loka.si\/fr\/a-propos-de-nous\/\"]}]},{\"@type\":\"BreadcrumbList\",\"@id\":\"https:\/\/www.loka.si\/fr\/a-propos-de-nous\/#breadcrumb\",\"itemListElement\":[{\"@type\":\"ListItem\",\"position\":1,\"name\":\"Home\",\"item\":\"https:\/\/www.loka.si\/fr\/\"},{\"@type\":\"ListItem\",\"position\":2,\"name\":\"\u00c0 propos de nous\"}]},{\"@type\":\"WebSite\",\"@id\":\"https:\/\/www.loka.si\/fr\/#website\",\"url\":\"https:\/\/www.loka.si\/fr\/\",\"name\":\"Turizem Loka\",\"description\":\"\",\"publisher\":{\"@id\":\"https:\/\/www.loka.si\/fr\/#organization\"},\"potentialAction\":[{\"@type\":\"SearchAction\",\"target\":{\"@type\":\"EntryPoint\",\"urlTemplate\":\"https:\/\/www.loka.si\/fr\/?s={search_term_string}\"},\"query-input\":\"required name=search_term_string\"}],\"inLanguage\":\"fr-FR\"},{\"@type\":\"Organization\",\"@id\":\"https:\/\/www.loka.si\/fr\/#organization\",\"name\":\"Turizem Loka\",\"url\":\"https:\/\/www.loka.si\/fr\/\",\"logo\":{\"@type\":\"ImageObject\",\"inLanguage\":\"fr-FR\",\"@id\":\"https:\/\/www.loka.si\/fr\/#\/schema\/logo\/image\/\",\"url\":\"https:\/\/www.loka.si\/wp-content\/uploads\/2022\/09\/Asset-1-2.webp\",\"contentUrl\":\"https:\/\/www.loka.si\/wp-content\/uploads\/2022\/09\/Asset-1-2.webp\",\"width\":500,\"height\":550,\"caption\":\"Turizem Loka\"},\"image\":{\"@id\":\"https:\/\/www.loka.si\/fr\/#\/schema\/logo\/image\/\"},\"sameAs\":[\"https:\/\/www.facebook.com\/turizemloka\/\",\"https:\/\/www.instagram.com\/turizem_loka\/\"]}]}<\/script>\n<!-- \/ Yoast SEO plugin. -->","yoast_head_json":{"title":"\u00c0 propos de nous - Turizem Loka","robots":{"index":"index","follow":"follow","max-snippet":"max-snippet:-1","max-image-preview":"max-image-preview:large","max-video-preview":"max-video-preview:-1"},"canonical":"https:\/\/www.loka.si\/fr\/a-propos-de-nous\/","og_locale":"fr_FR","og_type":"article","og_title":"\u00c0 propos de nous - Turizem Loka","og_description":"COMMENT NOUS TROUVER? En avion:A\u00e9roport international Jo\u017ee Pu\u010dnik \u00e0 Ljubljana (Brnik) \u2013 Kranj \u2013 \u0160kofja Loka \u2013 Stara Loka: 21 [&hellip;]","og_url":"https:\/\/www.loka.si\/fr\/a-propos-de-nous\/","og_site_name":"Turizem Loka","article_publisher":"https:\/\/www.facebook.com\/turizemloka\/","article_modified_time":"2024-03-30T17:04:39+00:00","og_image":[{"url":"https:\/\/www.loka.si\/wp-content\/uploads\/2022\/08\/Banner-WEBP-scaled.webp"}],"twitter_card":"summary_large_image","twitter_misc":{"Dur\u00e9e de lecture estim\u00e9e":"4 minutes"},"schema":{"@context":"https:\/\/schema.org","@graph":[{"@type":"WebPage","@id":"https:\/\/www.loka.si\/fr\/a-propos-de-nous\/","url":"https:\/\/www.loka.si\/fr\/a-propos-de-nous\/","name":"\u00c0 propos de nous - Turizem Loka","isPartOf":{"@id":"https:\/\/www.loka.si\/fr\/#website"},"datePublished":"2022-07-27T07:30:38+00:00","dateModified":"2024-03-30T17:04:39+00:00","breadcrumb":{"@id":"https:\/\/www.loka.si\/fr\/a-propos-de-nous\/#breadcrumb"},"inLanguage":"fr-FR","potentialAction":[{"@type":"ReadAction","target":["https:\/\/www.loka.si\/fr\/a-propos-de-nous\/"]}]},{"@type":"BreadcrumbList","@id":"https:\/\/www.loka.si\/fr\/a-propos-de-nous\/#breadcrumb","itemListElement":[{"@type":"ListItem","position":1,"name":"Home","item":"https:\/\/www.loka.si\/fr\/"},{"@type":"ListItem","position":2,"name":"\u00c0 propos de nous"}]},{"@type":"WebSite","@id":"https:\/\/www.loka.si\/fr\/#website","url":"https:\/\/www.loka.si\/fr\/","name":"Turizem Loka","description":"","publisher":{"@id":"https:\/\/www.loka.si\/fr\/#organization"},"potentialAction":[{"@type":"SearchAction","target":{"@type":"EntryPoint","urlTemplate":"https:\/\/www.loka.si\/fr\/?s={search_term_string}"},"query-input":"required name=search_term_string"}],"inLanguage":"fr-FR"},{"@type":"Organization","@id":"https:\/\/www.loka.si\/fr\/#organization","name":"Turizem Loka","url":"https:\/\/www.loka.si\/fr\/","logo":{"@type":"ImageObject","inLanguage":"fr-FR","@id":"https:\/\/www.loka.si\/fr\/#\/schema\/logo\/image\/","url":"https:\/\/www.loka.si\/wp-content\/uploads\/2022\/09\/Asset-1-2.webp","contentUrl":"https:\/\/www.loka.si\/wp-content\/uploads\/2022\/09\/Asset-1-2.webp","width":500,"height":550,"caption":"Turizem Loka"},"image":{"@id":"https:\/\/www.loka.si\/fr\/#\/schema\/logo\/image\/"},"sameAs":["https:\/\/www.facebook.com\/turizemloka\/","https:\/\/www.instagram.com\/turizem_loka\/"]}]}},"_links":{"self":[{"href":"https:\/\/www.loka.si\/fr\/wp-json\/wp\/v2\/pages\/6607"}],"collection":[{"href":"https:\/\/www.loka.si\/fr\/wp-json\/wp\/v2\/pages"}],"about":[{"href":"https:\/\/www.loka.si\/fr\/wp-json\/wp\/v2\/types\/page"}],"author":[{"embeddable":true,"href":"https:\/\/www.loka.si\/fr\/wp-json\/wp\/v2\/users\/1"}],"replies":[{"embeddable":true,"href":"https:\/\/www.loka.si\/fr\/wp-json\/wp\/v2\/comments?post=6607"}],"version-history":[{"count":9,"href":"https:\/\/www.loka.si\/fr\/wp-json\/wp\/v2\/pages\/6607\/revisions"}],"predecessor-version":[{"id":10802,"href":"https:\/\/www.loka.si\/fr\/wp-json\/wp\/v2\/pages\/6607\/revisions\/10802"}],"wp:attachment":[{"href":"https:\/\/www.loka.si\/fr\/wp-json\/wp\/v2\/media?parent=6607"}],"curies":[{"name":"wp","href":"https:\/\/api.w.org\/{rel}","templated":true}]}}