{"id":6814,"date":"2022-07-27T07:30:29","date_gmt":"2022-07-27T07:30:29","guid":{"rendered":"https:\/\/www.loka.si\/especialidades\/"},"modified":"2022-09-15T18:41:15","modified_gmt":"2022-09-15T18:41:15","slug":"delicias","status":"publish","type":"page","link":"https:\/\/www.loka.si\/es\/delicias\/","title":{"rendered":"Delicias"},"content":{"rendered":"\n<div class=\"wp-block-group dobrote is-layout-flow\">\n<div class=\"wp-block-cover\" style=\"min-height:500px\"><span aria-hidden=\"true\" class=\"wp-block-cover__background has-background-dim-20 has-background-dim\"><\/span><img decoding=\"async\" loading=\"lazy\" width=\"1024\" height=\"682\" class=\"wp-block-cover__image-background wp-image-1326\" alt=\"\" src=\"https:\/\/www.loka.si\/wp-content\/uploads\/2022\/08\/come-fare-marmellata-1.jpg\" data-object-fit=\"cover\" srcset=\"https:\/\/www.loka.si\/wp-content\/uploads\/2022\/08\/come-fare-marmellata-1.jpg 1024w, https:\/\/www.loka.si\/wp-content\/uploads\/2022\/08\/come-fare-marmellata-1-300x200.jpg 300w, https:\/\/www.loka.si\/wp-content\/uploads\/2022\/08\/come-fare-marmellata-1-768x512.jpg 768w\" sizes=\"(max-width: 1024px) 100vw, 1024px\" \/><div class=\"wp-block-cover__inner-container\">\n<div class=\"wp-block-group container is-layout-flow\" style=\"padding-top:400px;padding-bottom:0px\">\n<p class=\"has-text-align-left has-white-color has-text-color has-link-color has-tiny-font-size wp-elements-f809c19b25c8fc9625318baa8192a87d\"><a href=\"https:\/\/www.loka.si\/es\/\" data-type=\"page\" data-id=\"5\">P\u00e1gina web<\/a> &gt;Especialidades<\/p>\n<\/div>\n<\/div><\/div>\n\n\n\n<div style=\"height:50px\" aria-hidden=\"true\" class=\"wp-block-spacer\"><\/div>\n\n\n\n<div class=\"wp-block-group container is-layout-flow\">\n<figure class=\"wp-block-image size-large is-resized\"><img decoding=\"async\" src=\"https:\/\/www.loka.si\/wp-content\/uploads\/2022\/09\/Delights-Loka-2021-2_logotip_ENG_horizontal_RGB_300dpi_positive_PRESS-1024x297.jpg\" alt=\"\" class=\"wp-image-6045\" width=\"446\" srcset=\"https:\/\/www.loka.si\/wp-content\/uploads\/2022\/09\/Delights-Loka-2021-2_logotip_ENG_horizontal_RGB_300dpi_positive_PRESS-1024x297.jpg 1024w, https:\/\/www.loka.si\/wp-content\/uploads\/2022\/09\/Delights-Loka-2021-2_logotip_ENG_horizontal_RGB_300dpi_positive_PRESS-300x87.jpg 300w, https:\/\/www.loka.si\/wp-content\/uploads\/2022\/09\/Delights-Loka-2021-2_logotip_ENG_horizontal_RGB_300dpi_positive_PRESS-768x223.jpg 768w, https:\/\/www.loka.si\/wp-content\/uploads\/2022\/09\/Delights-Loka-2021-2_logotip_ENG_horizontal_RGB_300dpi_positive_PRESS-1536x445.jpg 1536w, https:\/\/www.loka.si\/wp-content\/uploads\/2022\/09\/Delights-Loka-2021-2_logotip_ENG_horizontal_RGB_300dpi_positive_PRESS-2048x594.jpg 2048w\" sizes=\"(max-width: 1024px) 100vw, 1024px\" \/><\/figure>\n\n\n\n<div style=\"height:40px\" aria-hidden=\"true\" class=\"wp-block-spacer\"><\/div>\n\n\n\n<div class=\"wp-block-group alignleft page-header-text is-layout-constrained wp-container-2\" style=\"padding-left:175px\">\n<h2 class=\"has-primary-color has-text-color wp-block-heading\">DELICIAS<\/h2>\n\n\n\n<p style=\"line-height:1.4\">Le presentamos una gama de productos caseros elaborados con los productos ecol\u00f3gicos de nuestra granja familiar. Hemos seleccionado s\u00f3lo los mejores ingredientes y hemos preparado una amplia gama de manjares cuyo pleno sabor le har\u00e1 sonre\u00edr y le calentar\u00e1 el est\u00f3mago. <\/p>\n<\/div>\n<\/div>\n\n\n\n<div style=\"height:100px\" aria-hidden=\"true\" class=\"wp-block-spacer\"><\/div>\n\n\n\n<div class=\"wp-block-group background-pages is-layout-flow\">\n<div class=\"wp-block-cover is-light\"><span aria-hidden=\"true\" class=\"wp-block-cover__background has-white-background-color has-background-dim-70 has-background-dim\"><\/span><img decoding=\"async\" loading=\"lazy\" width=\"1011\" height=\"749\" class=\"wp-block-cover__image-background wp-image-4166\" alt=\"\" src=\"https:\/\/www.loka.si\/wp-content\/uploads\/2022\/08\/srcek-ikona-web.png\" data-object-fit=\"cover\" srcset=\"https:\/\/www.loka.si\/wp-content\/uploads\/2022\/08\/srcek-ikona-web.png 1011w, https:\/\/www.loka.si\/wp-content\/uploads\/2022\/08\/srcek-ikona-web-300x222.png 300w, https:\/\/www.loka.si\/wp-content\/uploads\/2022\/08\/srcek-ikona-web-768x569.png 768w\" sizes=\"(max-width: 1011px) 100vw, 1011px\" \/><div class=\"wp-block-cover__inner-container\">\n<div class=\"wp-block-group container page-media-cards is-layout-flow wp-container-11\">\n<div class=\"wp-block-columns are-vertically-aligned-center is-layout-flex wp-container-6\" style=\"padding-top:0px;padding-right:0px;padding-bottom:0px;padding-left:0px\">\n<div class=\"wp-block-column is-vertically-aligned-center text-end is-layout-flow\" style=\"padding-top:0px;padding-right:0px;padding-bottom:0px;padding-left:0px;flex-basis:50%\">\n<figure class=\"wp-block-image size-full\"><img decoding=\"async\" loading=\"lazy\" width=\"560\" height=\"460\" src=\"https:\/\/www.loka.si\/wp-content\/uploads\/2022\/08\/jagodna-marmelada-560x460-WEBP.webp\" alt=\"\" class=\"wp-image-4715\" srcset=\"https:\/\/www.loka.si\/wp-content\/uploads\/2022\/08\/jagodna-marmelada-560x460-WEBP.webp 560w, https:\/\/www.loka.si\/wp-content\/uploads\/2022\/08\/jagodna-marmelada-560x460-WEBP-300x246.webp 300w\" sizes=\"(max-width: 560px) 100vw, 560px\" \/><\/figure>\n<\/div>\n\n\n\n<div class=\"wp-block-column is-vertically-aligned-center is-layout-flow\" style=\"padding-top:0px;padding-right:80px;padding-left:45px;flex-basis:50%\">\n<h3 class=\"has-primary-color has-text-color wp-block-heading\">Oferta: <\/h3>\n\n\n\n<pre class=\"wp-block-preformatted has-primary-color has-text-color\" style=\"line-height:1.4\">- jarabe de sa\u00faco\n- salami seco\n- mermelada de ciruela\n- mermelada de albaricoque\n- mermelada de fresa<\/pre>\n<\/div>\n<\/div>\n\n\n\n<div class=\"wp-block-columns is-layout-flex wp-container-9\" style=\"padding-top:0px;padding-right:0px;padding-bottom:0px;padding-left:0px\">\n<div class=\"wp-block-column text-end is-layout-flow\" style=\"padding-top:0px;padding-right:0px;padding-bottom:0px;padding-left:0px;flex-basis:50%\">\n<figure class=\"wp-block-image size-full\"><img decoding=\"async\" loading=\"lazy\" width=\"560\" height=\"460\" src=\"https:\/\/www.loka.si\/wp-content\/uploads\/2022\/08\/bezgov-sirup-560x460-WEBP.webp\" alt=\"\" class=\"wp-image-4722\" srcset=\"https:\/\/www.loka.si\/wp-content\/uploads\/2022\/08\/bezgov-sirup-560x460-WEBP.webp 560w, https:\/\/www.loka.si\/wp-content\/uploads\/2022\/08\/bezgov-sirup-560x460-WEBP-300x246.webp 300w\" sizes=\"(max-width: 560px) 100vw, 560px\" \/><\/figure>\n<\/div>\n\n\n\n<div class=\"wp-block-column is-layout-flow\" style=\"padding-top:0px;padding-right:0px;padding-bottom:0px;padding-left:0px;flex-basis:50%\">\n<figure class=\"wp-block-image size-full\"><img decoding=\"async\" loading=\"lazy\" width=\"560\" height=\"460\" src=\"https:\/\/www.loka.si\/wp-content\/uploads\/2022\/08\/salama-560x460-WEBP.webp\" alt=\"\" class=\"wp-image-4729\" srcset=\"https:\/\/www.loka.si\/wp-content\/uploads\/2022\/08\/salama-560x460-WEBP.webp 560w, https:\/\/www.loka.si\/wp-content\/uploads\/2022\/08\/salama-560x460-WEBP-300x246.webp 300w\" sizes=\"(max-width: 560px) 100vw, 560px\" \/><\/figure>\n<\/div>\n<\/div>\n\n\n\n<div style=\"height:100px\" aria-hidden=\"true\" class=\"wp-block-spacer\"><\/div>\n\n\n\n<div class=\"wp-block-group is-layout-constrained wp-container-10\">\n<p class=\"has-primary-color has-text-color\">Los productos se pueden comprar en la recepci\u00f3n del Hotel Loka y del Hotel Vila Loka. Para m\u00e1s informaci\u00f3n, llame al +386 40 35 46 35 o rellene el siguiente formulario. <\/p>\n<\/div>\n<\/div>\n<\/div><\/div>\n<\/div>\n\n\n\n<div style=\"height:140px\" aria-hidden=\"true\" class=\"wp-block-spacer\"><\/div>\n\n\n\n<div class=\"wp-block-group container contact-form is-layout-constrained wp-container-14\">\n<div class=\"wp-block-group is-layout-flow\">\n<h2 class=\"m-auto wp-block-heading\">Solicite<\/h2>\n\n\n\n<div class=\"wpcf7 no-js\" id=\"wpcf7-f6704-o1\" lang=\"sl-SI\" dir=\"ltr\">\n<div class=\"screen-reader-response\"><p role=\"status\" aria-live=\"polite\" aria-atomic=\"true\"><\/p> <ul><\/ul><\/div>\n<form action=\"\/es\/wp-json\/wp\/v2\/pages\/6814#wpcf7-f6704-o1\" method=\"post\" class=\"wpcf7-form init\" aria-label=\"Contact form\" novalidate=\"novalidate\" data-status=\"init\">\n<div style=\"display: none;\">\n<input type=\"hidden\" name=\"_wpcf7\" value=\"6704\" \/>\n<input type=\"hidden\" name=\"_wpcf7_version\" value=\"5.7.6\" \/>\n<input type=\"hidden\" name=\"_wpcf7_locale\" value=\"sl_SI\" \/>\n<input type=\"hidden\" name=\"_wpcf7_unit_tag\" value=\"wpcf7-f6704-o1\" \/>\n<input type=\"hidden\" name=\"_wpcf7_container_post\" value=\"0\" \/>\n<input type=\"hidden\" name=\"_wpcf7_posted_data_hash\" value=\"\" \/>\n<\/div>\n<p><span class=\"wpcf7-form-control-wrap\" data-name=\"your-name\"><input size=\"40\" class=\"wpcf7-form-control wpcf7-text wpcf7-validates-as-required\" aria-required=\"true\" aria-invalid=\"false\" placeholder=\"Nombre y apellidos\" value=\"\" type=\"text\" name=\"your-name\" \/><\/span>\n<\/p>\n<p><span class=\"wpcf7-form-control-wrap\" data-name=\"subject\"><input size=\"40\" class=\"wpcf7-form-control wpcf7-text wpcf7-validates-as-required\" aria-required=\"true\" aria-invalid=\"false\" placeholder=\"Asunto\" value=\"\" type=\"text\" name=\"subject\" \/><\/span>\n<\/p>\n<p><span class=\"wpcf7-form-control-wrap\" data-name=\"email\"><input size=\"40\" class=\"wpcf7-form-control wpcf7-text wpcf7-email wpcf7-validates-as-required wpcf7-validates-as-email\" aria-required=\"true\" aria-invalid=\"false\" placeholder=\"Correo electr\u00f3nico\" value=\"\" type=\"email\" name=\"email\" \/><\/span>\n<\/p>\n<p><label> <span class=\"textarea-label\">Mensaje<\/span><br \/>\n<span class=\"wpcf7-form-control-wrap\" data-name=\"message\"><textarea cols=\"40\" rows=\"10\" class=\"wpcf7-form-control wpcf7-textarea wpcf7-validates-as-required\" aria-required=\"true\" aria-invalid=\"false\" name=\"message\"><\/textarea><\/span> <\/label>\n<\/p>\n<p><input class=\"wpcf7-form-control has-spinner wpcf7-submit\" type=\"submit\" value=\"Enviar\" \/>\n<\/p><div class=\"wpcf7-response-output\" aria-hidden=\"true\"><\/div>\n<\/form>\n<\/div>\n\n<\/div>\n<\/div>\n\n\n\n<div style=\"height:140px\" aria-hidden=\"true\" class=\"wp-block-spacer\"><\/div>\n<\/div>\n","protected":false},"excerpt":{"rendered":"<p>DELICIAS Le presentamos una gama de productos caseros elaborados con los productos ecol\u00f3gicos de nuestra granja familiar. Hemos seleccionado s\u00f3lo [&hellip;]<\/p>\n","protected":false},"author":1,"featured_media":0,"parent":0,"menu_order":0,"comment_status":"closed","ping_status":"closed","template":"","meta":{"_eb_attr":""},"yoast_head":"<!-- This site is optimized with the Yoast SEO plugin v20.8 - https:\/\/yoast.com\/wordpress\/plugins\/seo\/ -->\n<title>Delicias - Turizem Loka<\/title>\n<meta name=\"robots\" content=\"index, follow, max-snippet:-1, max-image-preview:large, max-video-preview:-1\" \/>\n<link rel=\"canonical\" href=\"https:\/\/www.loka.si\/es\/delicias\/\" \/>\n<meta property=\"og:locale\" content=\"es_ES\" \/>\n<meta property=\"og:type\" content=\"article\" \/>\n<meta property=\"og:title\" content=\"Delicias - Turizem Loka\" \/>\n<meta property=\"og:description\" content=\"DELICIAS Le presentamos una gama de productos caseros elaborados con los productos ecol\u00f3gicos de nuestra granja familiar. Hemos seleccionado s\u00f3lo [&hellip;]\" \/>\n<meta property=\"og:url\" content=\"https:\/\/www.loka.si\/es\/delicias\/\" \/>\n<meta property=\"og:site_name\" content=\"Turizem Loka\" \/>\n<meta property=\"article:publisher\" content=\"https:\/\/www.facebook.com\/turizemloka\/\" \/>\n<meta property=\"article:modified_time\" content=\"2022-09-15T18:41:15+00:00\" \/>\n<meta property=\"og:image\" content=\"https:\/\/www.loka.si\/wp-content\/uploads\/2022\/08\/come-fare-marmellata-1.jpg\" \/>\n<meta name=\"twitter:card\" content=\"summary_large_image\" \/>\n<script type=\"application\/ld+json\" class=\"yoast-schema-graph\">{\"@context\":\"https:\/\/schema.org\",\"@graph\":[{\"@type\":\"WebPage\",\"@id\":\"https:\/\/www.loka.si\/es\/delicias\/\",\"url\":\"https:\/\/www.loka.si\/es\/delicias\/\",\"name\":\"Delicias - Turizem Loka\",\"isPartOf\":{\"@id\":\"https:\/\/www.loka.si\/es\/#website\"},\"datePublished\":\"2022-07-27T07:30:29+00:00\",\"dateModified\":\"2022-09-15T18:41:15+00:00\",\"breadcrumb\":{\"@id\":\"https:\/\/www.loka.si\/es\/delicias\/#breadcrumb\"},\"inLanguage\":\"es\",\"potentialAction\":[{\"@type\":\"ReadAction\",\"target\":[\"https:\/\/www.loka.si\/es\/delicias\/\"]}]},{\"@type\":\"BreadcrumbList\",\"@id\":\"https:\/\/www.loka.si\/es\/delicias\/#breadcrumb\",\"itemListElement\":[{\"@type\":\"ListItem\",\"position\":1,\"name\":\"Home\",\"item\":\"https:\/\/www.loka.si\/es\/\"},{\"@type\":\"ListItem\",\"position\":2,\"name\":\"Delicias\"}]},{\"@type\":\"WebSite\",\"@id\":\"https:\/\/www.loka.si\/es\/#website\",\"url\":\"https:\/\/www.loka.si\/es\/\",\"name\":\"Turizem Loka\",\"description\":\"\",\"publisher\":{\"@id\":\"https:\/\/www.loka.si\/es\/#organization\"},\"potentialAction\":[{\"@type\":\"SearchAction\",\"target\":{\"@type\":\"EntryPoint\",\"urlTemplate\":\"https:\/\/www.loka.si\/es\/?s={search_term_string}\"},\"query-input\":\"required name=search_term_string\"}],\"inLanguage\":\"es\"},{\"@type\":\"Organization\",\"@id\":\"https:\/\/www.loka.si\/es\/#organization\",\"name\":\"Turizem Loka\",\"url\":\"https:\/\/www.loka.si\/es\/\",\"logo\":{\"@type\":\"ImageObject\",\"inLanguage\":\"es\",\"@id\":\"https:\/\/www.loka.si\/es\/#\/schema\/logo\/image\/\",\"url\":\"https:\/\/www.loka.si\/wp-content\/uploads\/2022\/09\/Asset-1-2.webp\",\"contentUrl\":\"https:\/\/www.loka.si\/wp-content\/uploads\/2022\/09\/Asset-1-2.webp\",\"width\":500,\"height\":550,\"caption\":\"Turizem Loka\"},\"image\":{\"@id\":\"https:\/\/www.loka.si\/es\/#\/schema\/logo\/image\/\"},\"sameAs\":[\"https:\/\/www.facebook.com\/turizemloka\/\",\"https:\/\/www.instagram.com\/turizem_loka\/\"]}]}<\/script>\n<!-- \/ Yoast SEO plugin. -->","yoast_head_json":{"title":"Delicias - Turizem Loka","robots":{"index":"index","follow":"follow","max-snippet":"max-snippet:-1","max-image-preview":"max-image-preview:large","max-video-preview":"max-video-preview:-1"},"canonical":"https:\/\/www.loka.si\/es\/delicias\/","og_locale":"es_ES","og_type":"article","og_title":"Delicias - Turizem Loka","og_description":"DELICIAS Le presentamos una gama de productos caseros elaborados con los productos ecol\u00f3gicos de nuestra granja familiar. Hemos seleccionado s\u00f3lo [&hellip;]","og_url":"https:\/\/www.loka.si\/es\/delicias\/","og_site_name":"Turizem Loka","article_publisher":"https:\/\/www.facebook.com\/turizemloka\/","article_modified_time":"2022-09-15T18:41:15+00:00","og_image":[{"url":"https:\/\/www.loka.si\/wp-content\/uploads\/2022\/08\/come-fare-marmellata-1.jpg"}],"twitter_card":"summary_large_image","schema":{"@context":"https:\/\/schema.org","@graph":[{"@type":"WebPage","@id":"https:\/\/www.loka.si\/es\/delicias\/","url":"https:\/\/www.loka.si\/es\/delicias\/","name":"Delicias - Turizem Loka","isPartOf":{"@id":"https:\/\/www.loka.si\/es\/#website"},"datePublished":"2022-07-27T07:30:29+00:00","dateModified":"2022-09-15T18:41:15+00:00","breadcrumb":{"@id":"https:\/\/www.loka.si\/es\/delicias\/#breadcrumb"},"inLanguage":"es","potentialAction":[{"@type":"ReadAction","target":["https:\/\/www.loka.si\/es\/delicias\/"]}]},{"@type":"BreadcrumbList","@id":"https:\/\/www.loka.si\/es\/delicias\/#breadcrumb","itemListElement":[{"@type":"ListItem","position":1,"name":"Home","item":"https:\/\/www.loka.si\/es\/"},{"@type":"ListItem","position":2,"name":"Delicias"}]},{"@type":"WebSite","@id":"https:\/\/www.loka.si\/es\/#website","url":"https:\/\/www.loka.si\/es\/","name":"Turizem Loka","description":"","publisher":{"@id":"https:\/\/www.loka.si\/es\/#organization"},"potentialAction":[{"@type":"SearchAction","target":{"@type":"EntryPoint","urlTemplate":"https:\/\/www.loka.si\/es\/?s={search_term_string}"},"query-input":"required name=search_term_string"}],"inLanguage":"es"},{"@type":"Organization","@id":"https:\/\/www.loka.si\/es\/#organization","name":"Turizem Loka","url":"https:\/\/www.loka.si\/es\/","logo":{"@type":"ImageObject","inLanguage":"es","@id":"https:\/\/www.loka.si\/es\/#\/schema\/logo\/image\/","url":"https:\/\/www.loka.si\/wp-content\/uploads\/2022\/09\/Asset-1-2.webp","contentUrl":"https:\/\/www.loka.si\/wp-content\/uploads\/2022\/09\/Asset-1-2.webp","width":500,"height":550,"caption":"Turizem Loka"},"image":{"@id":"https:\/\/www.loka.si\/es\/#\/schema\/logo\/image\/"},"sameAs":["https:\/\/www.facebook.com\/turizemloka\/","https:\/\/www.instagram.com\/turizem_loka\/"]}]}},"_links":{"self":[{"href":"https:\/\/www.loka.si\/es\/wp-json\/wp\/v2\/pages\/6814"}],"collection":[{"href":"https:\/\/www.loka.si\/es\/wp-json\/wp\/v2\/pages"}],"about":[{"href":"https:\/\/www.loka.si\/es\/wp-json\/wp\/v2\/types\/page"}],"author":[{"embeddable":true,"href":"https:\/\/www.loka.si\/es\/wp-json\/wp\/v2\/users\/1"}],"replies":[{"embeddable":true,"href":"https:\/\/www.loka.si\/es\/wp-json\/wp\/v2\/comments?post=6814"}],"version-history":[{"count":9,"href":"https:\/\/www.loka.si\/es\/wp-json\/wp\/v2\/pages\/6814\/revisions"}],"predecessor-version":[{"id":8007,"href":"https:\/\/www.loka.si\/es\/wp-json\/wp\/v2\/pages\/6814\/revisions\/8007"}],"wp:attachment":[{"href":"https:\/\/www.loka.si\/es\/wp-json\/wp\/v2\/media?parent=6814"}],"curies":[{"name":"wp","href":"https:\/\/api.w.org\/{rel}","templated":true}]}}