{"id":6777,"date":"2022-07-28T10:42:38","date_gmt":"2022-07-28T10:42:38","guid":{"rendered":"https:\/\/www.loka.si\/pesca-y-juego\/"},"modified":"2022-09-15T18:37:23","modified_gmt":"2022-09-15T18:37:23","slug":"pesca-y-juego","status":"publish","type":"page","link":"https:\/\/www.loka.si\/es\/pesca-y-juego\/","title":{"rendered":"Pesca y juego"},"content":{"rendered":"\n<div class=\"wp-block-group zanimivosti-page is-layout-flow\" style=\"padding-top:0px;padding-right:0px;padding-bottom:0px;padding-left:0px\">\n<div class=\"wp-block-group container page-media-cards has-primary-color has-text-color is-layout-flow wp-container-7\">\n<div class=\"wp-block-columns are-vertically-aligned-center is-layout-flex wp-container-3\" style=\"padding-top:0px;padding-right:0px;padding-bottom:0px;padding-left:0px\">\n<div class=\"wp-block-column is-vertically-aligned-center text-end is-layout-flow\" style=\"padding-top:0px;padding-right:0px;padding-bottom:0px;padding-left:0px;flex-basis:50%\">\n<figure class=\"wp-block-image size-full\"><img decoding=\"async\" loading=\"lazy\" width=\"600\" height=\"400\" src=\"https:\/\/www.loka.si\/wp-content\/uploads\/2022\/08\/ribarjenje-v-reki-600x400-WEBP.webp\" alt=\"\" class=\"wp-image-4957\" srcset=\"https:\/\/www.loka.si\/wp-content\/uploads\/2022\/08\/ribarjenje-v-reki-600x400-WEBP.webp 600w, https:\/\/www.loka.si\/wp-content\/uploads\/2022\/08\/ribarjenje-v-reki-600x400-WEBP-300x200.webp 300w\" sizes=\"(max-width: 600px) 100vw, 600px\" \/><\/figure>\n<\/div>\n\n\n\n<div class=\"wp-block-column is-vertically-aligned-center is-layout-flow\" style=\"padding-right:80px;padding-left:45px;flex-basis:50%\">\n<h3 class=\"wp-block-heading\">Pesca y juego<\/h3>\n\n\n\n<p style=\"line-height:1.4\">En la zona de \u0160kofja Loka hay muchas posibilidades de <a href=\"https:\/\/www.visitskofjaloka.si\/es\/experiencias\/descanso-activo\/fishing\" target=\"_blank\" rel=\"noreferrer noopener\"><strong>pesca<\/strong><\/a> y caza.<\/p>\n\n\n\n<p style=\"line-height:1.4\">Los r\u00edos Poljanska Sora y Sel\u0161ka Sora con sus afluentes invitan a admirar la naturaleza. La zona tambi\u00e9n ofrece a los amantes del agua A lo largo de los dos r\u00edos tambi\u00e9n existe la posibilidad de pescar. <\/p>\n\n\n\n<p style=\"line-height:1.4\">En los pueblos pr\u00f3ximos a los r\u00edos Poljanska Sora y Sel\u0161ka Sora funcionan cuatro clubes de pesca. Ambos r\u00edos son aptos para la pesca. Podr\u00e1 pescar truchas marrones, truchas arco iris, t\u00edmalos, cachos, barbos y salvelinos.  <\/p>\n<\/div>\n<\/div>\n\n\n\n<div class=\"wp-block-columns is-layout-flex wp-container-6\" style=\"padding-top:0px;padding-right:0px;padding-bottom:0px;padding-left:0px\">\n<div class=\"wp-block-column is-vertically-aligned-center text-end is-layout-flow\" style=\"padding-top:0px;padding-right:0px;padding-bottom:0px;padding-left:80px;flex-basis:50%\">\n<pre class=\"wp-block-preformatted text-start\" style=\"line-height:1.4\">\u0160kofja Loka con su entorno: \nLa pesca es posible desde el lugar Log en el valle Poljanska y desde el lugar Soteska en el valle Sel\u0161ka hasta la confluencia de los dos r\u00edos Sora. Las entradas son emitidas por la familia de pescadores de \u0160kofja Loka.  \n\nValle de Sel\u0161ka: \nSe puede pescar desde el pueblo de Soteska, guiado por la familia de pescadores \u017delezniki.\n\nValle de Poljanska: \nEl club de pesca Visoko ofrece la posibilidad de pescar en el r\u00edo Poljanska Sora desde Log hasta Hotavlje.\nLa familia de pescadores \u017diri ofrece la posibilidad de pescar en las aguas de caza desde Hotavlje hasta \u017diri.\n<\/pre>\n<\/div>\n\n\n\n<div class=\"wp-block-column is-layout-flow\" style=\"padding-top:0px;padding-right:0px;padding-bottom:0px;padding-left:0px;flex-basis:50%\">\n<figure class=\"wp-block-image size-full\"><img decoding=\"async\" src=\"https:\/\/www.loka.si\/wp-content\/uploads\/2022\/08\/divji-petelin-lov.jpg\" alt=\"\" class=\"wp-image-4262\"\/><\/figure>\n<\/div>\n<\/div>\n<\/div>\n<\/div>\n","protected":false},"excerpt":{"rendered":"<p>Pesca y juego En la zona de \u0160kofja Loka hay muchas posibilidades de pesca y caza. Los r\u00edos Poljanska Sora [&hellip;]<\/p>\n","protected":false},"author":1,"featured_media":0,"parent":0,"menu_order":0,"comment_status":"closed","ping_status":"closed","template":"page-zanimivosti","meta":{"_eb_attr":""},"yoast_head":"<!-- This site is optimized with the Yoast SEO plugin v20.8 - https:\/\/yoast.com\/wordpress\/plugins\/seo\/ -->\n<title>Pesca y juego - Turizem Loka<\/title>\n<meta name=\"robots\" content=\"index, follow, max-snippet:-1, max-image-preview:large, max-video-preview:-1\" \/>\n<link rel=\"canonical\" href=\"https:\/\/www.loka.si\/es\/pesca-y-juego\/\" \/>\n<meta property=\"og:locale\" content=\"es_ES\" \/>\n<meta property=\"og:type\" content=\"article\" \/>\n<meta property=\"og:title\" content=\"Pesca y juego - Turizem Loka\" \/>\n<meta property=\"og:description\" content=\"Pesca y juego En la zona de \u0160kofja Loka hay muchas posibilidades de pesca y caza. Los r\u00edos Poljanska Sora [&hellip;]\" \/>\n<meta property=\"og:url\" content=\"https:\/\/www.loka.si\/es\/pesca-y-juego\/\" \/>\n<meta property=\"og:site_name\" content=\"Turizem Loka\" \/>\n<meta property=\"article:publisher\" content=\"https:\/\/www.facebook.com\/turizemloka\/\" \/>\n<meta property=\"article:modified_time\" content=\"2022-09-15T18:37:23+00:00\" \/>\n<meta property=\"og:image\" content=\"https:\/\/www.loka.si\/wp-content\/uploads\/2022\/08\/ribarjenje-v-reki-600x400-WEBP.webp\" \/>\n<meta name=\"twitter:card\" content=\"summary_large_image\" \/>\n<meta name=\"twitter:label1\" content=\"Tiempo de lectura\" \/>\n\t<meta name=\"twitter:data1\" content=\"2 minutos\" \/>\n<script type=\"application\/ld+json\" class=\"yoast-schema-graph\">{\"@context\":\"https:\/\/schema.org\",\"@graph\":[{\"@type\":\"WebPage\",\"@id\":\"https:\/\/www.loka.si\/es\/pesca-y-juego\/\",\"url\":\"https:\/\/www.loka.si\/es\/pesca-y-juego\/\",\"name\":\"Pesca y juego - Turizem Loka\",\"isPartOf\":{\"@id\":\"https:\/\/www.loka.si\/es\/#website\"},\"datePublished\":\"2022-07-28T10:42:38+00:00\",\"dateModified\":\"2022-09-15T18:37:23+00:00\",\"breadcrumb\":{\"@id\":\"https:\/\/www.loka.si\/es\/pesca-y-juego\/#breadcrumb\"},\"inLanguage\":\"es\",\"potentialAction\":[{\"@type\":\"ReadAction\",\"target\":[\"https:\/\/www.loka.si\/es\/pesca-y-juego\/\"]}]},{\"@type\":\"BreadcrumbList\",\"@id\":\"https:\/\/www.loka.si\/es\/pesca-y-juego\/#breadcrumb\",\"itemListElement\":[{\"@type\":\"ListItem\",\"position\":1,\"name\":\"Home\",\"item\":\"https:\/\/www.loka.si\/es\/\"},{\"@type\":\"ListItem\",\"position\":2,\"name\":\"Pesca y juego\"}]},{\"@type\":\"WebSite\",\"@id\":\"https:\/\/www.loka.si\/es\/#website\",\"url\":\"https:\/\/www.loka.si\/es\/\",\"name\":\"Turizem Loka\",\"description\":\"\",\"publisher\":{\"@id\":\"https:\/\/www.loka.si\/es\/#organization\"},\"potentialAction\":[{\"@type\":\"SearchAction\",\"target\":{\"@type\":\"EntryPoint\",\"urlTemplate\":\"https:\/\/www.loka.si\/es\/?s={search_term_string}\"},\"query-input\":\"required name=search_term_string\"}],\"inLanguage\":\"es\"},{\"@type\":\"Organization\",\"@id\":\"https:\/\/www.loka.si\/es\/#organization\",\"name\":\"Turizem Loka\",\"url\":\"https:\/\/www.loka.si\/es\/\",\"logo\":{\"@type\":\"ImageObject\",\"inLanguage\":\"es\",\"@id\":\"https:\/\/www.loka.si\/es\/#\/schema\/logo\/image\/\",\"url\":\"https:\/\/www.loka.si\/wp-content\/uploads\/2022\/09\/Asset-1-2.webp\",\"contentUrl\":\"https:\/\/www.loka.si\/wp-content\/uploads\/2022\/09\/Asset-1-2.webp\",\"width\":500,\"height\":550,\"caption\":\"Turizem Loka\"},\"image\":{\"@id\":\"https:\/\/www.loka.si\/es\/#\/schema\/logo\/image\/\"},\"sameAs\":[\"https:\/\/www.facebook.com\/turizemloka\/\",\"https:\/\/www.instagram.com\/turizem_loka\/\"]}]}<\/script>\n<!-- \/ Yoast SEO plugin. -->","yoast_head_json":{"title":"Pesca y juego - Turizem Loka","robots":{"index":"index","follow":"follow","max-snippet":"max-snippet:-1","max-image-preview":"max-image-preview:large","max-video-preview":"max-video-preview:-1"},"canonical":"https:\/\/www.loka.si\/es\/pesca-y-juego\/","og_locale":"es_ES","og_type":"article","og_title":"Pesca y juego - Turizem Loka","og_description":"Pesca y juego En la zona de \u0160kofja Loka hay muchas posibilidades de pesca y caza. Los r\u00edos Poljanska Sora [&hellip;]","og_url":"https:\/\/www.loka.si\/es\/pesca-y-juego\/","og_site_name":"Turizem Loka","article_publisher":"https:\/\/www.facebook.com\/turizemloka\/","article_modified_time":"2022-09-15T18:37:23+00:00","og_image":[{"url":"https:\/\/www.loka.si\/wp-content\/uploads\/2022\/08\/ribarjenje-v-reki-600x400-WEBP.webp"}],"twitter_card":"summary_large_image","twitter_misc":{"Tiempo de lectura":"2 minutos"},"schema":{"@context":"https:\/\/schema.org","@graph":[{"@type":"WebPage","@id":"https:\/\/www.loka.si\/es\/pesca-y-juego\/","url":"https:\/\/www.loka.si\/es\/pesca-y-juego\/","name":"Pesca y juego - Turizem Loka","isPartOf":{"@id":"https:\/\/www.loka.si\/es\/#website"},"datePublished":"2022-07-28T10:42:38+00:00","dateModified":"2022-09-15T18:37:23+00:00","breadcrumb":{"@id":"https:\/\/www.loka.si\/es\/pesca-y-juego\/#breadcrumb"},"inLanguage":"es","potentialAction":[{"@type":"ReadAction","target":["https:\/\/www.loka.si\/es\/pesca-y-juego\/"]}]},{"@type":"BreadcrumbList","@id":"https:\/\/www.loka.si\/es\/pesca-y-juego\/#breadcrumb","itemListElement":[{"@type":"ListItem","position":1,"name":"Home","item":"https:\/\/www.loka.si\/es\/"},{"@type":"ListItem","position":2,"name":"Pesca y juego"}]},{"@type":"WebSite","@id":"https:\/\/www.loka.si\/es\/#website","url":"https:\/\/www.loka.si\/es\/","name":"Turizem Loka","description":"","publisher":{"@id":"https:\/\/www.loka.si\/es\/#organization"},"potentialAction":[{"@type":"SearchAction","target":{"@type":"EntryPoint","urlTemplate":"https:\/\/www.loka.si\/es\/?s={search_term_string}"},"query-input":"required name=search_term_string"}],"inLanguage":"es"},{"@type":"Organization","@id":"https:\/\/www.loka.si\/es\/#organization","name":"Turizem Loka","url":"https:\/\/www.loka.si\/es\/","logo":{"@type":"ImageObject","inLanguage":"es","@id":"https:\/\/www.loka.si\/es\/#\/schema\/logo\/image\/","url":"https:\/\/www.loka.si\/wp-content\/uploads\/2022\/09\/Asset-1-2.webp","contentUrl":"https:\/\/www.loka.si\/wp-content\/uploads\/2022\/09\/Asset-1-2.webp","width":500,"height":550,"caption":"Turizem Loka"},"image":{"@id":"https:\/\/www.loka.si\/es\/#\/schema\/logo\/image\/"},"sameAs":["https:\/\/www.facebook.com\/turizemloka\/","https:\/\/www.instagram.com\/turizem_loka\/"]}]}},"_links":{"self":[{"href":"https:\/\/www.loka.si\/es\/wp-json\/wp\/v2\/pages\/6777"}],"collection":[{"href":"https:\/\/www.loka.si\/es\/wp-json\/wp\/v2\/pages"}],"about":[{"href":"https:\/\/www.loka.si\/es\/wp-json\/wp\/v2\/types\/page"}],"author":[{"embeddable":true,"href":"https:\/\/www.loka.si\/es\/wp-json\/wp\/v2\/users\/1"}],"replies":[{"embeddable":true,"href":"https:\/\/www.loka.si\/es\/wp-json\/wp\/v2\/comments?post=6777"}],"version-history":[{"count":3,"href":"https:\/\/www.loka.si\/es\/wp-json\/wp\/v2\/pages\/6777\/revisions"}],"predecessor-version":[{"id":8008,"href":"https:\/\/www.loka.si\/es\/wp-json\/wp\/v2\/pages\/6777\/revisions\/8008"}],"wp:attachment":[{"href":"https:\/\/www.loka.si\/es\/wp-json\/wp\/v2\/media?parent=6777"}],"curies":[{"name":"wp","href":"https:\/\/api.w.org\/{rel}","templated":true}]}}