{"id":6485,"date":"2022-07-28T10:40:59","date_gmt":"2022-07-28T10:40:59","guid":{"rendered":"https:\/\/www.loka.si\/bergwanderung\/"},"modified":"2022-09-15T08:52:27","modified_gmt":"2022-09-15T08:52:27","slug":"bergwanderung","status":"publish","type":"page","link":"https:\/\/www.loka.si\/de\/bergwanderung\/","title":{"rendered":"Bergwanderung"},"content":{"rendered":"\n<div class=\"wp-block-group zanimivosti-page is-layout-flow\" style=\"padding-top:0px;padding-right:0px;padding-bottom:0px;padding-left:0px\">\n<div class=\"wp-block-group container page-media-cards is-layout-flow wp-container-4\">\n<div class=\"wp-block-columns has-primary-color has-text-color is-layout-flex wp-container-3\" style=\"padding-top:0px;padding-right:0px;padding-bottom:0px;padding-left:0px\">\n<div class=\"wp-block-column text-end is-layout-flow\" style=\"padding-top:0px;padding-right:0px;padding-bottom:0px;padding-left:0px;flex-basis:50%\">\n<figure class=\"wp-block-image size-full\"><img decoding=\"async\" loading=\"lazy\" width=\"907\" height=\"682\" src=\"https:\/\/www.loka.si\/wp-content\/uploads\/2022\/09\/Zelezniki-Ratitovec-23-mala-Jost-Gantar-resized-1-edited.jpg\" alt=\"\" class=\"wp-image-5750\" srcset=\"https:\/\/www.loka.si\/wp-content\/uploads\/2022\/09\/Zelezniki-Ratitovec-23-mala-Jost-Gantar-resized-1-edited.jpg 907w, https:\/\/www.loka.si\/wp-content\/uploads\/2022\/09\/Zelezniki-Ratitovec-23-mala-Jost-Gantar-resized-1-edited-300x226.jpg 300w, https:\/\/www.loka.si\/wp-content\/uploads\/2022\/09\/Zelezniki-Ratitovec-23-mala-Jost-Gantar-resized-1-edited-768x577.jpg 768w\" sizes=\"(max-width: 907px) 100vw, 907px\" \/><\/figure>\n<\/div>\n\n\n\n<div class=\"wp-block-column is-layout-flow\" style=\"padding-top:45px;padding-right:50px;padding-left:45px;flex-basis:50%\">\n<h3 class=\"has-primary-color has-text-color wp-block-heading\">Bergwanderung<\/h3>\n\n\n\n<p style=\"line-height:1.4\">Der Ort \u0160kofja Loka und seine Umgebung sind durchzogen mit unz\u00e4hligen Wanderwegen, die sowohl f\u00fcr Gelegenheitswanderer als auch f\u00fcr anspruchsvollere Wanderlustige geeignet sind. \u00dcber Berge und T\u00e4ler f\u00fchren abwechslungsreiche <a href=\"https:\/\/www.visitskofjaloka.si\/de\/erlebnis\/990\" target=\"_blank\" rel=\"noreferrer noopener\"><strong>Wanderwege<\/strong><\/a> durch eine wundersch\u00f6ne Landschaft \u2013 Bergwnderweg von Loka, <a href=\"https:\/\/www.visitskofjaloka.si\/de\/erlebnis\/1012\" target=\"_blank\" rel=\"noreferrer noopener\"><strong>Themenwanderwege<\/strong><\/a>, die alle Bergwanderer mit der wundersch\u00f6nen Landschaft verzaubern.<\/p>\n<\/div>\n<\/div>\n<\/div>\n<\/div>\n","protected":false},"excerpt":{"rendered":"<p>Bergwanderung Der Ort \u0160kofja Loka und seine Umgebung sind durchzogen mit unz\u00e4hligen Wanderwegen, die sowohl f\u00fcr Gelegenheitswanderer als auch f\u00fcr [&hellip;]<\/p>\n","protected":false},"author":1,"featured_media":0,"parent":0,"menu_order":0,"comment_status":"closed","ping_status":"closed","template":"page-zanimivosti","meta":{"_eb_attr":""},"yoast_head":"<!-- This site is optimized with the Yoast SEO plugin v20.8 - https:\/\/yoast.com\/wordpress\/plugins\/seo\/ -->\n<title>Bergwanderung - Turizem Loka<\/title>\n<meta name=\"robots\" content=\"index, follow, max-snippet:-1, max-image-preview:large, max-video-preview:-1\" \/>\n<link rel=\"canonical\" href=\"https:\/\/www.loka.si\/de\/bergwanderung\/\" \/>\n<meta property=\"og:locale\" content=\"de_DE\" \/>\n<meta property=\"og:type\" content=\"article\" \/>\n<meta property=\"og:title\" content=\"Bergwanderung - Turizem Loka\" \/>\n<meta property=\"og:description\" content=\"Bergwanderung Der Ort \u0160kofja Loka und seine Umgebung sind durchzogen mit unz\u00e4hligen Wanderwegen, die sowohl f\u00fcr Gelegenheitswanderer als auch f\u00fcr [&hellip;]\" \/>\n<meta property=\"og:url\" content=\"https:\/\/www.loka.si\/de\/bergwanderung\/\" \/>\n<meta property=\"og:site_name\" content=\"Turizem Loka\" \/>\n<meta property=\"article:publisher\" content=\"https:\/\/www.facebook.com\/turizemloka\/\" \/>\n<meta property=\"article:modified_time\" content=\"2022-09-15T08:52:27+00:00\" \/>\n<meta property=\"og:image\" content=\"https:\/\/www.loka.si\/wp-content\/uploads\/2022\/09\/Zelezniki-Ratitovec-23-mala-Jost-Gantar-resized-1-edited.jpg\" \/>\n<meta name=\"twitter:card\" content=\"summary_large_image\" \/>\n<meta name=\"twitter:label1\" content=\"Gesch\u00e4tzte Lesezeit\" \/>\n\t<meta name=\"twitter:data1\" content=\"1\u00a0Minute\" \/>\n<script type=\"application\/ld+json\" class=\"yoast-schema-graph\">{\"@context\":\"https:\/\/schema.org\",\"@graph\":[{\"@type\":\"WebPage\",\"@id\":\"https:\/\/www.loka.si\/de\/bergwanderung\/\",\"url\":\"https:\/\/www.loka.si\/de\/bergwanderung\/\",\"name\":\"Bergwanderung - Turizem Loka\",\"isPartOf\":{\"@id\":\"https:\/\/www.loka.si\/de\/#website\"},\"datePublished\":\"2022-07-28T10:40:59+00:00\",\"dateModified\":\"2022-09-15T08:52:27+00:00\",\"breadcrumb\":{\"@id\":\"https:\/\/www.loka.si\/de\/bergwanderung\/#breadcrumb\"},\"inLanguage\":\"de\",\"potentialAction\":[{\"@type\":\"ReadAction\",\"target\":[\"https:\/\/www.loka.si\/de\/bergwanderung\/\"]}]},{\"@type\":\"BreadcrumbList\",\"@id\":\"https:\/\/www.loka.si\/de\/bergwanderung\/#breadcrumb\",\"itemListElement\":[{\"@type\":\"ListItem\",\"position\":1,\"name\":\"Home\",\"item\":\"https:\/\/www.loka.si\/de\/\"},{\"@type\":\"ListItem\",\"position\":2,\"name\":\"Bergwanderung\"}]},{\"@type\":\"WebSite\",\"@id\":\"https:\/\/www.loka.si\/de\/#website\",\"url\":\"https:\/\/www.loka.si\/de\/\",\"name\":\"Turizem Loka\",\"description\":\"\",\"publisher\":{\"@id\":\"https:\/\/www.loka.si\/de\/#organization\"},\"potentialAction\":[{\"@type\":\"SearchAction\",\"target\":{\"@type\":\"EntryPoint\",\"urlTemplate\":\"https:\/\/www.loka.si\/de\/?s={search_term_string}\"},\"query-input\":\"required name=search_term_string\"}],\"inLanguage\":\"de\"},{\"@type\":\"Organization\",\"@id\":\"https:\/\/www.loka.si\/de\/#organization\",\"name\":\"Turizem Loka\",\"url\":\"https:\/\/www.loka.si\/de\/\",\"logo\":{\"@type\":\"ImageObject\",\"inLanguage\":\"de\",\"@id\":\"https:\/\/www.loka.si\/de\/#\/schema\/logo\/image\/\",\"url\":\"https:\/\/www.loka.si\/wp-content\/uploads\/2022\/09\/Asset-1-2.webp\",\"contentUrl\":\"https:\/\/www.loka.si\/wp-content\/uploads\/2022\/09\/Asset-1-2.webp\",\"width\":500,\"height\":550,\"caption\":\"Turizem Loka\"},\"image\":{\"@id\":\"https:\/\/www.loka.si\/de\/#\/schema\/logo\/image\/\"},\"sameAs\":[\"https:\/\/www.facebook.com\/turizemloka\/\",\"https:\/\/www.instagram.com\/turizem_loka\/\"]}]}<\/script>\n<!-- \/ Yoast SEO plugin. -->","yoast_head_json":{"title":"Bergwanderung - Turizem Loka","robots":{"index":"index","follow":"follow","max-snippet":"max-snippet:-1","max-image-preview":"max-image-preview:large","max-video-preview":"max-video-preview:-1"},"canonical":"https:\/\/www.loka.si\/de\/bergwanderung\/","og_locale":"de_DE","og_type":"article","og_title":"Bergwanderung - Turizem Loka","og_description":"Bergwanderung Der Ort \u0160kofja Loka und seine Umgebung sind durchzogen mit unz\u00e4hligen Wanderwegen, die sowohl f\u00fcr Gelegenheitswanderer als auch f\u00fcr [&hellip;]","og_url":"https:\/\/www.loka.si\/de\/bergwanderung\/","og_site_name":"Turizem Loka","article_publisher":"https:\/\/www.facebook.com\/turizemloka\/","article_modified_time":"2022-09-15T08:52:27+00:00","og_image":[{"url":"https:\/\/www.loka.si\/wp-content\/uploads\/2022\/09\/Zelezniki-Ratitovec-23-mala-Jost-Gantar-resized-1-edited.jpg"}],"twitter_card":"summary_large_image","twitter_misc":{"Gesch\u00e4tzte Lesezeit":"1\u00a0Minute"},"schema":{"@context":"https:\/\/schema.org","@graph":[{"@type":"WebPage","@id":"https:\/\/www.loka.si\/de\/bergwanderung\/","url":"https:\/\/www.loka.si\/de\/bergwanderung\/","name":"Bergwanderung - Turizem Loka","isPartOf":{"@id":"https:\/\/www.loka.si\/de\/#website"},"datePublished":"2022-07-28T10:40:59+00:00","dateModified":"2022-09-15T08:52:27+00:00","breadcrumb":{"@id":"https:\/\/www.loka.si\/de\/bergwanderung\/#breadcrumb"},"inLanguage":"de","potentialAction":[{"@type":"ReadAction","target":["https:\/\/www.loka.si\/de\/bergwanderung\/"]}]},{"@type":"BreadcrumbList","@id":"https:\/\/www.loka.si\/de\/bergwanderung\/#breadcrumb","itemListElement":[{"@type":"ListItem","position":1,"name":"Home","item":"https:\/\/www.loka.si\/de\/"},{"@type":"ListItem","position":2,"name":"Bergwanderung"}]},{"@type":"WebSite","@id":"https:\/\/www.loka.si\/de\/#website","url":"https:\/\/www.loka.si\/de\/","name":"Turizem Loka","description":"","publisher":{"@id":"https:\/\/www.loka.si\/de\/#organization"},"potentialAction":[{"@type":"SearchAction","target":{"@type":"EntryPoint","urlTemplate":"https:\/\/www.loka.si\/de\/?s={search_term_string}"},"query-input":"required name=search_term_string"}],"inLanguage":"de"},{"@type":"Organization","@id":"https:\/\/www.loka.si\/de\/#organization","name":"Turizem Loka","url":"https:\/\/www.loka.si\/de\/","logo":{"@type":"ImageObject","inLanguage":"de","@id":"https:\/\/www.loka.si\/de\/#\/schema\/logo\/image\/","url":"https:\/\/www.loka.si\/wp-content\/uploads\/2022\/09\/Asset-1-2.webp","contentUrl":"https:\/\/www.loka.si\/wp-content\/uploads\/2022\/09\/Asset-1-2.webp","width":500,"height":550,"caption":"Turizem Loka"},"image":{"@id":"https:\/\/www.loka.si\/de\/#\/schema\/logo\/image\/"},"sameAs":["https:\/\/www.facebook.com\/turizemloka\/","https:\/\/www.instagram.com\/turizem_loka\/"]}]}},"_links":{"self":[{"href":"https:\/\/www.loka.si\/de\/wp-json\/wp\/v2\/pages\/6485"}],"collection":[{"href":"https:\/\/www.loka.si\/de\/wp-json\/wp\/v2\/pages"}],"about":[{"href":"https:\/\/www.loka.si\/de\/wp-json\/wp\/v2\/types\/page"}],"author":[{"embeddable":true,"href":"https:\/\/www.loka.si\/de\/wp-json\/wp\/v2\/users\/1"}],"replies":[{"embeddable":true,"href":"https:\/\/www.loka.si\/de\/wp-json\/wp\/v2\/comments?post=6485"}],"version-history":[{"count":4,"href":"https:\/\/www.loka.si\/de\/wp-json\/wp\/v2\/pages\/6485\/revisions"}],"predecessor-version":[{"id":7766,"href":"https:\/\/www.loka.si\/de\/wp-json\/wp\/v2\/pages\/6485\/revisions\/7766"}],"wp:attachment":[{"href":"https:\/\/www.loka.si\/de\/wp-json\/wp\/v2\/media?parent=6485"}],"curies":[{"name":"wp","href":"https:\/\/api.w.org\/{rel}","templated":true}]}}