{"id":6483,"date":"2022-07-27T07:30:38","date_gmt":"2022-07-27T07:30:38","guid":{"rendered":"https:\/\/www.loka.si\/uber-uns\/"},"modified":"2024-03-30T17:06:46","modified_gmt":"2024-03-30T17:06:46","slug":"uber-uns","status":"publish","type":"page","link":"https:\/\/www.loka.si\/de\/uber-uns\/","title":{"rendered":"\u00dcber uns"},"content":{"rendered":"\n<div class=\"wp-block-group o-nas has-primary-color has-text-color is-layout-flow\">\n<div class=\"wp-block-cover is-light\" style=\"min-height:500px\"><span aria-hidden=\"true\" class=\"wp-block-cover__background has-background-dim-20 has-background-dim\"><\/span><img decoding=\"async\" loading=\"lazy\" width=\"2560\" height=\"667\" class=\"wp-block-cover__image-background wp-image-5324\" alt=\"\" src=\"https:\/\/www.loka.si\/wp-content\/uploads\/2022\/08\/Banner-WEBP-scaled.webp\" style=\"object-position:36% 82%\" data-object-fit=\"cover\" data-object-position=\"36% 82%\" srcset=\"https:\/\/www.loka.si\/wp-content\/uploads\/2022\/08\/Banner-WEBP-scaled.webp 2560w, https:\/\/www.loka.si\/wp-content\/uploads\/2022\/08\/Banner-WEBP-300x78.webp 300w, https:\/\/www.loka.si\/wp-content\/uploads\/2022\/08\/Banner-WEBP-1024x267.webp 1024w, https:\/\/www.loka.si\/wp-content\/uploads\/2022\/08\/Banner-WEBP-768x200.webp 768w, https:\/\/www.loka.si\/wp-content\/uploads\/2022\/08\/Banner-WEBP-1536x400.webp 1536w, https:\/\/www.loka.si\/wp-content\/uploads\/2022\/08\/Banner-WEBP-2048x533.webp 2048w\" sizes=\"(max-width: 2560px) 100vw, 2560px\" \/><div class=\"wp-block-cover__inner-container\">\n<div class=\"wp-block-group container is-layout-flow\" style=\"padding-top:400px;padding-bottom:0px\">\n<p class=\"has-text-align-left has-white-color has-text-color has-link-color has-tiny-font-size wp-elements-b8663d0791ede0a1110bdbf1e28d6e2e\"><a href=\"https:\/\/www.loka.si\/de\/\" data-type=\"page\" data-id=\"5\">Startseite<\/a> &gt; \u00dcber uns<\/p>\n<\/div>\n<\/div><\/div>\n\n\n\n<div style=\"height:30px\" aria-hidden=\"true\" class=\"wp-block-spacer\"><\/div>\n\n\n\n<div class=\"wp-block-group o-nas-background is-layout-flow\">\n<div class=\"wp-block-cover is-light\"><span aria-hidden=\"true\" class=\"wp-block-cover__background has-white-background-color has-background-dim-70 has-background-dim\"><\/span><img decoding=\"async\" loading=\"lazy\" width=\"1011\" height=\"749\" class=\"wp-block-cover__image-background wp-image-4166\" alt=\"\" src=\"https:\/\/www.loka.si\/wp-content\/uploads\/2022\/08\/srcek-ikona-web.png\" data-object-fit=\"cover\" srcset=\"https:\/\/www.loka.si\/wp-content\/uploads\/2022\/08\/srcek-ikona-web.png 1011w, https:\/\/www.loka.si\/wp-content\/uploads\/2022\/08\/srcek-ikona-web-300x222.png 300w, https:\/\/www.loka.si\/wp-content\/uploads\/2022\/08\/srcek-ikona-web-768x569.png 768w\" sizes=\"(max-width: 1011px) 100vw, 1011px\" \/><div class=\"wp-block-cover__inner-container\">\n<div class=\"wp-block-group container is-layout-flow\">\n<figure class=\"wp-block-image size-large is-resized\"><img decoding=\"async\" src=\"https:\/\/www.loka.si\/wp-content\/uploads\/2022\/09\/Turizem-Loka-2021-2_logotip_ENG_horizontal_RGB_300dpi_positive_PRESS-1024x317.jpg\" alt=\"\" class=\"wp-image-6050\" width=\"430\" srcset=\"https:\/\/www.loka.si\/wp-content\/uploads\/2022\/09\/Turizem-Loka-2021-2_logotip_ENG_horizontal_RGB_300dpi_positive_PRESS-1024x317.jpg 1024w, https:\/\/www.loka.si\/wp-content\/uploads\/2022\/09\/Turizem-Loka-2021-2_logotip_ENG_horizontal_RGB_300dpi_positive_PRESS-300x93.jpg 300w, https:\/\/www.loka.si\/wp-content\/uploads\/2022\/09\/Turizem-Loka-2021-2_logotip_ENG_horizontal_RGB_300dpi_positive_PRESS-768x238.jpg 768w, https:\/\/www.loka.si\/wp-content\/uploads\/2022\/09\/Turizem-Loka-2021-2_logotip_ENG_horizontal_RGB_300dpi_positive_PRESS-1536x475.jpg 1536w, https:\/\/www.loka.si\/wp-content\/uploads\/2022\/09\/Turizem-Loka-2021-2_logotip_ENG_horizontal_RGB_300dpi_positive_PRESS-2048x634.jpg 2048w\" sizes=\"(max-width: 1024px) 100vw, 1024px\" \/><\/figure>\n\n\n\n<div style=\"height:30px\" aria-hidden=\"true\" class=\"wp-block-spacer\"><\/div>\n\n\n\n<div class=\"wp-block-group alignleft page-header-text is-layout-constrained wp-container-2\" style=\"padding-left:175px\">\n<h2 class=\"wp-block-heading has-primary-color has-text-color\">\u00dcBER UNS<\/h2>\n\n\n\n<p class=\"has-primary-color has-text-color\" style=\"line-height:1.4\">Turizem Loka hat eine ausgezeichnete Lage in der N\u00e4he vom Altstadtkern des mittelalterlichen \u0160kofja Loka, am Eintritt in das Sel\u0161ka Tal. Die Umgebung, reich an kulturellem und historischem Erbe, bietet zahlreiche Ausfl\u00fcge zu den Sehensw\u00fcrdigkeiten sowie eine abwechslungsreiche Freizeitgestaltung, wenn Sie sich auf einen der Themen-, Wander- oder Radwege begeben, Angeln, auf gut ausgestatteten Skigebieten Skifahren oder noch andere zahlreichen M\u00f6glichkeiten an sportlichen Aktivit\u00e4ten ausnutzen. Die Lage unserer Einrichtung ist auch ein ausgezeichneter Ausgangspunkt f\u00fcr den Besuch anderer slowenischer St\u00e4dte.<\/p>\n\n\n\n<p class=\"has-primary-color has-text-color\" style=\"line-height:1.4\">Wir bieten unseren G\u00e4sten nicht nur Unterkunft, sondern auch Erholung im Wellness Zentrum, Konferenzraum, Ausfl\u00fcge und Besichtigungen von Sehensw\u00fcrdigkeiten in der nahen oder ferner Umgebung.<\/p>\n<\/div>\n<\/div>\n\n\n\n<div style=\"height:100px\" aria-hidden=\"true\" class=\"wp-block-spacer\"><\/div>\n\n\n\n<div class=\"wp-block-group container page-media-cards is-layout-flow wp-container-7\">\n<div class=\"wp-block-columns are-vertically-aligned-center is-layout-flex wp-container-6\" style=\"padding-top:0px;padding-right:0px;padding-bottom:0px;padding-left:0px\">\n<div class=\"wp-block-column is-vertically-aligned-center text-center is-layout-constrained wp-container-4\" style=\"padding-top:0px;padding-right:0px;padding-bottom:0px;padding-left:0px;flex-basis:50%\">\n<figure class=\"wp-block-image size-large\"><img decoding=\"async\" loading=\"lazy\" width=\"1024\" height=\"768\" src=\"https:\/\/www.loka.si\/wp-content\/uploads\/2024\/03\/20221026_091451-1024x768.jpg\" alt=\"\" class=\"wp-image-10792\" srcset=\"https:\/\/www.loka.si\/wp-content\/uploads\/2024\/03\/20221026_091451-1024x768.jpg 1024w, https:\/\/www.loka.si\/wp-content\/uploads\/2024\/03\/20221026_091451-300x225.jpg 300w, https:\/\/www.loka.si\/wp-content\/uploads\/2024\/03\/20221026_091451-768x576.jpg 768w, https:\/\/www.loka.si\/wp-content\/uploads\/2024\/03\/20221026_091451-1536x1152.jpg 1536w, https:\/\/www.loka.si\/wp-content\/uploads\/2024\/03\/20221026_091451-2048x1536.jpg 2048w\" sizes=\"(max-width: 1024px) 100vw, 1024px\" \/><\/figure>\n<\/div>\n\n\n\n<div class=\"wp-block-column is-vertically-aligned-center is-layout-flow\" style=\"padding-top:0px;padding-right:80px;padding-left:45px;flex-basis:50%\">\n<h3 class=\"wp-block-heading has-primary-color has-text-color\">Angebot <\/h3>\n\n\n\n<pre class=\"wp-block-preformatted has-primary-color has-text-color\" style=\"line-height:1.4\">- \u00dcbernachtung mit Fr\u00fchst\u00fcck im Zimmer\n- Unterkunft in Appartements\n- Zimmer f\u00fcr Behinderte\n- Konferenzraum\n- Wellness\n- Ausfl\u00fcge\n- Transfer\n- Gesch\u00e4ft mit selbst hergestellten Produkten\n- kostenlose Parkpl\u00e4tze\n- gratis WIFI<\/pre>\n<\/div>\n<\/div>\n\n\n\n<div class=\"wp-block-essential-blocks-slider\"><div class=\"eb-parent-wrapper eb-parent-eb-slider-mh7jbg8 \"><div class=\"eb-slider-wrapper eb-slider-mh7jbg8\" data-settings=\"{&quot;arrows&quot;:true,&quot;adaptiveHeight&quot;:false,&quot;autoplay&quot;:false,&quot;autoplaySpeed&quot;:3000,&quot;dots&quot;:true,&quot;fade&quot;:false,&quot;infinite&quot;:false,&quot;pauseOnHover&quot;:true,&quot;slidesToShow&quot;:2,&quot;speed&quot;:500,&quot;initialSlide&quot;:0,&quot;vertical&quot;:false,&quot;responsive&quot;:[{&quot;breakpoint&quot;:1025,&quot;settings&quot;:{&quot;slidesToShow&quot;:1}},{&quot;breakpoint&quot;:767,&quot;settings&quot;:{&quot;slidesToShow&quot;:1}}]}\" data-images=\"[{&quot;url&quot;:&quot;https:\/\/www.loka.si\/wp-content\/uploads\/2024\/03\/MG_5262-scaled-e1710936694815.jpg&quot;,&quot;alt&quot;:&quot;&quot;,&quot;id&quot;:0,&quot;imageId&quot;:10602,&quot;caption&quot;:&quot;&quot;,&quot;title&quot;:&quot;Slider 1&quot;,&quot;subtitle&quot;:&quot;Essential Blocks Slider Subtitle&quot;,&quot;showButton&quot;:true,&quot;buttonText&quot;:&quot;See More&quot;,&quot;buttonUrl&quot;:&quot;&quot;,&quot;openNewTab&quot;:false,&quot;isValidUrl&quot;:true},{&quot;url&quot;:&quot;https:\/\/www.loka.si\/wp-content\/uploads\/2023\/07\/20230704_144536_75.webp&quot;,&quot;alt&quot;:&quot;&quot;,&quot;id&quot;:1,&quot;imageId&quot;:9719,&quot;caption&quot;:&quot;&quot;,&quot;title&quot;:&quot;Slider 2&quot;,&quot;subtitle&quot;:&quot;Essential Blocks Slider Subtitle&quot;,&quot;showButton&quot;:true,&quot;buttonText&quot;:&quot;See More&quot;,&quot;buttonUrl&quot;:&quot;&quot;,&quot;openNewTab&quot;:false,&quot;isValidUrl&quot;:true},{&quot;url&quot;:&quot;https:\/\/www.loka.si\/wp-content\/uploads\/2024\/03\/20240308_065512-scaled-e1711811693891.jpg&quot;,&quot;alt&quot;:&quot;&quot;,&quot;id&quot;:2,&quot;imageId&quot;:10776,&quot;caption&quot;:&quot;&quot;,&quot;title&quot;:&quot;Slider 3&quot;,&quot;subtitle&quot;:&quot;Essential Blocks Slider Subtitle&quot;,&quot;showButton&quot;:true,&quot;buttonText&quot;:&quot;See More&quot;,&quot;buttonUrl&quot;:&quot;&quot;,&quot;openNewTab&quot;:false,&quot;isValidUrl&quot;:true},{&quot;url&quot;:&quot;https:\/\/www.loka.si\/wp-content\/uploads\/2022\/08\/Turizem-Loka-children-playground-WEBP.webp&quot;,&quot;alt&quot;:&quot;Turizem Loka, otrosko igrisce&quot;,&quot;id&quot;:3,&quot;imageId&quot;:5343,&quot;caption&quot;:&quot;&quot;,&quot;title&quot;:&quot;Slider 4&quot;,&quot;subtitle&quot;:&quot;Essential Blocks Slider Subtitle&quot;,&quot;showButton&quot;:true,&quot;buttonText&quot;:&quot;See More&quot;,&quot;buttonUrl&quot;:&quot;&quot;,&quot;openNewTab&quot;:false,&quot;isValidUrl&quot;:true}]\" data-slidercontenttype=\"content-1\" data-slidertype=\"image\" data-textalign=\"left\"><div class=\"image\"><div class=\"eb-slider-item content-1\"><img decoding=\"async\" class=\"eb-slider-image\" src=\"https:\/\/www.loka.si\/wp-content\/uploads\/2024\/03\/MG_5262-scaled-e1710936694815.jpg\"\/><\/div><div class=\"eb-slider-item content-1\"><img decoding=\"async\" class=\"eb-slider-image\" src=\"https:\/\/www.loka.si\/wp-content\/uploads\/2023\/07\/20230704_144536_75.webp\"\/><\/div><div class=\"eb-slider-item content-1\"><img decoding=\"async\" class=\"eb-slider-image\" src=\"https:\/\/www.loka.si\/wp-content\/uploads\/2024\/03\/20240308_065512-scaled-e1711811693891.jpg\"\/><\/div><div class=\"eb-slider-item content-1\"><img decoding=\"async\" class=\"eb-slider-image\" src=\"https:\/\/www.loka.si\/wp-content\/uploads\/2022\/08\/Turizem-Loka-children-playground-WEBP.webp\"\/><\/div><\/div><\/div><\/div><\/div>\n<\/div>\n<\/div><\/div>\n<\/div>\n\n\n\n<div style=\"height:120px\" aria-hidden=\"true\" class=\"wp-block-spacer\"><\/div>\n\n\n\n<div class=\"wp-block-group container is-layout-flow wp-container-9\" style=\"padding-top:0px;padding-right:0px;padding-bottom:0px;padding-left:0px\">\n<figure class=\"wp-block-image aligncenter size-large\"><img decoding=\"async\" loading=\"lazy\" width=\"1024\" height=\"671\" src=\"https:\/\/www.loka.si\/wp-content\/uploads\/2022\/08\/mapa-slovenije-1024x671.png\" alt=\"\" class=\"wp-image-2309\" srcset=\"https:\/\/www.loka.si\/wp-content\/uploads\/2022\/08\/mapa-slovenije-1024x671.png 1024w, https:\/\/www.loka.si\/wp-content\/uploads\/2022\/08\/mapa-slovenije-300x197.png 300w, https:\/\/www.loka.si\/wp-content\/uploads\/2022\/08\/mapa-slovenije-768x503.png 768w, https:\/\/www.loka.si\/wp-content\/uploads\/2022\/08\/mapa-slovenije-1536x1006.png 1536w, https:\/\/www.loka.si\/wp-content\/uploads\/2022\/08\/mapa-slovenije-2048x1342.png 2048w\" sizes=\"(max-width: 1024px) 100vw, 1024px\" \/><\/figure>\n<\/div>\n<\/div>\n\n\n\n<div style=\"height:100px\" aria-hidden=\"true\" class=\"wp-block-spacer\"><\/div>\n\n\n\n<div class=\"wp-block-group container has-primary-color has-text-color is-layout-flow\">\n<div class=\"wp-block-columns is-layout-flex wp-container-12\">\n<div class=\"wp-block-column is-layout-flow\">\n<p><strong>SO FINDEN SIE UNS:<\/strong><\/p>\n\n\n\n<p>Mit dem Flugzeug:<br>Internationaler Flughafen Jo\u017ee Pu\u010dnik Ljubljana (Brnik) \u2013 Kranj \u2013 \u0160kofja Loka \u2013 Stara Loka: 21 km<\/p>\n\n\n\n<p>Mit dem Auto:<br>Richtung Ljubljana \u2013 \u0160kofja Loka \u2013 Stara Loka: 23 km<br>Richtung Karawankentunnel \u2013 Jesenice \u2013 \u0160kofja Loka \u2013 Stara Loka: 50 km<\/p>\n\n\n\n<p>Mit dem Zug:<br>Richtung Ljubljana oder Kranj \u2013 Ausstieg am \u0160kofja Loka Bahnhof \u2013 mit dem Bus nach \u0160kofja Loka Busstation, die zu Fu\u00df ca. 10 Minuten (500 m) entfernt ist.<\/p>\n\n\n\n<div style=\"height:150px\" aria-hidden=\"true\" class=\"wp-block-spacer\"><\/div>\n<\/div>\n<\/div>\n<\/div>\n","protected":false},"excerpt":{"rendered":"<p>SO FINDEN SIE UNS: Mit dem Flugzeug:Internationaler Flughafen Jo\u017ee Pu\u010dnik Ljubljana (Brnik) \u2013 Kranj \u2013 \u0160kofja Loka \u2013 Stara Loka: [&hellip;]<\/p>\n","protected":false},"author":1,"featured_media":0,"parent":0,"menu_order":0,"comment_status":"closed","ping_status":"closed","template":"","meta":{"_eb_attr":""},"yoast_head":"<!-- This site is optimized with the Yoast SEO plugin v20.8 - https:\/\/yoast.com\/wordpress\/plugins\/seo\/ -->\n<title>\u00dcber uns - Turizem Loka<\/title>\n<meta name=\"robots\" content=\"index, follow, max-snippet:-1, max-image-preview:large, max-video-preview:-1\" \/>\n<link rel=\"canonical\" href=\"https:\/\/www.loka.si\/de\/uber-uns\/\" \/>\n<meta property=\"og:locale\" content=\"de_DE\" \/>\n<meta property=\"og:type\" content=\"article\" \/>\n<meta property=\"og:title\" content=\"\u00dcber uns - Turizem Loka\" \/>\n<meta property=\"og:description\" content=\"SO FINDEN SIE UNS: Mit dem Flugzeug:Internationaler Flughafen Jo\u017ee Pu\u010dnik Ljubljana (Brnik) \u2013 Kranj \u2013 \u0160kofja Loka \u2013 Stara Loka: [&hellip;]\" \/>\n<meta property=\"og:url\" content=\"https:\/\/www.loka.si\/de\/uber-uns\/\" \/>\n<meta property=\"og:site_name\" content=\"Turizem Loka\" \/>\n<meta property=\"article:publisher\" content=\"https:\/\/www.facebook.com\/turizemloka\/\" \/>\n<meta property=\"article:modified_time\" content=\"2024-03-30T17:06:46+00:00\" \/>\n<meta property=\"og:image\" content=\"https:\/\/www.loka.si\/wp-content\/uploads\/2022\/08\/Banner-WEBP-scaled.webp\" \/>\n<meta name=\"twitter:card\" content=\"summary_large_image\" \/>\n<meta name=\"twitter:label1\" content=\"Gesch\u00e4tzte Lesezeit\" \/>\n\t<meta name=\"twitter:data1\" content=\"3\u00a0Minuten\" \/>\n<script type=\"application\/ld+json\" class=\"yoast-schema-graph\">{\"@context\":\"https:\/\/schema.org\",\"@graph\":[{\"@type\":\"WebPage\",\"@id\":\"https:\/\/www.loka.si\/de\/uber-uns\/\",\"url\":\"https:\/\/www.loka.si\/de\/uber-uns\/\",\"name\":\"\u00dcber uns - Turizem Loka\",\"isPartOf\":{\"@id\":\"https:\/\/www.loka.si\/de\/#website\"},\"datePublished\":\"2022-07-27T07:30:38+00:00\",\"dateModified\":\"2024-03-30T17:06:46+00:00\",\"breadcrumb\":{\"@id\":\"https:\/\/www.loka.si\/de\/uber-uns\/#breadcrumb\"},\"inLanguage\":\"de\",\"potentialAction\":[{\"@type\":\"ReadAction\",\"target\":[\"https:\/\/www.loka.si\/de\/uber-uns\/\"]}]},{\"@type\":\"BreadcrumbList\",\"@id\":\"https:\/\/www.loka.si\/de\/uber-uns\/#breadcrumb\",\"itemListElement\":[{\"@type\":\"ListItem\",\"position\":1,\"name\":\"Home\",\"item\":\"https:\/\/www.loka.si\/de\/\"},{\"@type\":\"ListItem\",\"position\":2,\"name\":\"\u00dcber uns\"}]},{\"@type\":\"WebSite\",\"@id\":\"https:\/\/www.loka.si\/de\/#website\",\"url\":\"https:\/\/www.loka.si\/de\/\",\"name\":\"Turizem Loka\",\"description\":\"\",\"publisher\":{\"@id\":\"https:\/\/www.loka.si\/de\/#organization\"},\"potentialAction\":[{\"@type\":\"SearchAction\",\"target\":{\"@type\":\"EntryPoint\",\"urlTemplate\":\"https:\/\/www.loka.si\/de\/?s={search_term_string}\"},\"query-input\":\"required name=search_term_string\"}],\"inLanguage\":\"de\"},{\"@type\":\"Organization\",\"@id\":\"https:\/\/www.loka.si\/de\/#organization\",\"name\":\"Turizem Loka\",\"url\":\"https:\/\/www.loka.si\/de\/\",\"logo\":{\"@type\":\"ImageObject\",\"inLanguage\":\"de\",\"@id\":\"https:\/\/www.loka.si\/de\/#\/schema\/logo\/image\/\",\"url\":\"https:\/\/www.loka.si\/wp-content\/uploads\/2022\/09\/Asset-1-2.webp\",\"contentUrl\":\"https:\/\/www.loka.si\/wp-content\/uploads\/2022\/09\/Asset-1-2.webp\",\"width\":500,\"height\":550,\"caption\":\"Turizem Loka\"},\"image\":{\"@id\":\"https:\/\/www.loka.si\/de\/#\/schema\/logo\/image\/\"},\"sameAs\":[\"https:\/\/www.facebook.com\/turizemloka\/\",\"https:\/\/www.instagram.com\/turizem_loka\/\"]}]}<\/script>\n<!-- \/ Yoast SEO plugin. -->","yoast_head_json":{"title":"\u00dcber uns - Turizem Loka","robots":{"index":"index","follow":"follow","max-snippet":"max-snippet:-1","max-image-preview":"max-image-preview:large","max-video-preview":"max-video-preview:-1"},"canonical":"https:\/\/www.loka.si\/de\/uber-uns\/","og_locale":"de_DE","og_type":"article","og_title":"\u00dcber uns - Turizem Loka","og_description":"SO FINDEN SIE UNS: Mit dem Flugzeug:Internationaler Flughafen Jo\u017ee Pu\u010dnik Ljubljana (Brnik) \u2013 Kranj \u2013 \u0160kofja Loka \u2013 Stara Loka: [&hellip;]","og_url":"https:\/\/www.loka.si\/de\/uber-uns\/","og_site_name":"Turizem Loka","article_publisher":"https:\/\/www.facebook.com\/turizemloka\/","article_modified_time":"2024-03-30T17:06:46+00:00","og_image":[{"url":"https:\/\/www.loka.si\/wp-content\/uploads\/2022\/08\/Banner-WEBP-scaled.webp"}],"twitter_card":"summary_large_image","twitter_misc":{"Gesch\u00e4tzte Lesezeit":"3\u00a0Minuten"},"schema":{"@context":"https:\/\/schema.org","@graph":[{"@type":"WebPage","@id":"https:\/\/www.loka.si\/de\/uber-uns\/","url":"https:\/\/www.loka.si\/de\/uber-uns\/","name":"\u00dcber uns - Turizem Loka","isPartOf":{"@id":"https:\/\/www.loka.si\/de\/#website"},"datePublished":"2022-07-27T07:30:38+00:00","dateModified":"2024-03-30T17:06:46+00:00","breadcrumb":{"@id":"https:\/\/www.loka.si\/de\/uber-uns\/#breadcrumb"},"inLanguage":"de","potentialAction":[{"@type":"ReadAction","target":["https:\/\/www.loka.si\/de\/uber-uns\/"]}]},{"@type":"BreadcrumbList","@id":"https:\/\/www.loka.si\/de\/uber-uns\/#breadcrumb","itemListElement":[{"@type":"ListItem","position":1,"name":"Home","item":"https:\/\/www.loka.si\/de\/"},{"@type":"ListItem","position":2,"name":"\u00dcber uns"}]},{"@type":"WebSite","@id":"https:\/\/www.loka.si\/de\/#website","url":"https:\/\/www.loka.si\/de\/","name":"Turizem Loka","description":"","publisher":{"@id":"https:\/\/www.loka.si\/de\/#organization"},"potentialAction":[{"@type":"SearchAction","target":{"@type":"EntryPoint","urlTemplate":"https:\/\/www.loka.si\/de\/?s={search_term_string}"},"query-input":"required name=search_term_string"}],"inLanguage":"de"},{"@type":"Organization","@id":"https:\/\/www.loka.si\/de\/#organization","name":"Turizem Loka","url":"https:\/\/www.loka.si\/de\/","logo":{"@type":"ImageObject","inLanguage":"de","@id":"https:\/\/www.loka.si\/de\/#\/schema\/logo\/image\/","url":"https:\/\/www.loka.si\/wp-content\/uploads\/2022\/09\/Asset-1-2.webp","contentUrl":"https:\/\/www.loka.si\/wp-content\/uploads\/2022\/09\/Asset-1-2.webp","width":500,"height":550,"caption":"Turizem Loka"},"image":{"@id":"https:\/\/www.loka.si\/de\/#\/schema\/logo\/image\/"},"sameAs":["https:\/\/www.facebook.com\/turizemloka\/","https:\/\/www.instagram.com\/turizem_loka\/"]}]}},"_links":{"self":[{"href":"https:\/\/www.loka.si\/de\/wp-json\/wp\/v2\/pages\/6483"}],"collection":[{"href":"https:\/\/www.loka.si\/de\/wp-json\/wp\/v2\/pages"}],"about":[{"href":"https:\/\/www.loka.si\/de\/wp-json\/wp\/v2\/types\/page"}],"author":[{"embeddable":true,"href":"https:\/\/www.loka.si\/de\/wp-json\/wp\/v2\/users\/1"}],"replies":[{"embeddable":true,"href":"https:\/\/www.loka.si\/de\/wp-json\/wp\/v2\/comments?post=6483"}],"version-history":[{"count":6,"href":"https:\/\/www.loka.si\/de\/wp-json\/wp\/v2\/pages\/6483\/revisions"}],"predecessor-version":[{"id":10804,"href":"https:\/\/www.loka.si\/de\/wp-json\/wp\/v2\/pages\/6483\/revisions\/10804"}],"wp:attachment":[{"href":"https:\/\/www.loka.si\/de\/wp-json\/wp\/v2\/media?parent=6483"}],"curies":[{"name":"wp","href":"https:\/\/api.w.org\/{rel}","templated":true}]}}