{"id":6481,"date":"2022-07-28T10:41:26","date_gmt":"2022-07-28T10:41:26","guid":{"rendered":"https:\/\/www.loka.si\/radfahren\/"},"modified":"2023-11-21T05:15:26","modified_gmt":"2023-11-21T05:15:26","slug":"radfahren","status":"publish","type":"page","link":"https:\/\/www.loka.si\/de\/radfahren\/","title":{"rendered":"Radfahren"},"content":{"rendered":"\n<div class=\"wp-block-group zanimivosti-page is-layout-flow\" style=\"padding-top:0px;padding-right:0px;padding-bottom:0px;padding-left:0px\">\n<div class=\"wp-block-group container page-media-cards has-primary-color has-text-color is-layout-flow wp-container-4\">\n<div class=\"wp-block-columns is-layout-flex wp-container-3\" style=\"padding-top:0px;padding-right:0px;padding-bottom:0px;padding-left:0px\">\n<div class=\"wp-block-column text-end is-layout-flow\" style=\"padding-top:0px;padding-right:0px;padding-bottom:0px;padding-left:0px;flex-basis:50%\">\n<figure class=\"wp-block-image size-full\"><img decoding=\"async\" src=\"https:\/\/www.loka.si\/wp-content\/uploads\/2022\/08\/kolesarjenje-1.jpg\" alt=\"\" class=\"wp-image-4253\"\/><\/figure>\n<\/div>\n\n\n\n<div class=\"wp-block-column is-layout-flow\" style=\"padding-top:45px;padding-right:50px;padding-left:45px;flex-basis:50%\">\n<h3 class=\"wp-block-heading\">Radfahren<\/h3>\n\n\n\n<p style=\"line-height:1.4\">Im Gebiet \u0160kofja Loka gibt es markierte <a href=\"https:\/\/www.visitskofjaloka.si\/de\/erlebnis\/988\" target=\"_blank\" rel=\"noreferrer noopener\"><strong>Radwege<\/strong><\/a> f\u00fcr k\u00fcrzere oder l\u00e4ngere Radtouren und unterschiedliche Anspr\u00fcche.<\/p>\n\n\n\n<p>Unser lokaler Anbieter <strong><a href=\"https:\/\/greenhills.si\/\" target=\"_blank\" rel=\"noreferrer noopener\">Greenhills Bike Tours Slowenien<\/a><\/strong> steht Ihnen f\u00fcr Fahrradtouren oder Fahrradverleih zur Verf\u00fcgung.<\/p>\n\n\n\n<figure class=\"wp-block-image size-full is-resized\"><a href=\"https:\/\/greenhills.si\/\" target=\"_blank\" rel=\"noreferrer noopener\"><img decoding=\"async\" loading=\"lazy\" src=\"https:\/\/www.loka.si\/wp-content\/uploads\/2023\/11\/image-1.png\" alt=\"\" class=\"wp-image-9930\" width=\"130\" height=\"73\" srcset=\"https:\/\/www.loka.si\/wp-content\/uploads\/2023\/11\/image-1.png 931w, https:\/\/www.loka.si\/wp-content\/uploads\/2023\/11\/image-1-300x170.png 300w, https:\/\/www.loka.si\/wp-content\/uploads\/2023\/11\/image-1-768x436.png 768w\" sizes=\"(max-width: 130px) 100vw, 130px\" \/><\/a><\/figure>\n<\/div>\n<\/div>\n<\/div>\n<\/div>\n","protected":false},"excerpt":{"rendered":"<p>Radfahren Im Gebiet \u0160kofja Loka gibt es markierte Radwege f\u00fcr k\u00fcrzere oder l\u00e4ngere Radtouren und unterschiedliche Anspr\u00fcche. Unser lokaler Anbieter [&hellip;]<\/p>\n","protected":false},"author":1,"featured_media":0,"parent":0,"menu_order":0,"comment_status":"closed","ping_status":"closed","template":"page-zanimivosti","meta":{"_eb_attr":""},"yoast_head":"<!-- This site is optimized with the Yoast SEO plugin v20.8 - https:\/\/yoast.com\/wordpress\/plugins\/seo\/ -->\n<title>Radfahren - Turizem Loka<\/title>\n<meta name=\"robots\" content=\"index, follow, max-snippet:-1, max-image-preview:large, max-video-preview:-1\" \/>\n<link rel=\"canonical\" href=\"https:\/\/www.loka.si\/de\/radfahren\/\" \/>\n<meta property=\"og:locale\" content=\"de_DE\" \/>\n<meta property=\"og:type\" content=\"article\" \/>\n<meta property=\"og:title\" content=\"Radfahren - Turizem Loka\" \/>\n<meta property=\"og:description\" content=\"Radfahren Im Gebiet \u0160kofja Loka gibt es markierte Radwege f\u00fcr k\u00fcrzere oder l\u00e4ngere Radtouren und unterschiedliche Anspr\u00fcche. Unser lokaler Anbieter [&hellip;]\" \/>\n<meta property=\"og:url\" content=\"https:\/\/www.loka.si\/de\/radfahren\/\" \/>\n<meta property=\"og:site_name\" content=\"Turizem Loka\" \/>\n<meta property=\"article:publisher\" content=\"https:\/\/www.facebook.com\/turizemloka\/\" \/>\n<meta property=\"article:modified_time\" content=\"2023-11-21T05:15:26+00:00\" \/>\n<meta property=\"og:image\" content=\"https:\/\/www.loka.si\/wp-content\/uploads\/2022\/08\/kolesarjenje-1.jpg\" \/>\n<meta name=\"twitter:card\" content=\"summary_large_image\" \/>\n<meta name=\"twitter:label1\" content=\"Gesch\u00e4tzte Lesezeit\" \/>\n\t<meta name=\"twitter:data1\" content=\"1\u00a0Minute\" \/>\n<script type=\"application\/ld+json\" class=\"yoast-schema-graph\">{\"@context\":\"https:\/\/schema.org\",\"@graph\":[{\"@type\":\"WebPage\",\"@id\":\"https:\/\/www.loka.si\/de\/radfahren\/\",\"url\":\"https:\/\/www.loka.si\/de\/radfahren\/\",\"name\":\"Radfahren - Turizem Loka\",\"isPartOf\":{\"@id\":\"https:\/\/www.loka.si\/de\/#website\"},\"datePublished\":\"2022-07-28T10:41:26+00:00\",\"dateModified\":\"2023-11-21T05:15:26+00:00\",\"breadcrumb\":{\"@id\":\"https:\/\/www.loka.si\/de\/radfahren\/#breadcrumb\"},\"inLanguage\":\"de\",\"potentialAction\":[{\"@type\":\"ReadAction\",\"target\":[\"https:\/\/www.loka.si\/de\/radfahren\/\"]}]},{\"@type\":\"BreadcrumbList\",\"@id\":\"https:\/\/www.loka.si\/de\/radfahren\/#breadcrumb\",\"itemListElement\":[{\"@type\":\"ListItem\",\"position\":1,\"name\":\"Home\",\"item\":\"https:\/\/www.loka.si\/de\/\"},{\"@type\":\"ListItem\",\"position\":2,\"name\":\"Radfahren\"}]},{\"@type\":\"WebSite\",\"@id\":\"https:\/\/www.loka.si\/de\/#website\",\"url\":\"https:\/\/www.loka.si\/de\/\",\"name\":\"Turizem Loka\",\"description\":\"\",\"publisher\":{\"@id\":\"https:\/\/www.loka.si\/de\/#organization\"},\"potentialAction\":[{\"@type\":\"SearchAction\",\"target\":{\"@type\":\"EntryPoint\",\"urlTemplate\":\"https:\/\/www.loka.si\/de\/?s={search_term_string}\"},\"query-input\":\"required name=search_term_string\"}],\"inLanguage\":\"de\"},{\"@type\":\"Organization\",\"@id\":\"https:\/\/www.loka.si\/de\/#organization\",\"name\":\"Turizem Loka\",\"url\":\"https:\/\/www.loka.si\/de\/\",\"logo\":{\"@type\":\"ImageObject\",\"inLanguage\":\"de\",\"@id\":\"https:\/\/www.loka.si\/de\/#\/schema\/logo\/image\/\",\"url\":\"https:\/\/www.loka.si\/wp-content\/uploads\/2022\/09\/Asset-1-2.webp\",\"contentUrl\":\"https:\/\/www.loka.si\/wp-content\/uploads\/2022\/09\/Asset-1-2.webp\",\"width\":500,\"height\":550,\"caption\":\"Turizem Loka\"},\"image\":{\"@id\":\"https:\/\/www.loka.si\/de\/#\/schema\/logo\/image\/\"},\"sameAs\":[\"https:\/\/www.facebook.com\/turizemloka\/\",\"https:\/\/www.instagram.com\/turizem_loka\/\"]}]}<\/script>\n<!-- \/ Yoast SEO plugin. -->","yoast_head_json":{"title":"Radfahren - Turizem Loka","robots":{"index":"index","follow":"follow","max-snippet":"max-snippet:-1","max-image-preview":"max-image-preview:large","max-video-preview":"max-video-preview:-1"},"canonical":"https:\/\/www.loka.si\/de\/radfahren\/","og_locale":"de_DE","og_type":"article","og_title":"Radfahren - Turizem Loka","og_description":"Radfahren Im Gebiet \u0160kofja Loka gibt es markierte Radwege f\u00fcr k\u00fcrzere oder l\u00e4ngere Radtouren und unterschiedliche Anspr\u00fcche. Unser lokaler Anbieter [&hellip;]","og_url":"https:\/\/www.loka.si\/de\/radfahren\/","og_site_name":"Turizem Loka","article_publisher":"https:\/\/www.facebook.com\/turizemloka\/","article_modified_time":"2023-11-21T05:15:26+00:00","og_image":[{"url":"https:\/\/www.loka.si\/wp-content\/uploads\/2022\/08\/kolesarjenje-1.jpg"}],"twitter_card":"summary_large_image","twitter_misc":{"Gesch\u00e4tzte Lesezeit":"1\u00a0Minute"},"schema":{"@context":"https:\/\/schema.org","@graph":[{"@type":"WebPage","@id":"https:\/\/www.loka.si\/de\/radfahren\/","url":"https:\/\/www.loka.si\/de\/radfahren\/","name":"Radfahren - Turizem Loka","isPartOf":{"@id":"https:\/\/www.loka.si\/de\/#website"},"datePublished":"2022-07-28T10:41:26+00:00","dateModified":"2023-11-21T05:15:26+00:00","breadcrumb":{"@id":"https:\/\/www.loka.si\/de\/radfahren\/#breadcrumb"},"inLanguage":"de","potentialAction":[{"@type":"ReadAction","target":["https:\/\/www.loka.si\/de\/radfahren\/"]}]},{"@type":"BreadcrumbList","@id":"https:\/\/www.loka.si\/de\/radfahren\/#breadcrumb","itemListElement":[{"@type":"ListItem","position":1,"name":"Home","item":"https:\/\/www.loka.si\/de\/"},{"@type":"ListItem","position":2,"name":"Radfahren"}]},{"@type":"WebSite","@id":"https:\/\/www.loka.si\/de\/#website","url":"https:\/\/www.loka.si\/de\/","name":"Turizem Loka","description":"","publisher":{"@id":"https:\/\/www.loka.si\/de\/#organization"},"potentialAction":[{"@type":"SearchAction","target":{"@type":"EntryPoint","urlTemplate":"https:\/\/www.loka.si\/de\/?s={search_term_string}"},"query-input":"required name=search_term_string"}],"inLanguage":"de"},{"@type":"Organization","@id":"https:\/\/www.loka.si\/de\/#organization","name":"Turizem Loka","url":"https:\/\/www.loka.si\/de\/","logo":{"@type":"ImageObject","inLanguage":"de","@id":"https:\/\/www.loka.si\/de\/#\/schema\/logo\/image\/","url":"https:\/\/www.loka.si\/wp-content\/uploads\/2022\/09\/Asset-1-2.webp","contentUrl":"https:\/\/www.loka.si\/wp-content\/uploads\/2022\/09\/Asset-1-2.webp","width":500,"height":550,"caption":"Turizem Loka"},"image":{"@id":"https:\/\/www.loka.si\/de\/#\/schema\/logo\/image\/"},"sameAs":["https:\/\/www.facebook.com\/turizemloka\/","https:\/\/www.instagram.com\/turizem_loka\/"]}]}},"_links":{"self":[{"href":"https:\/\/www.loka.si\/de\/wp-json\/wp\/v2\/pages\/6481"}],"collection":[{"href":"https:\/\/www.loka.si\/de\/wp-json\/wp\/v2\/pages"}],"about":[{"href":"https:\/\/www.loka.si\/de\/wp-json\/wp\/v2\/types\/page"}],"author":[{"embeddable":true,"href":"https:\/\/www.loka.si\/de\/wp-json\/wp\/v2\/users\/1"}],"replies":[{"embeddable":true,"href":"https:\/\/www.loka.si\/de\/wp-json\/wp\/v2\/comments?post=6481"}],"version-history":[{"count":6,"href":"https:\/\/www.loka.si\/de\/wp-json\/wp\/v2\/pages\/6481\/revisions"}],"predecessor-version":[{"id":9947,"href":"https:\/\/www.loka.si\/de\/wp-json\/wp\/v2\/pages\/6481\/revisions\/9947"}],"wp:attachment":[{"href":"https:\/\/www.loka.si\/de\/wp-json\/wp\/v2\/media?parent=6481"}],"curies":[{"name":"wp","href":"https:\/\/api.w.org\/{rel}","templated":true}]}}